
{"id":3,"date":"2024-01-19T12:49:03","date_gmt":"2024-01-19T11:49:03","guid":{"rendered":"https:\/\/socap.nl\/?page_id=3"},"modified":"2025-03-07T19:35:14","modified_gmt":"2025-03-07T18:35:14","slug":"privacy-policies","status":"publish","type":"page","link":"https:\/\/socap.nl\/fr\/politiques-en-matiere-de-protection-de-la-vie-privee\/","title":{"rendered":"Politiques de confidentialit\u00e9"},"content":{"rendered":"<div data-elementor-type=\"wp-page\" data-elementor-id=\"3\" class=\"elementor elementor-3\">\n\t\t\t\t<div class=\"elementor-element elementor-element-6943270 e-flex e-con-boxed e-con e-parent\" data-id=\"6943270\" data-element_type=\"container\" data-e-type=\"container\">\n\t\t\t\t\t<div class=\"e-con-inner\">\n\t\t<div class=\"elementor-element elementor-element-12951e9 e-flex e-con-boxed e-con e-child\" data-id=\"12951e9\" data-element_type=\"container\" data-e-type=\"container\" data-settings=\"{&quot;background_background&quot;:&quot;classic&quot;}\">\n\t\t\t\t\t<div class=\"e-con-inner\">\n\t\t\t\t<div class=\"elementor-element elementor-element-db565b4 elementor-widget-divider--view-line_text elementor-widget-divider--element-align-center elementor-widget elementor-widget-divider\" data-id=\"db565b4\" data-element_type=\"widget\" data-e-type=\"widget\" data-widget_type=\"divider.default\">\n\t\t\t\t<div class=\"elementor-widget-container\">\n\t\t\t\t\t\t\t<div class=\"elementor-divider\">\n\t\t\t<span class=\"elementor-divider-separator\">\n\t\t\t\t\t\t\t<span class=\"elementor-divider__text elementor-divider__element\">\n\t\t\t\tPolitiques de confidentialit\u00e9\t\t\t\t<\/span>\n\t\t\t\t\t\t<\/span>\n\t\t<\/div>\n\t\t\t\t\t\t<\/div>\n\t\t\t\t<\/div>\n\t\t<div class=\"elementor-element elementor-element-7f17f56 e-flex e-con-boxed e-con e-child\" data-id=\"7f17f56\" data-element_type=\"container\" data-e-type=\"container\">\n\t\t\t\t\t<div class=\"e-con-inner\">\n\t\t\t\t<div class=\"elementor-element elementor-element-262b8d0 elementor-widget elementor-widget-text-editor\" data-id=\"262b8d0\" data-element_type=\"widget\" data-e-type=\"widget\" data-widget_type=\"text-editor.default\">\n\t\t\t\t<div class=\"elementor-widget-container\">\n\t\t\t\t\t\t\t\t\t<h2><span style=\"font-size: 17px; font-style: inherit; font-weight: inherit; text-align: var(--text-align); background-color: var( --e-global-color-secondary ); color: var(--ast-global-color-3); font-family: Figtree, sans-serif;\">Les exploitants de ces pages prennent tr\u00e8s au s\u00e9rieux la protection de vos donn\u00e9es personnelles. Nous traitons vos donn\u00e9es personnelles de mani\u00e8re confidentielle et conform\u00e9ment aux dispositions l\u00e9gales en mati\u00e8re de protection des donn\u00e9es et \u00e0 la pr\u00e9sente d\u00e9claration de protection des donn\u00e9es.<\/span><\/h2>\nEn r\u00e8gle g\u00e9n\u00e9rale, il est possible d'utiliser notre site web sans fournir de donn\u00e9es personnelles. Dans la mesure o\u00f9 des donn\u00e9es personnelles (par exemple le nom, l'adresse ou l'adresse \u00e9lectronique) sont collect\u00e9es sur nos pages, cela se fait toujours sur une base volontaire, dans la mesure du possible. Ces donn\u00e9es ne seront pas transmises \u00e0 des tiers sans votre autorisation expresse.\n\nNous attirons l'attention sur le fait que la transmission de donn\u00e9es sur l'internet (par exemple la communication par courrier \u00e9lectronique) peut pr\u00e9senter des lacunes en mati\u00e8re de s\u00e9curit\u00e9. Une protection totale des donn\u00e9es contre l'acc\u00e8s par des tiers n'est pas possible.\nCookies Certaines pages Internet utilisent des \"cookies\". Les cookies n'endommagent pas votre ordinateur et ne contiennent pas de virus. Les cookies servent \u00e0 rendre notre offre plus conviviale, plus efficace et plus s\u00fbre. Les cookies sont de petits fichiers texte qui sont stock\u00e9s sur votre ordinateur et m\u00e9moris\u00e9s par votre navigateur.\n\nLa plupart des cookies que nous utilisons sont des \"cookies de session\". Ils sont automatiquement supprim\u00e9s \u00e0 la fin de votre visite. D'autres cookies restent stock\u00e9s sur votre appareil jusqu'\u00e0 ce que vous les supprimiez. Ces cookies nous permettent de reconna\u00eetre votre navigateur lors de votre prochaine visite.\n\nVous pouvez configurer votre navigateur de mani\u00e8re \u00e0 \u00eatre inform\u00e9 de la mise en place de cookies et \u00e0 n'autoriser les cookies que dans certains cas, \u00e0 exclure l'acceptation des cookies dans certains cas ou de mani\u00e8re g\u00e9n\u00e9rale et \u00e0 activer la suppression automatique des cookies \u00e0 la fermeture du navigateur. Si vous d\u00e9sactivez les cookies, la fonctionnalit\u00e9 de ce site web peut \u00eatre limit\u00e9e.\nFichiers journaux du serveur Le fournisseur des pages collecte et stocke automatiquement des informations dans ce que l'on appelle les fichiers journaux du serveur, que votre navigateur nous transmet automatiquement. Ces fichiers sont les suivants\n<ul>\n \t<li>type de navigateur\/version du navigateur<\/li>\n \t<li>syst\u00e8me d'exploitation utilis\u00e9<\/li>\n \t<li>URL du r\u00e9f\u00e9rent<\/li>\n \t<li>le nom d'h\u00f4te de l'ordinateur qui y acc\u00e8de<\/li>\n \t<li>heure de la demande du serveur<\/li>\n<\/ul>\nCes donn\u00e9es ne peuvent pas \u00eatre attribu\u00e9es \u00e0 des personnes sp\u00e9cifiques. Ces donn\u00e9es ne sont pas fusionn\u00e9es avec d'autres sources de donn\u00e9es. Nous nous r\u00e9servons le droit de v\u00e9rifier ces donn\u00e9es ult\u00e9rieurement s'il existe des indices concrets d'une utilisation ill\u00e9gale.\n\n<b><u>Collecte et utilisation des donn\u00e9es pour le traitement des contrats et l'ouverture d'un compte client :<\/u><\/b>\n\nNous collectons des donn\u00e9es personnelles lorsque vous nous les fournissez volontairement dans le cadre de votre commande, lorsque vous nous contactez (par exemple via un formulaire de contact ou un e-mail) ou lors de l'ouverture d'un compte client. Vous pouvez voir quelles donn\u00e9es sont collect\u00e9es sur les formulaires de saisie correspondants. Nous utilisons les donn\u00e9es que vous nous fournissez pour ex\u00e9cuter le contrat et r\u00e9pondre \u00e0 vos questions. Apr\u00e8s l'ex\u00e9cution compl\u00e8te du contrat ou la suppression de votre compte client, l'utilisation ult\u00e9rieure de vos donn\u00e9es est bloqu\u00e9e et celles-ci sont supprim\u00e9es \u00e0 l'expiration des d\u00e9lais de conservation pr\u00e9vus par le droit fiscal et le droit commercial, \u00e0 moins que vous n'ayez express\u00e9ment consenti \u00e0 une utilisation ult\u00e9rieure de vos donn\u00e9es ou que nous nous r\u00e9servions le droit de traiter les donn\u00e9es ult\u00e9rieurement. La suppression de votre compte client est possible \u00e0 tout moment et peut \u00eatre effectu\u00e9e en envoyant un message \u00e0 l'option de contact d\u00e9crite ci-dessous ou via une fonction pr\u00e9vue \u00e0 cet effet dans le compte client.\n\n<strong><u>Coordonn\u00e9es de la personne \u00e0 contacter :\n<\/u><\/strong>RA Zardavani\nKasteellaan 79 A\n6415 HN Heerlen\nTel : +31 (0)45 561 11 12\nCourriel : info@socap.nl\n\n<b><u>Transfert de donn\u00e9es pour l'ex\u00e9cution du contrat :<\/u><\/b>\n\nPour l'ex\u00e9cution du contrat, nous transmettons vos donn\u00e9es \u00e0 l'entreprise de transport charg\u00e9e de la livraison, dans la mesure o\u00f9 cela est n\u00e9cessaire pour la livraison des marchandises command\u00e9es. Pour le traitement des paiements, nous transmettons les donn\u00e9es de paiement n\u00e9cessaires \u00e0 l'\u00e9tablissement de cr\u00e9dit charg\u00e9 du paiement et, le cas \u00e9ch\u00e9ant, au prestataire de services de paiement que nous avons d\u00e9sign\u00e9 ou au service de paiement que vous avez choisi lors du processus de commande.\nFormulaire de contact Si vous nous envoyez une demande par l'interm\u00e9diaire du formulaire de contact, nous enregistrons les donn\u00e9es du formulaire de demande, y compris les coordonn\u00e9es que vous y indiquez, dans le but de traiter la demande et de r\u00e9pondre aux questions de suivi. Nous ne transmettons pas ces informations sans votre autorisation.\n\n<u><b>Donn\u00e9es de la lettre d'information :<\/b><\/u>\n\nSi vous souhaitez recevoir la lettre d'information propos\u00e9e sur le site web, nous avons besoin d'une adresse \u00e9lectronique de votre part et d'informations nous permettant de v\u00e9rifier si vous \u00eates le propri\u00e9taire de l'adresse \u00e9lectronique fournie et si vous acceptez de recevoir la lettre d'information. Aucune autre donn\u00e9e n'est collect\u00e9e. Nous utilisons ces donn\u00e9es exclusivement pour envoyer les informations demand\u00e9es et ne les transmettons pas \u00e0 des tiers.\nVous pouvez \u00e0 tout moment r\u00e9voquer votre consentement \u00e0 l'enregistrement des donn\u00e9es, de l'adresse \u00e9lectronique et \u00e0 leur utilisation pour l'envoi de la lettre d'information, par exemple en cliquant sur le lien \"se d\u00e9sabonner\" figurant dans la lettre d'information.\n\n<u><b>Politique de confidentialit\u00e9 pour l'utilisation de Google Analytics :<\/b><\/u>\n\nCe site utilise des fonctions du service d'analyse web Google Analytics. Le fournisseur est Google Inc. 1600 Amphitheater Parkway Mountain View, CA 94043, USA Google Analytics utilise des \"cookies\". Il s'agit de fichiers texte qui sont stock\u00e9s sur votre ordinateur et qui permettent d'analyser votre utilisation du site Internet. Les informations g\u00e9n\u00e9r\u00e9es par les cookies concernant votre utilisation de ce site Internet sont g\u00e9n\u00e9ralement transmises \u00e0 un serveur de Google aux \u00c9tats-Unis et y sont stock\u00e9es.\n\nToutefois, si l'anonymisation de l'adresse IP est activ\u00e9e sur ce site, votre adresse IP sera pr\u00e9alablement raccourcie par Google au sein des \u00c9tats membres de l'Union europ\u00e9enne ou dans d'autres \u00c9tats signataires de l'accord sur l'Espace \u00e9conomique europ\u00e9en. Ce n'est que dans des cas exceptionnels que l'adresse IP compl\u00e8te sera transmise \u00e0 un serveur de Google aux \u00c9tats-Unis et y sera raccourcie. Au nom de l'exploitant de ce site, Google utilisera ces informations pour \u00e9valuer votre utilisation du site, pour compiler des rapports sur les activit\u00e9s du site et pour fournir \u00e0 l'exploitant du site d'autres services li\u00e9s \u00e0 l'utilisation du site et d'Internet. L'adresse IP transmise par votre navigateur dans le cadre de Google Analytics ne sera pas fusionn\u00e9e avec d'autres donn\u00e9es de Google.\nVous pouvez refuser l'utilisation de cookies en s\u00e9lectionnant les param\u00e8tres appropri\u00e9s dans votre navigateur. Nous attirons toutefois votre attention sur le fait que, dans ce cas, vous ne pourrez peut-\u00eatre pas utiliser toutes les fonctionnalit\u00e9s de ce site web. Vous pouvez \u00e9galement emp\u00eacher la collecte par Google des donn\u00e9es g\u00e9n\u00e9r\u00e9es par les cookies et li\u00e9es \u00e0 votre utilisation du site (y compris votre adresse IP), ainsi que le traitement de ces donn\u00e9es par Google, en t\u00e9l\u00e9chargeant et en installant le plugin de navigateur disponible \u00e0 partir du lien suivant :\u00a0<a href=\"http:\/\/tools.google.com\/dlpage\/gaoptout?hl=de\" target=\"_blank\" rel=\"noopener\">http:\/\/tools.google.com\/dlpage\/gaoptout?hl=de<\/a>\u00a0.\n\n<b><u>D\u00e9claration de protection des donn\u00e9es pour l'utilisation des plugins Facebook (bouton \"J'aime\") :<\/u><\/b>\n\nDes plugins du r\u00e9seau social Facebook, fournisseur Facebook Inc. 1 Hacker Way, Menlo Park, California 94025, USA, sont int\u00e9gr\u00e9s sur nos pages. Les plugins Facebook sont reconnaissables au logo Facebook ou au bouton \"J'aime\" (\"Like\") sur notre page. Vous trouverez ici un aper\u00e7u des plugins Facebook :\u00a0<a href=\"http:\/\/developers.facebook.com\/docs\/plugins\/\" target=\"_blank\" rel=\"noopener\">http:\/\/developers.facebook.com\/docs\/plugins\/<\/a>\u00a0.\nLorsque vous visitez nos pages, une connexion directe entre votre navigateur et le serveur Facebook est \u00e9tablie via le plug-in. Facebook re\u00e7oit ainsi l'information que vous avez visit\u00e9 notre site avec votre adresse IP. Si vous cliquez sur le bouton \"J'aime\" de Facebook alors que vous \u00eates connect\u00e9 \u00e0 votre compte Facebook, vous pouvez relier le contenu de nos pages \u00e0 votre profil Facebook. Facebook peut ainsi associer la visite de nos pages \u00e0 votre compte d'utilisateur. Nous attirons votre attention sur le fait qu'en tant que fournisseur des pages, nous n'avons aucune connaissance du contenu des donn\u00e9es transmises ni de leur utilisation par Facebook. Pour plus d'informations, consultez la politique de confidentialit\u00e9 de Facebook \u00e0 l'adresse suivante\u00a0<a href=\"http:\/\/de-de.facebook.com\/policy.php\" target=\"_blank\" rel=\"noopener\">http:\/\/de-de.facebook.com\/policy.php<\/a>\u00a0.\nSi vous ne souhaitez pas que Facebook associe votre visite de nos pages \u00e0 votre compte d'utilisateur Facebook, veuillez vous d\u00e9connecter de votre compte d'utilisateur Facebook.\n\n<b><u>D\u00e9claration de protection des donn\u00e9es pour l'utilisation de Twitter :<\/u><\/b>\n\nDes fonctions du service Twitter sont int\u00e9gr\u00e9es sur nos pages. Ces fonctions sont fournies par Twitter Inc, 1355 Market Street, Suite 900, San Francisco, CA 94103, USA. En utilisant Twitter et la fonction \"Re-Tweet\", les sites web que vous visitez sont li\u00e9s \u00e0 votre compte Twitter et port\u00e9s \u00e0 la connaissance d'autres utilisateurs. Les donn\u00e9es sont \u00e9galement transmises \u00e0 Twitter. Nous attirons l'attention sur le fait qu'en tant que fournisseur des pages, nous n'avons aucune connaissance du contenu des donn\u00e9es transmises et de leur utilisation par Twitter. Vous trouverez de plus amples informations \u00e0 ce sujet dans la politique de confidentialit\u00e9 de Twitter \u00e0 l'adresse suivante\u00a0<a href=\"http:\/\/twitter.com\/privacy\" target=\"_blank\" rel=\"noopener\">http:\/\/twitter.com\/privacy<\/a>\u00a0.\nVous pouvez modifier vos param\u00e8tres de confidentialit\u00e9 sur Twitter dans les param\u00e8tres du compte \u00e0 l'adresse suivante\u00a0<a href=\"http:\/\/twitter.com\/account\/settings\" target=\"_blank\" rel=\"noopener\">http:\/\/twitter.com\/account\/settings<\/a>\u00a0.\n\n<b><u>R\u00e8gles de confidentialit\u00e9 pour l'utilisation de Google +1 :<\/u><\/b>\n\nNos pages utilisent les fonctionnalit\u00e9s de Google +1. Le fournisseur est Google Inc. 1600 Amphitheater Parkway Mountain View, CA 94043, USA.\nCollecte et diffusion d'informations :\n\nLe bouton Google +1 vous permet de publier des informations dans le monde entier. Gr\u00e2ce au bouton Google +1, vous et d'autres utilisateurs recevez des contenus personnalis\u00e9s de Google et de ses partenaires. Google enregistre \u00e0 la fois l'information selon laquelle vous avez donn\u00e9 un +1 \u00e0 un contenu et des informations sur la page que vous avez consult\u00e9e lorsque vous avez cliqu\u00e9 sur +1. Vos +1 peuvent appara\u00eetre sous forme de notifications avec votre nom de profil et votre photo dans les services Google, par exemple dans les r\u00e9sultats de recherche ou dans votre profil Google, ou encore sur des sites web et dans des publicit\u00e9s sur Internet. Google enregistre des informations sur vos activit\u00e9s +1 afin d'am\u00e9liorer les services Google pour vous et pour les autres. Pour utiliser le bouton Google +1, vous devez disposer d'un profil Google public et visible dans le monde entier, qui doit contenir au moins le nom choisi pour le profil. Ce nom est utilis\u00e9 dans tous les services Google. Dans certains cas, ce nom peut \u00e9galement remplacer un autre nom que vous avez utilis\u00e9 pour partager des contenus via votre compte Google. L'identit\u00e9 de votre profil Google peut \u00eatre affich\u00e9e aux utilisateurs qui connaissent votre adresse e-mail ou d'autres informations permettant de vous identifier.\n\n<b><u>Utilisation des informations collect\u00e9es :<\/u><\/b>\n\nOutre les utilisations d\u00e9crites ci-dessus, les informations que vous fournissez seront utilis\u00e9es conform\u00e9ment \u00e0 la politique de confidentialit\u00e9 de Google en vigueur. Google peut publier des statistiques globales sur les activit\u00e9s +1 des utilisateurs ou les partager avec des utilisateurs et des partenaires, tels que des \u00e9diteurs, des annonceurs ou des sites web affili\u00e9s.\nD\u00e9claration de protection des donn\u00e9es pour l'utilisation d'Instagram Nos pages int\u00e8grent des fonctions du service Instagram. Ces fonctions sont mises \u00e0 disposition par Instagram Inc, 1601 Willow Road, Menlo Park, CA, 94025, \u00c9tats-Unis. Si vous \u00eates connect\u00e9 \u00e0 votre compte Instagram, vous pouvez relier les contenus de nos pages \u00e0 votre profil Instagram en cliquant sur le bouton Instagram. Instagram peut ainsi associer la visite de nos pages \u00e0 votre compte d'utilisateur. Nous attirons l'attention sur le fait qu'en tant que fournisseur des pages, nous n'avons aucune connaissance du contenu des donn\u00e9es transmises ni de leur utilisation par Instagram.\n\nVous trouverez de plus amples informations \u00e0 ce sujet dans la politique de confidentialit\u00e9 d'Instagram :\u00a0<a href=\"http:\/\/instagram.com\/about\/legal\/privacy\/\" target=\"_blank\" rel=\"noopener\">http:\/\/instagram.com\/about\/legal\/privacy\/<\/a>\u00a0.\n\n<u><b>Politique de confidentialit\u00e9 pour l'utilisation de LinkedIn :<\/b><\/u>\n\nNotre site web utilise des fonctions du r\u00e9seau LinkedIn. Le fournisseur est LinkedIn Corporation, 2029 Stierlin Court, Mountain View, CA 94043, USA. Chaque fois qu'une de nos pages avec des fonctions LinkedIn est ouverte, une connexion est \u00e9tablie avec les serveurs de LinkedIn. LinkedIn est inform\u00e9 que vous avez visit\u00e9 notre site web par votre adresse IP. Si vous cliquez sur le bouton \"Recommander\" de LinkedIn et que vous \u00eates connect\u00e9 \u00e0 votre compte LinkedIn, LinkedIn peut associer votre visite sur notre site web \u00e0 vous et \u00e0 votre compte d'utilisateur. Nous attirons votre attention sur le fait qu'en tant que fournisseur des pages, nous n'avons aucune connaissance du contenu des donn\u00e9es transmises ni de leur utilisation par LinkedIn.\nVous trouverez de plus amples informations \u00e0 ce sujet dans la d\u00e9claration de protection des donn\u00e9es de LinkedIn \u00e0 l'adresse suivante :\u00a0<a href=\"https:\/\/www.linkedin.com\/legal\/privacy-policy\" target=\"_blank\" rel=\"noopener\">https:\/\/www.linkedin.com\/legal\/privacy-policy<\/a>\u00a0.\n\n<b><u>D\u00e9claration de protection des donn\u00e9es pour l'utilisation de Pinterest :<\/u><\/b>\n\nSur notre site web, nous utilisons des plugins sociaux du r\u00e9seau social Pinterest, qui est exploit\u00e9 par Pinterest Inc, 635 High Street, Palo Alto, CA, 94301, \u00c9tats-Unis (\"Pinterest\"). Lorsque vous appelez une page qui contient un tel plugin, votre navigateur \u00e9tablit une connexion directe avec les serveurs de Pinterest. Le plugin transmet des donn\u00e9es de journal au serveur de Pinterest aux \u00c9tats-Unis. Ces donn\u00e9es de journal peuvent inclure votre adresse IP, l'adresse des sites Web visit\u00e9s qui contiennent \u00e9galement des fonctionnalit\u00e9s de Pinterest, le type et les param\u00e8tres du navigateur, la date et l'heure de la demande, la fa\u00e7on dont vous utilisez Pinterest et les cookies.\nVous trouverez de plus amples informations sur l'objectif, la port\u00e9e, le traitement ult\u00e9rieur et l'utilisation des donn\u00e9es par Pinterest, ainsi que sur vos droits \u00e0 cet \u00e9gard et les possibilit\u00e9s de protection de votre vie priv\u00e9e, dans les informations sur la protection des donn\u00e9es de Pinterest : https:\/\/.\u00a0<a href=\"https:\/\/about.pinterest.com\/de\/privacy-policy\" target=\"_blank\" rel=\"noopener\">about .pinterest.com\/de\/privacy-policy<\/a>\u00a0.\n\n<b><u>Information, suppression, blocage :<\/u><\/b>\n\nVous avez \u00e0 tout moment le droit d'obtenir des informations gratuites sur vos donn\u00e9es personnelles enregistr\u00e9es, leur origine et leur destinataire, ainsi que sur la finalit\u00e9 du traitement des donn\u00e9es, et le droit de corriger, de bloquer ou de supprimer ces donn\u00e9es. \u00c0 cette fin et pour toute autre question concernant les donn\u00e9es personnelles, vous pouvez nous contacter \u00e0 tout moment \u00e0 l'adresse indiqu\u00e9e dans les mentions l\u00e9gales.\n\n<u><b>Objection aux courriels publicitaires :<\/b><\/u>\n\nNous nous opposons par la pr\u00e9sente \u00e0 l'utilisation des donn\u00e9es de contact publi\u00e9es dans le cadre de l'obligation de mentions l\u00e9gales pour l'envoi de publicit\u00e9 et de mat\u00e9riel d'information qui n'ont pas \u00e9t\u00e9 express\u00e9ment demand\u00e9s. Les exploitants des pages se r\u00e9servent express\u00e9ment le droit d'intenter une action en justice en cas d'envoi non sollicit\u00e9 d'informations publicitaires, par exemple par le biais de courriers \u00e9lectroniques non sollicit\u00e9s.<br><br>\n\n<a href=\"https:\/\/fixdigital.de\" target=\"_blank\" rel=\"noopener\">Con\u00e7u par FIX Digital Onboarding Solution Group<\/a>\t\t\t\t\t\t\t\t<\/div>\n\t\t\t\t<\/div>\n\t\t\t\t\t<\/div>\n\t\t\t\t<\/div>\n\t\t\t\t\t<\/div>\n\t\t\t\t<\/div>\n\t\t\t\t\t<\/div>\n\t\t\t\t<\/div>\n\t\t\t\t<\/div>","protected":false},"excerpt":{"rendered":"<p>Privacy Policies The operators of these pages take the protection of your personal data very seriously. We treat your personal data confidentially and in accordance with statutory data protection regulations and this data protection declaration. As a rule, it is possible to use our website without providing personal data.\u00a0To the extent that personal data (e.g. [&hellip;]<\/p>\n","protected":false},"author":1,"featured_media":0,"parent":0,"menu_order":0,"comment_status":"closed","ping_status":"closed","template":"","meta":{"footnotes":""},"class_list":["post-3","page","type-page","status-publish","hentry"],"_links":{"self":[{"href":"https:\/\/socap.nl\/fr\/wp-json\/wp\/v2\/pages\/3","targetHints":{"allow":["GET"]}}],"collection":[{"href":"https:\/\/socap.nl\/fr\/wp-json\/wp\/v2\/pages"}],"about":[{"href":"https:\/\/socap.nl\/fr\/wp-json\/wp\/v2\/types\/page"}],"author":[{"embeddable":true,"href":"https:\/\/socap.nl\/fr\/wp-json\/wp\/v2\/users\/1"}],"replies":[{"embeddable":true,"href":"https:\/\/socap.nl\/fr\/wp-json\/wp\/v2\/comments?post=3"}],"version-history":[{"count":0,"href":"https:\/\/socap.nl\/fr\/wp-json\/wp\/v2\/pages\/3\/revisions"}],"wp:attachment":[{"href":"https:\/\/socap.nl\/fr\/wp-json\/wp\/v2\/media?parent=3"}],"curies":[{"name":"wp","href":"https:\/\/api.w.org\/{rel}","templated":true}]}}