
{"id":584,"date":"2020-10-13T06:47:01","date_gmt":"2020-10-13T06:47:01","guid":{"rendered":"http:\/\/localhost\/razzi\/?page_id=584"},"modified":"2025-01-24T10:00:06","modified_gmt":"2025-01-24T09:00:06","slug":"contact-us","status":"publish","type":"page","link":"https:\/\/socap.nl\/fr\/nous-contacter\/","title":{"rendered":"Nous contacter"},"content":{"rendered":"<div data-elementor-type=\"wp-page\" data-elementor-id=\"584\" class=\"elementor elementor-584\">\n\t\t\t\t\t\t<section class=\"elementor-section elementor-top-section elementor-element elementor-element-0d70590 elementor-section-boxed elementor-section-height-default elementor-section-height-default\" data-id=\"0d70590\" data-element_type=\"section\" data-e-type=\"section\">\n\t\t\t\t\t\t<div class=\"elementor-container elementor-column-gap-wider\">\n\t\t\t\t\t<div class=\"elementor-column elementor-col-50 elementor-top-column elementor-element elementor-element-d16c733\" data-id=\"d16c733\" data-element_type=\"column\" data-e-type=\"column\">\n\t\t\t<div class=\"elementor-widget-wrap elementor-element-populated\">\n\t\t\t\t\t\t<div class=\"elementor-element elementor-element-8136ce3 elementor-position-left elementor-view-default elementor-vertical-align-top elementor-widget elementor-widget-razzi-icon-box\" data-id=\"8136ce3\" data-element_type=\"widget\" data-e-type=\"widget\" data-widget_type=\"razzi-icon-box.default\">\n\t\t\t\t<div class=\"elementor-widget-container\">\n\t\t\t\t\t\t\t<div class=\"razzi-icon-box\">\r\n\t\t\t\t\t\t<div class=\"razzi-icon-box__content\">\r\n\t\t\t\t<div class=\"razzi-icon-box__item\">\r\n\t\t\t\t\t<div class=\"razzi-icon-box__title\">\r\n\t\t\t\t\t\t<span  >\r\n\t\t\t\t\t\t\tAppelez-nous :\t\t\t\t\t\t<\/span>\r\n\t\t\t\t\t<\/div>\r\n\t\t\t\t\t\t\t\t\t<\/div>\r\n\t\t\t\t\t\t\t<\/div>\r\n\t\t<\/div>\r\n\t\t\t\t\t\t<\/div>\n\t\t\t\t<\/div>\n\t\t\t\t<div class=\"elementor-element elementor-element-6792f4f elementor-widget elementor-widget-text-editor\" data-id=\"6792f4f\" data-element_type=\"widget\" data-e-type=\"widget\" data-widget_type=\"text-editor.default\">\n\t\t\t\t<div class=\"elementor-widget-container\">\n\t\t\t\t\t\t\t\t\t<p>Nous sommes disponibles de 10 heures \u00e0 16 heures, 6 jours par semaine.<\/p>\t\t\t\t\t\t\t\t<\/div>\n\t\t\t\t<\/div>\n\t\t\t\t<div class=\"elementor-element elementor-element-c7f0ddf elementor-widget elementor-widget-heading\" data-id=\"c7f0ddf\" data-element_type=\"widget\" data-e-type=\"widget\" data-widget_type=\"heading.default\">\n\t\t\t\t<div class=\"elementor-widget-container\">\n\t\t\t\t\t<h6 class=\"elementor-heading-title elementor-size-default\">Service \u00e0 la client\u00e8le :\n<\/h6>\t\t\t\t<\/div>\n\t\t\t\t<\/div>\n\t\t\t\t<div class=\"elementor-element elementor-element-dbea1cf elementor-widget elementor-widget-text-editor\" data-id=\"dbea1cf\" data-element_type=\"widget\" data-e-type=\"widget\" data-widget_type=\"text-editor.default\">\n\t\t\t\t<div class=\"elementor-widget-container\">\n\t\t\t\t\t\t\t\t\t<p><a href=\"tel:+31455611112\">+31 (0)45 561 11 12<\/a><\/p>\t\t\t\t\t\t\t\t<\/div>\n\t\t\t\t<\/div>\n\t\t\t\t<div class=\"elementor-element elementor-element-d753aa9 elementor-widget elementor-widget-heading\" data-id=\"d753aa9\" data-element_type=\"widget\" data-e-type=\"widget\" data-widget_type=\"heading.default\">\n\t\t\t\t<div class=\"elementor-widget-container\">\n\t\t\t\t\t<h6 class=\"elementor-heading-title elementor-size-default\">Carri\u00e8res :<\/h6>\t\t\t\t<\/div>\n\t\t\t\t<\/div>\n\t\t\t\t<div class=\"elementor-element elementor-element-df7d8a9 elementor-widget elementor-widget-text-editor\" data-id=\"df7d8a9\" data-element_type=\"widget\" data-e-type=\"widget\" data-widget_type=\"text-editor.default\">\n\t\t\t\t<div class=\"elementor-widget-container\">\n\t\t\t\t\t\t\t\t\t<p><a href=\"tel:+31455611112\">+31 (0)45 561 11 12<\/a><\/p>\t\t\t\t\t\t\t\t<\/div>\n\t\t\t\t<\/div>\n\t\t\t\t<div class=\"elementor-element elementor-element-8c5368c elementor-position-left elementor-view-default elementor-vertical-align-top elementor-widget elementor-widget-razzi-icon-box\" data-id=\"8c5368c\" data-element_type=\"widget\" data-e-type=\"widget\" data-widget_type=\"razzi-icon-box.default\">\n\t\t\t\t<div class=\"elementor-widget-container\">\n\t\t\t\t\t\t\t<div class=\"razzi-icon-box\">\r\n\t\t\t\t\t\t<div class=\"razzi-icon-box__content\">\r\n\t\t\t\t<div class=\"razzi-icon-box__item\">\r\n\t\t\t\t\t<div class=\"razzi-icon-box__title\">\r\n\t\t\t\t\t\t<span  >\r\n\t\t\t\t\t\t\t\u00c9crivez-nous :\t\t\t\t\t\t<\/span>\r\n\t\t\t\t\t<\/div>\r\n\t\t\t\t\t\t\t\t\t<\/div>\r\n\t\t\t\t\t\t\t<\/div>\r\n\t\t<\/div>\r\n\t\t\t\t\t\t<\/div>\n\t\t\t\t<\/div>\n\t\t\t\t<div class=\"elementor-element elementor-element-4573e52 elementor-widget elementor-widget-text-editor\" data-id=\"4573e52\" data-element_type=\"widget\" data-e-type=\"widget\" data-widget_type=\"text-editor.default\">\n\t\t\t\t<div class=\"elementor-widget-container\">\n\t\t\t\t\t\t\t\t\t<p>Remplissez notre formulaire et nous vous contacterons <br \/>dans les 24 heures.<\/p>\t\t\t\t\t\t\t\t<\/div>\n\t\t\t\t<\/div>\n\t\t\t\t<div class=\"elementor-element elementor-element-01f6576 elementor-widget elementor-widget-heading\" data-id=\"01f6576\" data-element_type=\"widget\" data-e-type=\"widget\" data-widget_type=\"heading.default\">\n\t\t\t\t<div class=\"elementor-widget-container\">\n\t\t\t\t\t<h6 class=\"elementor-heading-title elementor-size-default\">Service \u00e0 la client\u00e8le :\n<\/h6>\t\t\t\t<\/div>\n\t\t\t\t<\/div>\n\t\t\t\t<div class=\"elementor-element elementor-element-ad27de3 elementor-widget elementor-widget-text-editor\" data-id=\"ad27de3\" data-element_type=\"widget\" data-e-type=\"widget\" data-widget_type=\"text-editor.default\">\n\t\t\t\t<div class=\"elementor-widget-container\">\n\t\t\t\t\t\t\t\t\t<p><a href=\"mailto:info@socap.nl\">info@socap.nl<\/a><\/p>\t\t\t\t\t\t\t\t<\/div>\n\t\t\t\t<\/div>\n\t\t\t\t<div class=\"elementor-element elementor-element-776e757 elementor-widget elementor-widget-heading\" data-id=\"776e757\" data-element_type=\"widget\" data-e-type=\"widget\" data-widget_type=\"heading.default\">\n\t\t\t\t<div class=\"elementor-widget-container\">\n\t\t\t\t\t<h6 class=\"elementor-heading-title elementor-size-default\">Carri\u00e8res :<\/h6>\t\t\t\t<\/div>\n\t\t\t\t<\/div>\n\t\t\t\t<div class=\"elementor-element elementor-element-5fa3f26 elementor-widget elementor-widget-text-editor\" data-id=\"5fa3f26\" data-element_type=\"widget\" data-e-type=\"widget\" data-widget_type=\"text-editor.default\">\n\t\t\t\t<div class=\"elementor-widget-container\">\n\t\t\t\t\t\t\t\t\t<p><a href=\"mailto:info@socap.nl\">info@socap.nl<\/a><\/p>\t\t\t\t\t\t\t\t<\/div>\n\t\t\t\t<\/div>\n\t\t\t\t<div class=\"elementor-element elementor-element-d60c5fd elementor-position-left elementor-view-default elementor-vertical-align-top elementor-widget elementor-widget-razzi-icon-box\" data-id=\"d60c5fd\" data-element_type=\"widget\" data-e-type=\"widget\" data-widget_type=\"razzi-icon-box.default\">\n\t\t\t\t<div class=\"elementor-widget-container\">\n\t\t\t\t\t\t\t<div class=\"razzi-icon-box\">\r\n\t\t\t\t\t\t<div class=\"razzi-icon-box__content\">\r\n\t\t\t\t<div class=\"razzi-icon-box__item\">\r\n\t\t\t\t\t<div class=\"razzi-icon-box__title\">\r\n\t\t\t\t\t\t<span  >\r\n\t\t\t\t\t\t\tAdresse :\t\t\t\t\t\t<\/span>\r\n\t\t\t\t\t<\/div>\r\n\t\t\t\t\t\t\t\t\t<\/div>\r\n\t\t\t\t\t\t\t<\/div>\r\n\t\t<\/div>\r\n\t\t\t\t\t\t<\/div>\n\t\t\t\t<\/div>\n\t\t\t\t<div class=\"elementor-element elementor-element-6c4046f elementor-widget elementor-widget-text-editor\" data-id=\"6c4046f\" data-element_type=\"widget\" data-e-type=\"widget\" data-widget_type=\"text-editor.default\">\n\t\t\t\t<div class=\"elementor-widget-container\">\n\t\t\t\t\t\t\t\t\t<p>Kasteellaan 79A, 6415 HN<br \/>Heerlen, Pays-Bas<\/p>\t\t\t\t\t\t\t\t<\/div>\n\t\t\t\t<\/div>\n\t\t\t\t\t<\/div>\n\t\t<\/div>\n\t\t\t\t<div class=\"elementor-column elementor-col-50 elementor-top-column elementor-element elementor-element-a39218f\" data-id=\"a39218f\" data-element_type=\"column\" data-e-type=\"column\">\n\t\t\t<div class=\"elementor-widget-wrap elementor-element-populated\">\n\t\t\t\t\t\t<div class=\"elementor-element elementor-element-42bcb40 elementor-widget elementor-widget-text-editor\" data-id=\"42bcb40\" data-element_type=\"widget\" data-e-type=\"widget\" data-widget_type=\"text-editor.default\">\n\t\t\t\t<div class=\"elementor-widget-container\">\n\t\t\t\t\t\t\t\t\t<p>Vous avez des questions sur nos produits ou services ? N'h\u00e9sitez pas \u00e0 nous contacter ! Que vous pr\u00e9f\u00e9riez nous appeler ou utiliser le formulaire de contact ci-dessous, nous sommes l\u00e0 pour vous aider. Notre \u00e9quipe vous r\u00e9pondra rapidement et veillera \u00e0 ce que vous receviez le soutien dont vous avez besoin.<\/p>\t\t\t\t\t\t\t\t<\/div>\n\t\t\t\t<\/div>\n\t\t\t\t<div class=\"elementor-element elementor-element-e00b18b elementor-widget elementor-widget-razzi-contact-form-7\" data-id=\"e00b18b\" data-element_type=\"widget\" data-e-type=\"widget\" data-widget_type=\"razzi-contact-form-7.default\">\n\t\t\t\t<div class=\"elementor-widget-container\">\n\t\t\t\t\t\t\t<div class=\"razzi-contact-form-7\">\r\n\t\t\t\n<div class=\"wpcf7 no-js\" id=\"wpcf7-f598-o1\" lang=\"en-US\" dir=\"ltr\" data-wpcf7-id=\"598\">\n<div class=\"screen-reader-response\"><p role=\"status\" aria-live=\"polite\" aria-atomic=\"true\"><\/p> <ul><\/ul><\/div>\n<form action=\"\/fr\/wp-json\/wp\/v2\/pages\/584#wpcf7-f598-o1\" method=\"post\" class=\"wpcf7-form init\" aria-label=\"Contact form\" novalidate=\"novalidate\" data-status=\"init\" data-trp-original-action=\"\/fr\/wp-json\/wp\/v2\/pages\/584#wpcf7-f598-o1\">\n<fieldset class=\"hidden-fields-container\"><input type=\"hidden\" name=\"_wpcf7\" value=\"598\" \/><input type=\"hidden\" name=\"_wpcf7_version\" value=\"6.1.5\" \/><input type=\"hidden\" name=\"_wpcf7_locale\" value=\"en_US\" \/><input type=\"hidden\" name=\"_wpcf7_unit_tag\" value=\"wpcf7-f598-o1\" \/><input type=\"hidden\" name=\"_wpcf7_container_post\" value=\"0\" \/><input type=\"hidden\" name=\"_wpcf7_posted_data_hash\" value=\"\" \/>\n<\/fieldset>\n<p><span class=\"wpcf7-form-control-wrap\" data-name=\"text-928\"><input size=\"40\" maxlength=\"400\" class=\"wpcf7-form-control wpcf7-text wpcf7-validates-as-required\" aria-required=\"true\" aria-invalid=\"false\" placeholder=\"Votre nom *\" value=\"\" type=\"text\" name=\"text-928\" \/><\/span><br \/>\n<span class=\"wpcf7-form-control-wrap\" data-name=\"email-845\"><input size=\"40\" maxlength=\"400\" class=\"wpcf7-form-control wpcf7-email wpcf7-validates-as-required wpcf7-text wpcf7-validates-as-email\" aria-required=\"true\" aria-invalid=\"false\" placeholder=\"Votre Email *\" value=\"\" type=\"email\" name=\"email-845\" \/><\/span><br \/>\n<span class=\"wpcf7-form-control-wrap\" data-name=\"text-847\"><input size=\"40\" maxlength=\"400\" class=\"wpcf7-form-control wpcf7-text\" aria-invalid=\"false\" placeholder=\"Votre t\u00e9l\u00e9phone\" value=\"\" type=\"text\" name=\"text-847\" \/><\/span><br \/>\n<span class=\"wpcf7-form-control-wrap\" data-name=\"text-928\"><input size=\"40\" maxlength=\"400\" class=\"wpcf7-form-control wpcf7-text wpcf7-validates-as-required\" aria-required=\"true\" aria-invalid=\"false\" placeholder=\"Votre titre *\" value=\"\" type=\"text\" name=\"text-928\" \/><\/span><br \/>\n<span class=\"wpcf7-form-control-wrap\" data-name=\"textarea-595\"><textarea cols=\"40\" rows=\"10\" maxlength=\"2000\" class=\"wpcf7-form-control wpcf7-textarea wpcf7-validates-as-required\" aria-required=\"true\" aria-invalid=\"false\" placeholder=\"Message *\" name=\"textarea-595\"><\/textarea><\/span>\n<\/p>\n<p><div class=\"cf7-cf-turnstile\" style=\"margin-top: 0px; margin-bottom: -15px;\"> <div id=\"cf-turnstile-cf7-1832131355\" class=\"cf-turnstile\" data-sitekey=\"0x4AAAAAAA88ch-Gh7oRnO7A\" data-theme=\"light\" data-language=\"auto\" data-size=\"normal\" data-retry=\"auto\" data-retry-interval=\"1000\" data-refresh-expired=\"auto\" data-action=\"contact-form-7\" data-appearance=\"always\"><\/div> <script>document.addEventListener(\"DOMContentLoaded\", function() { setTimeout(function(){ var e=document.getElementById(\"cf-turnstile-cf7-1832131355\"); e&&!e.innerHTML.trim()&&(turnstile.remove(\"#cf-turnstile-cf7-1832131355\"), turnstile.render(\"#cf-turnstile-cf7-1832131355\", {sitekey:\"0x4AAAAAAA88ch-Gh7oRnO7A\"})); }, 100); });<\/script> <br class=\"cf-turnstile-br cf-turnstile-br-cf7-1832131355\"> <style>#cf-turnstile-cf7-1832131355 { margin-left: -15px; }<\/style> <script>document.addEventListener(\"DOMContentLoaded\",function(){document.querySelectorAll('.wpcf7-form').forEach(function(e){e.addEventListener('submit',function(){if(document.getElementById('cf-turnstile-cf7-1832131355')){setTimeout(function(){turnstile.reset('#cf-turnstile-cf7-1832131355');},1000)}})})});<\/script> <\/div><br\/><input class=\"wpcf7-form-control wpcf7-submit has-spinner\" type=\"submit\" value=\"Envoyer un message\" \/>\n<\/p><div class=\"wpcf7-response-output\" aria-hidden=\"true\"><\/div>\n<input type=\"hidden\" name=\"trp-form-language\" value=\"fr\"\/><\/form>\n<\/div>\n\t\t<\/div>\r\n\t\t\t\t\t\t<\/div>\n\t\t\t\t<\/div>\n\t\t\t\t\t<\/div>\n\t\t<\/div>\n\t\t\t\t\t<\/div>\n\t\t<\/section>\n\t\t\t\t<section class=\"elementor-section elementor-top-section elementor-element elementor-element-6630c53 elementor-section-boxed elementor-section-height-default elementor-section-height-default\" data-id=\"6630c53\" data-element_type=\"section\" data-e-type=\"section\">\n\t\t\t\t\t\t<div class=\"elementor-container elementor-column-gap-no\">\n\t\t\t\t\t<div class=\"elementor-column elementor-col-100 elementor-top-column elementor-element elementor-element-ccf39d5\" data-id=\"ccf39d5\" data-element_type=\"column\" data-e-type=\"column\">\n\t\t\t<div class=\"elementor-widget-wrap elementor-element-populated\">\n\t\t\t\t\t\t<div class=\"elementor-element elementor-element-0d45a74 elementor-widget-tablet__width-initial elementor-widget-mobile__width-inherit elementor-widget elementor-widget-razzi-deals-carousel\" data-id=\"0d45a74\" data-element_type=\"widget\" data-e-type=\"widget\" data-settings=\"{&quot;navigation_mobile&quot;:&quot;arrows&quot;,&quot;navigation_tablet&quot;:&quot;arrows&quot;,&quot;navigation&quot;:&quot;none&quot;,&quot;effect&quot;:&quot;fade&quot;,&quot;autoplay_speed&quot;:1000}\" data-widget_type=\"razzi-deals-carousel.default\">\n\t\t\t\t<div class=\"elementor-widget-container\">\n\t\t\t\t\t\t\t<div class=\"razzi-deals-carousel razzi-swiper-carousel-elementor swiper-container  razzi-swiper-carousel-elementor  navigation-none navigation-tablet-arrows navigation-mobile-arrows\">\r\n\t\t\t<div class=\"linked-deals-carousel\">\r\n\t\t\t\t<div class=\"razzi-deals-carousel__inner swiper-wrapper\">\r\n\t\t\t\t\t<div class=\"elementor-repeater-item-9a9cb4d countdown-slider swiper-slide\">\r\n\t\t\t\t\t\t\t\t<div class=\"countdown-bg\"><\/div>\r\n\t\t\t\t\t\t\t\t<div class=\"countdown-item\">\r\n\t\t\t\t\t\t\t\t\t<div class=\"countdown-title\"><\/div>\r\n\t\t\t\t\t\t\t\t\t\r\n\t\t\t\t\t\t\t\t\t<div class=\"countdown-button\"><\/div>\r\n\t\t\t\t\t\t\t\t<\/div>\r\n\t\t\t\t\t\t\t<\/div>\t\t\t\t<\/div>\r\n\t\t\t<\/div>\r\n        <\/div>\r\n\t\t\t\t\t\t<\/div>\n\t\t\t\t<\/div>\n\t\t\t\t<div class=\"elementor-element elementor-element-e8cdf2d elementor-align-center elementor-widget elementor-widget-razzi-button\" data-id=\"e8cdf2d\" data-element_type=\"widget\" data-e-type=\"widget\" data-widget_type=\"razzi-button.default\">\n\t\t\t\t<div class=\"elementor-widget-container\">\n\t\t\t\t\t        <a href=\"https:\/\/socap.nl\/fr\/shop\/\" class=\"razzi-button-link razzi-button\">\n\t\t\t\t\t\t\t\t\t<span class=\"razzi-button-text\">Acheter<\/span>        <\/a>\n\t\t\t\t\t\t<\/div>\n\t\t\t\t<\/div>\n\t\t\t\t<div class=\"elementor-element elementor-element-651e7c2 elementor-widget elementor-widget-heading\" data-id=\"651e7c2\" data-element_type=\"widget\" data-e-type=\"widget\" data-widget_type=\"heading.default\">\n\t\t\t\t<div class=\"elementor-widget-container\">\n\t\t\t\t\t<h2 class=\"elementor-heading-title elementor-size-default\">Questions fr\u00e9quemment pos\u00e9es<\/h2>\t\t\t\t<\/div>\n\t\t\t\t<\/div>\n\t\t\t\t\t<\/div>\n\t\t<\/div>\n\t\t\t\t\t<\/div>\n\t\t<\/section>\n\t\t<div class=\"elementor-element elementor-element-bf4f009 e-flex e-con-boxed e-con e-parent\" data-id=\"bf4f009\" data-element_type=\"container\" data-e-type=\"container\">\n\t\t\t\t\t<div class=\"e-con-inner\">\n\t\t\t\t<div class=\"elementor-element elementor-element-3526d0e elementor-widget elementor-widget-razzi-faq\" data-id=\"3526d0e\" data-element_type=\"widget\" data-e-type=\"widget\" data-settings=\"{&quot;status&quot;:&quot;yes&quot;}\" data-widget_type=\"razzi-faq.default\">\n\t\t\t\t<div class=\"elementor-widget-container\">\n\t\t\t\t\t<div class=\"razzi-faq\"><div class=\"box-content active\"><h2 class=\"faq-title\">Qu'est-ce qu'une extension de cheveux humains ?<span class=\"razzi-svg-icon razzi-svg-default\"><svg aria-hidden=\"true\" role=\"img\" focusable=\"false\" xmlns=\"http:\/\/www.w3.org\/2000\/svg\" width=\"24\" height=\"24\" viewbox=\"0 0 24 24\" fill=\"none\" stroke=\"currentColor\" stroke-width=\"2\" stroke-linecap=\"round\" stroke-linejoin=\"round\"><polyline points=\"6 9 12 15 18 9\"><\/polyline><\/svg><\/span><\/h2> <div class=\"faq-desc\"><p>Les extensions de cheveux humains sont des m\u00e8ches de vrais cheveux humains qui sont attach\u00e9es aux cheveux naturels pour en modifier la longueur, le volume ou la couleur. Elles donnent un aspect naturel et une texture de haute qualit\u00e9.<\/p><\/div><\/div><div class=\"box-content\"><h2 class=\"faq-title\">D'o\u00f9 viennent vos extensions de cheveux humains ?<span class=\"razzi-svg-icon razzi-svg-default\"><svg aria-hidden=\"true\" role=\"img\" focusable=\"false\" xmlns=\"http:\/\/www.w3.org\/2000\/svg\" width=\"24\" height=\"24\" viewbox=\"0 0 24 24\" fill=\"none\" stroke=\"currentColor\" stroke-width=\"2\" stroke-linecap=\"round\" stroke-linejoin=\"round\"><polyline points=\"6 9 12 15 18 9\"><\/polyline><\/svg><\/span><\/h2> <div class=\"faq-desc\"><p>Nos extensions de cheveux humains sont obtenues de mani\u00e8re \u00e9thique aupr\u00e8s de fournisseurs de confiance. Nous veillons \u00e0 ce que tous les cheveux proviennent d'individus en bonne sant\u00e9 et respectent des normes \u00e9thiques strictes.<\/p><\/div><\/div><div class=\"box-content\"><h2 class=\"faq-title\">Quels sont les avantages des extensions de cheveux humains par rapport aux cheveux synth\u00e9tiques ?<span class=\"razzi-svg-icon razzi-svg-default\"><svg aria-hidden=\"true\" role=\"img\" focusable=\"false\" xmlns=\"http:\/\/www.w3.org\/2000\/svg\" width=\"24\" height=\"24\" viewbox=\"0 0 24 24\" fill=\"none\" stroke=\"currentColor\" stroke-width=\"2\" stroke-linecap=\"round\" stroke-linejoin=\"round\"><polyline points=\"6 9 12 15 18 9\"><\/polyline><\/svg><\/span><\/h2> <div class=\"faq-desc\"><p>Les extensions de cheveux humains offrent un aspect plus naturel, une texture sup\u00e9rieure et une plus grande souplesse de coiffage que les produits synth\u00e9tiques. Elles peuvent \u00eatre color\u00e9es, coiff\u00e9es et trait\u00e9es comme vos cheveux naturels.<\/p><\/div><\/div><div class=\"box-content\"><h2 class=\"faq-title\">Comment choisir la bonne couleur et la bonne longueur pour mes extensions de cheveux humains ?<span class=\"razzi-svg-icon razzi-svg-default\"><svg aria-hidden=\"true\" role=\"img\" focusable=\"false\" xmlns=\"http:\/\/www.w3.org\/2000\/svg\" width=\"24\" height=\"24\" viewbox=\"0 0 24 24\" fill=\"none\" stroke=\"currentColor\" stroke-width=\"2\" stroke-linecap=\"round\" stroke-linejoin=\"round\"><polyline points=\"6 9 12 15 18 9\"><\/polyline><\/svg><\/span><\/h2> <div class=\"faq-desc\"><p>Nous proposons une large gamme de couleurs et de longueurs. Notre \u00e9quipe est pr\u00eate \u00e0 vous aider \u00e0 choisir le produit qui vous convient le mieux. De plus, nous offrons des consultations pour assurer l'adaptation id\u00e9ale \u00e0 vos besoins.<\/p><\/div><\/div><div class=\"box-content\"><h2 class=\"faq-title\">Comment les extensions de cheveux humains sont-elles fix\u00e9es et enlev\u00e9es ?<span class=\"razzi-svg-icon razzi-svg-default\"><svg aria-hidden=\"true\" role=\"img\" focusable=\"false\" xmlns=\"http:\/\/www.w3.org\/2000\/svg\" width=\"24\" height=\"24\" viewbox=\"0 0 24 24\" fill=\"none\" stroke=\"currentColor\" stroke-width=\"2\" stroke-linecap=\"round\" stroke-linejoin=\"round\"><polyline points=\"6 9 12 15 18 9\"><\/polyline><\/svg><\/span><\/h2> <div class=\"faq-desc\"><p>La m\u00e9thode de pose et de d\u00e9pose d\u00e9pend du type d'extensions. Nous fournissons une formation et des instructions d\u00e9taill\u00e9es aux coiffeurs afin de garantir que les extensions sont pos\u00e9es et retir\u00e9es de mani\u00e8re professionnelle et avec soin.<\/p><\/div><\/div><div class=\"box-content\"><h2 class=\"faq-title\">Quelle est la dur\u00e9e de vie des extensions de cheveux humains ?<span class=\"razzi-svg-icon razzi-svg-default\"><svg aria-hidden=\"true\" role=\"img\" focusable=\"false\" xmlns=\"http:\/\/www.w3.org\/2000\/svg\" width=\"24\" height=\"24\" viewbox=\"0 0 24 24\" fill=\"none\" stroke=\"currentColor\" stroke-width=\"2\" stroke-linecap=\"round\" stroke-linejoin=\"round\"><polyline points=\"6 9 12 15 18 9\"><\/polyline><\/svg><\/span><\/h2> <div class=\"faq-desc\"><p>La dur\u00e9e de vie des extensions de cheveux humains d\u00e9pend de leur entretien et de la croissance des cheveux de la personne concern\u00e9e. Les extensions de cheveux humains de haute qualit\u00e9 durent g\u00e9n\u00e9ralement plusieurs mois avant de n\u00e9cessiter un entretien ou un remplacement.<\/p><\/div><\/div><div class=\"box-content\"><h2 class=\"faq-title\">Comment entretenir mes extensions de cheveux humains ?<span class=\"razzi-svg-icon razzi-svg-default\"><svg aria-hidden=\"true\" role=\"img\" focusable=\"false\" xmlns=\"http:\/\/www.w3.org\/2000\/svg\" width=\"24\" height=\"24\" viewbox=\"0 0 24 24\" fill=\"none\" stroke=\"currentColor\" stroke-width=\"2\" stroke-linecap=\"round\" stroke-linejoin=\"round\"><polyline points=\"6 9 12 15 18 9\"><\/polyline><\/svg><\/span><\/h2> <div class=\"faq-desc\"><p>Nous recommandons d'utiliser des produits d'entretien sp\u00e9cialement con\u00e7us pour les extensions de cheveux humains afin de prolonger leur dur\u00e9e de vie. Il s'agit notamment de shampooings, d'apr\u00e8s-shampooings et de brosses doux. \u00c9vitez la chaleur excessive et les traitements chimiques pour pr\u00e9server la sant\u00e9 des cheveux.<\/p><\/div><\/div><div class=\"box-content\"><h2 class=\"faq-title\">Offrez-vous des garanties pour vos extensions de cheveux humains ?<span class=\"razzi-svg-icon razzi-svg-default\"><svg aria-hidden=\"true\" role=\"img\" focusable=\"false\" xmlns=\"http:\/\/www.w3.org\/2000\/svg\" width=\"24\" height=\"24\" viewbox=\"0 0 24 24\" fill=\"none\" stroke=\"currentColor\" stroke-width=\"2\" stroke-linecap=\"round\" stroke-linejoin=\"round\"><polyline points=\"6 9 12 15 18 9\"><\/polyline><\/svg><\/span><\/h2> <div class=\"faq-desc\"><p>Nous sommes convaincus de la qualit\u00e9 de nos extensions de cheveux humains et offrons une garantie contre les d\u00e9fauts ou les probl\u00e8mes de qualit\u00e9. Si vous rencontrez des probl\u00e8mes, n'h\u00e9sitez pas \u00e0 nous contacter pour obtenir de l'aide.<\/p><\/div><\/div><\/div>\t\t\t\t<\/div>\n\t\t\t\t<\/div>\n\t\t\t\t\t<\/div>\n\t\t\t\t<\/div>\n\t\t\t\t<\/div>","protected":false},"excerpt":{"rendered":"<p>Call to Us: We&#8217;re available from 10 am &#8211; 16 pm, 6 days a week. Customer Service: +31 (0)45 561 11 12 Careers: +31 (0)45 561 11 12 Write to Us: Fill out our form and we will contact you within 24 hours. Customer Service: info@socap.nl Careers: info@socap.nl Address: Kasteellaan 79A, 6415 HNHeerlen, Netherlands Do [&hellip;]<\/p>\n","protected":false},"author":1,"featured_media":0,"parent":0,"menu_order":0,"comment_status":"closed","ping_status":"closed","template":"","meta":{"footnotes":""},"class_list":["post-584","page","type-page","status-publish","hentry"],"_links":{"self":[{"href":"https:\/\/socap.nl\/fr\/wp-json\/wp\/v2\/pages\/584","targetHints":{"allow":["GET"]}}],"collection":[{"href":"https:\/\/socap.nl\/fr\/wp-json\/wp\/v2\/pages"}],"about":[{"href":"https:\/\/socap.nl\/fr\/wp-json\/wp\/v2\/types\/page"}],"author":[{"embeddable":true,"href":"https:\/\/socap.nl\/fr\/wp-json\/wp\/v2\/users\/1"}],"replies":[{"embeddable":true,"href":"https:\/\/socap.nl\/fr\/wp-json\/wp\/v2\/comments?post=584"}],"version-history":[{"count":0,"href":"https:\/\/socap.nl\/fr\/wp-json\/wp\/v2\/pages\/584\/revisions"}],"wp:attachment":[{"href":"https:\/\/socap.nl\/fr\/wp-json\/wp\/v2\/media?parent=584"}],"curies":[{"name":"wp","href":"https:\/\/api.w.org\/{rel}","templated":true}]}}