
{"id":609,"date":"2020-10-13T07:28:49","date_gmt":"2020-10-13T07:28:49","guid":{"rendered":"http:\/\/localhost\/razzi\/?page_id=609"},"modified":"2025-01-24T15:01:57","modified_gmt":"2025-01-24T14:01:57","slug":"faq","status":"publish","type":"page","link":"https:\/\/socap.nl\/fr\/faq\/","title":{"rendered":"FAQ"},"content":{"rendered":"<div data-elementor-type=\"wp-page\" data-elementor-id=\"609\" class=\"elementor elementor-609\">\n\t\t\t\t\t\t<section class=\"elementor-section elementor-top-section elementor-element elementor-element-0e35fb8 elementor-section-boxed elementor-section-height-default elementor-section-height-default\" data-id=\"0e35fb8\" data-element_type=\"section\" data-e-type=\"section\">\n\t\t\t\t\t\t<div class=\"elementor-container elementor-column-gap-no\">\n\t\t\t\t\t<div class=\"elementor-column elementor-col-100 elementor-top-column elementor-element elementor-element-a1b111c\" data-id=\"a1b111c\" data-element_type=\"column\" data-e-type=\"column\">\n\t\t\t<div class=\"elementor-widget-wrap elementor-element-populated\">\n\t\t\t\t\t\t<div class=\"elementor-element elementor-element-17c3837 elementor-widget-tablet__width-initial elementor-widget-mobile__width-inherit elementor-widget elementor-widget-razzi-deals-carousel\" data-id=\"17c3837\" data-element_type=\"widget\" data-e-type=\"widget\" data-settings=\"{&quot;navigation_mobile&quot;:&quot;arrows&quot;,&quot;navigation_tablet&quot;:&quot;arrows&quot;,&quot;navigation&quot;:&quot;none&quot;,&quot;effect&quot;:&quot;fade&quot;,&quot;autoplay_speed&quot;:1000}\" data-widget_type=\"razzi-deals-carousel.default\">\n\t\t\t\t<div class=\"elementor-widget-container\">\n\t\t\t\t\t\t\t<div class=\"razzi-deals-carousel razzi-swiper-carousel-elementor swiper-container  razzi-swiper-carousel-elementor  navigation-none navigation-tablet-arrows navigation-mobile-arrows\">\r\n\t\t\t<div class=\"linked-deals-carousel\">\r\n\t\t\t\t<div class=\"razzi-deals-carousel__inner swiper-wrapper\">\r\n\t\t\t\t\t<div class=\"elementor-repeater-item-9a9cb4d countdown-slider swiper-slide\">\r\n\t\t\t\t\t\t\t\t<div class=\"countdown-bg\"><\/div>\r\n\t\t\t\t\t\t\t\t<div class=\"countdown-item\">\r\n\t\t\t\t\t\t\t\t\t<div class=\"countdown-title\"><\/div>\r\n\t\t\t\t\t\t\t\t\t\r\n\t\t\t\t\t\t\t\t\t<div class=\"countdown-button\"><\/div>\r\n\t\t\t\t\t\t\t\t<\/div>\r\n\t\t\t\t\t\t\t<\/div>\t\t\t\t<\/div>\r\n\t\t\t<\/div>\r\n        <\/div>\r\n\t\t\t\t\t\t<\/div>\n\t\t\t\t<\/div>\n\t\t\t\t<div class=\"elementor-element elementor-element-bccdc81 elementor-align-center elementor-widget elementor-widget-razzi-button\" data-id=\"bccdc81\" data-element_type=\"widget\" data-e-type=\"widget\" data-widget_type=\"razzi-button.default\">\n\t\t\t\t<div class=\"elementor-widget-container\">\n\t\t\t\t\t        <a href=\"https:\/\/socap.nl\/fr\/shop\/\" class=\"razzi-button-link razzi-button\">\n\t\t\t\t\t\t\t\t\t<span class=\"razzi-button-text\">Acheter<\/span>        <\/a>\n\t\t\t\t\t\t<\/div>\n\t\t\t\t<\/div>\n\t\t\t\t<div class=\"elementor-element elementor-element-57586bf elementor-widget elementor-widget-heading\" data-id=\"57586bf\" data-element_type=\"widget\" data-e-type=\"widget\" data-widget_type=\"heading.default\">\n\t\t\t\t<div class=\"elementor-widget-container\">\n\t\t\t\t\t<h2 class=\"elementor-heading-title elementor-size-default\">Questions fr\u00e9quemment pos\u00e9es<\/h2>\t\t\t\t<\/div>\n\t\t\t\t<\/div>\n\t\t\t\t\t<\/div>\n\t\t<\/div>\n\t\t\t\t\t<\/div>\n\t\t<\/section>\n\t\t<div class=\"elementor-element elementor-element-39b54c5 e-flex e-con-boxed e-con e-parent\" data-id=\"39b54c5\" data-element_type=\"container\" data-e-type=\"container\">\n\t\t\t\t\t<div class=\"e-con-inner\">\n\t\t\t\t<div class=\"elementor-element elementor-element-541e905 elementor-widget elementor-widget-razzi-faq\" data-id=\"541e905\" data-element_type=\"widget\" data-e-type=\"widget\" data-settings=\"{&quot;status&quot;:&quot;yes&quot;}\" data-widget_type=\"razzi-faq.default\">\n\t\t\t\t<div class=\"elementor-widget-container\">\n\t\t\t\t\t<div class=\"razzi-faq\"><div class=\"box-content active\"><h2 class=\"faq-title\">Qu'est-ce qu'une extension de cheveux humains ?<span class=\"razzi-svg-icon razzi-svg-default\"><svg aria-hidden=\"true\" role=\"img\" focusable=\"false\" xmlns=\"http:\/\/www.w3.org\/2000\/svg\" width=\"24\" height=\"24\" viewbox=\"0 0 24 24\" fill=\"none\" stroke=\"currentColor\" stroke-width=\"2\" stroke-linecap=\"round\" stroke-linejoin=\"round\"><polyline points=\"6 9 12 15 18 9\"><\/polyline><\/svg><\/span><\/h2> <div class=\"faq-desc\"><p>Les extensions de cheveux humains sont des m\u00e8ches de vrais cheveux humains qui sont attach\u00e9es aux cheveux naturels pour en modifier la longueur, le volume ou la couleur. Elles donnent un aspect naturel et une texture de haute qualit\u00e9.<\/p><\/div><\/div><div class=\"box-content\"><h2 class=\"faq-title\">D'o\u00f9 viennent vos extensions de cheveux humains ?<span class=\"razzi-svg-icon razzi-svg-default\"><svg aria-hidden=\"true\" role=\"img\" focusable=\"false\" xmlns=\"http:\/\/www.w3.org\/2000\/svg\" width=\"24\" height=\"24\" viewbox=\"0 0 24 24\" fill=\"none\" stroke=\"currentColor\" stroke-width=\"2\" stroke-linecap=\"round\" stroke-linejoin=\"round\"><polyline points=\"6 9 12 15 18 9\"><\/polyline><\/svg><\/span><\/h2> <div class=\"faq-desc\"><p>Nos extensions de cheveux humains sont obtenues de mani\u00e8re \u00e9thique aupr\u00e8s de fournisseurs de confiance. Nous veillons \u00e0 ce que tous les cheveux proviennent d'individus en bonne sant\u00e9 et respectent des normes \u00e9thiques strictes.<\/p><\/div><\/div><div class=\"box-content\"><h2 class=\"faq-title\">Quels sont les avantages des extensions de cheveux humains par rapport aux cheveux synth\u00e9tiques ?<span class=\"razzi-svg-icon razzi-svg-default\"><svg aria-hidden=\"true\" role=\"img\" focusable=\"false\" xmlns=\"http:\/\/www.w3.org\/2000\/svg\" width=\"24\" height=\"24\" viewbox=\"0 0 24 24\" fill=\"none\" stroke=\"currentColor\" stroke-width=\"2\" stroke-linecap=\"round\" stroke-linejoin=\"round\"><polyline points=\"6 9 12 15 18 9\"><\/polyline><\/svg><\/span><\/h2> <div class=\"faq-desc\"><p>Les extensions de cheveux humains offrent un aspect plus naturel, une texture sup\u00e9rieure et une plus grande souplesse de coiffage que les produits synth\u00e9tiques. Elles peuvent \u00eatre color\u00e9es, coiff\u00e9es et trait\u00e9es comme vos cheveux naturels.<\/p><\/div><\/div><div class=\"box-content\"><h2 class=\"faq-title\">Comment choisir la bonne couleur et la bonne longueur pour mes extensions de cheveux humains ?<span class=\"razzi-svg-icon razzi-svg-default\"><svg aria-hidden=\"true\" role=\"img\" focusable=\"false\" xmlns=\"http:\/\/www.w3.org\/2000\/svg\" width=\"24\" height=\"24\" viewbox=\"0 0 24 24\" fill=\"none\" stroke=\"currentColor\" stroke-width=\"2\" stroke-linecap=\"round\" stroke-linejoin=\"round\"><polyline points=\"6 9 12 15 18 9\"><\/polyline><\/svg><\/span><\/h2> <div class=\"faq-desc\"><p>Nous proposons une large gamme de couleurs et de longueurs. Notre \u00e9quipe est pr\u00eate \u00e0 vous aider \u00e0 choisir le produit qui vous convient le mieux. De plus, nous offrons des consultations pour assurer l'adaptation id\u00e9ale \u00e0 vos besoins.<\/p><\/div><\/div><div class=\"box-content\"><h2 class=\"faq-title\">Comment les extensions de cheveux humains sont-elles fix\u00e9es et enlev\u00e9es ?<span class=\"razzi-svg-icon razzi-svg-default\"><svg aria-hidden=\"true\" role=\"img\" focusable=\"false\" xmlns=\"http:\/\/www.w3.org\/2000\/svg\" width=\"24\" height=\"24\" viewbox=\"0 0 24 24\" fill=\"none\" stroke=\"currentColor\" stroke-width=\"2\" stroke-linecap=\"round\" stroke-linejoin=\"round\"><polyline points=\"6 9 12 15 18 9\"><\/polyline><\/svg><\/span><\/h2> <div class=\"faq-desc\"><p>La m\u00e9thode de pose et de d\u00e9pose d\u00e9pend du type d'extensions. Nous fournissons une formation et des instructions d\u00e9taill\u00e9es aux coiffeurs afin de garantir que les extensions sont pos\u00e9es et retir\u00e9es de mani\u00e8re professionnelle et avec soin.<\/p><\/div><\/div><div class=\"box-content\"><h2 class=\"faq-title\">Quelle est la dur\u00e9e de vie des extensions de cheveux humains ?<span class=\"razzi-svg-icon razzi-svg-default\"><svg aria-hidden=\"true\" role=\"img\" focusable=\"false\" xmlns=\"http:\/\/www.w3.org\/2000\/svg\" width=\"24\" height=\"24\" viewbox=\"0 0 24 24\" fill=\"none\" stroke=\"currentColor\" stroke-width=\"2\" stroke-linecap=\"round\" stroke-linejoin=\"round\"><polyline points=\"6 9 12 15 18 9\"><\/polyline><\/svg><\/span><\/h2> <div class=\"faq-desc\"><p>La dur\u00e9e de vie des extensions de cheveux humains d\u00e9pend de leur entretien et de la croissance des cheveux de la personne concern\u00e9e. Les extensions de cheveux humains de haute qualit\u00e9 durent g\u00e9n\u00e9ralement plusieurs mois avant de n\u00e9cessiter un entretien ou un remplacement.<\/p><\/div><\/div><div class=\"box-content\"><h2 class=\"faq-title\">Comment entretenir mes extensions de cheveux humains ?<span class=\"razzi-svg-icon razzi-svg-default\"><svg aria-hidden=\"true\" role=\"img\" focusable=\"false\" xmlns=\"http:\/\/www.w3.org\/2000\/svg\" width=\"24\" height=\"24\" viewbox=\"0 0 24 24\" fill=\"none\" stroke=\"currentColor\" stroke-width=\"2\" stroke-linecap=\"round\" stroke-linejoin=\"round\"><polyline points=\"6 9 12 15 18 9\"><\/polyline><\/svg><\/span><\/h2> <div class=\"faq-desc\"><p>Nous recommandons d'utiliser des produits d'entretien sp\u00e9cialement con\u00e7us pour les extensions de cheveux humains afin de prolonger leur dur\u00e9e de vie. Il s'agit notamment de shampooings, d'apr\u00e8s-shampooings et de brosses doux. \u00c9vitez la chaleur excessive et les traitements chimiques pour pr\u00e9server la sant\u00e9 des cheveux.<\/p><\/div><\/div><div class=\"box-content\"><h2 class=\"faq-title\">Offrez-vous des garanties pour vos extensions de cheveux humains ?<span class=\"razzi-svg-icon razzi-svg-default\"><svg aria-hidden=\"true\" role=\"img\" focusable=\"false\" xmlns=\"http:\/\/www.w3.org\/2000\/svg\" width=\"24\" height=\"24\" viewbox=\"0 0 24 24\" fill=\"none\" stroke=\"currentColor\" stroke-width=\"2\" stroke-linecap=\"round\" stroke-linejoin=\"round\"><polyline points=\"6 9 12 15 18 9\"><\/polyline><\/svg><\/span><\/h2> <div class=\"faq-desc\"><p>Nous sommes convaincus de la qualit\u00e9 de nos extensions de cheveux humains et offrons une garantie contre les d\u00e9fauts ou les probl\u00e8mes de qualit\u00e9. Si vous rencontrez des probl\u00e8mes, n'h\u00e9sitez pas \u00e0 nous contacter pour obtenir de l'aide.<\/p><\/div><\/div><\/div>\t\t\t\t<\/div>\n\t\t\t\t<\/div>\n\t\t\t\t\t<\/div>\n\t\t\t\t<\/div>\n\t\t\t\t<\/div>","protected":false},"excerpt":{"rendered":"<p>Shop Now Frequently Asked Questions What are human hair extensions? Human hair extensions are strands of real human hair that are attached to natural hair to alter its length, volume, or color. They provide a natural appearance and a high-quality texture. Where do your human hair extensions come from? Our human hair extensions are ethically [&hellip;]<\/p>\n","protected":false},"author":1,"featured_media":0,"parent":0,"menu_order":0,"comment_status":"closed","ping_status":"closed","template":"","meta":{"footnotes":""},"class_list":["post-609","page","type-page","status-publish","hentry"],"_links":{"self":[{"href":"https:\/\/socap.nl\/fr\/wp-json\/wp\/v2\/pages\/609","targetHints":{"allow":["GET"]}}],"collection":[{"href":"https:\/\/socap.nl\/fr\/wp-json\/wp\/v2\/pages"}],"about":[{"href":"https:\/\/socap.nl\/fr\/wp-json\/wp\/v2\/types\/page"}],"author":[{"embeddable":true,"href":"https:\/\/socap.nl\/fr\/wp-json\/wp\/v2\/users\/1"}],"replies":[{"embeddable":true,"href":"https:\/\/socap.nl\/fr\/wp-json\/wp\/v2\/comments?post=609"}],"version-history":[{"count":0,"href":"https:\/\/socap.nl\/fr\/wp-json\/wp\/v2\/pages\/609\/revisions"}],"wp:attachment":[{"href":"https:\/\/socap.nl\/fr\/wp-json\/wp\/v2\/media?parent=609"}],"curies":[{"name":"wp","href":"https:\/\/api.w.org\/{rel}","templated":true}]}}