
{"id":633,"date":"2020-10-13T09:00:26","date_gmt":"2020-10-13T09:00:26","guid":{"rendered":"http:\/\/localhost\/razzi\/?page_id=633"},"modified":"2025-02-06T09:49:40","modified_gmt":"2025-02-06T08:49:40","slug":"about-us","status":"publish","type":"page","link":"https:\/\/socap.nl\/fr\/a-propos-de-nous\/","title":{"rendered":"\u00c0 propos de nous"},"content":{"rendered":"<div data-elementor-type=\"wp-page\" data-elementor-id=\"633\" class=\"elementor elementor-633\">\n\t\t\t\t\t\t<section class=\"elementor-section elementor-top-section elementor-element elementor-element-b1be108 elementor-section-boxed elementor-section-height-default elementor-section-height-default\" data-id=\"b1be108\" data-element_type=\"section\" data-e-type=\"section\" data-settings=\"{&quot;background_background&quot;:&quot;classic&quot;}\">\n\t\t\t\t\t\t<div class=\"elementor-container elementor-column-gap-no\">\n\t\t\t\t\t<div class=\"elementor-column elementor-col-100 elementor-top-column elementor-element elementor-element-2e0515c\" data-id=\"2e0515c\" data-element_type=\"column\" data-e-type=\"column\" data-settings=\"{&quot;background_background&quot;:&quot;classic&quot;}\">\n\t\t\t<div class=\"elementor-widget-wrap elementor-element-populated\">\n\t\t\t\t\t\t<div class=\"elementor-element elementor-element-062d9d3 elementor-widget-tablet__width-initial elementor-widget-mobile__width-inherit elementor-widget elementor-widget-heading\" data-id=\"062d9d3\" data-element_type=\"widget\" data-e-type=\"widget\" data-widget_type=\"heading.default\">\n\t\t\t\t<div class=\"elementor-widget-container\">\n\t\t\t\t\t<h2 class=\"elementor-heading-title elementor-size-default\">O\u00f9 commence la beaut\u00e9, et<br>\nLa confiance est \u00e9ternelle.<\/h2>\t\t\t\t<\/div>\n\t\t\t\t<\/div>\n\t\t\t\t\t<\/div>\n\t\t<\/div>\n\t\t\t\t\t<\/div>\n\t\t<\/section>\n\t\t\t\t<section class=\"elementor-section elementor-top-section elementor-element elementor-element-a9435d9 elementor-section-boxed elementor-section-height-default elementor-section-height-default\" data-id=\"a9435d9\" data-element_type=\"section\" data-e-type=\"section\">\n\t\t\t\t\t\t<div class=\"elementor-container elementor-column-gap-extended\">\n\t\t\t\t\t<div class=\"elementor-column elementor-col-50 elementor-top-column elementor-element elementor-element-2ca6e37\" data-id=\"2ca6e37\" data-element_type=\"column\" data-e-type=\"column\">\n\t\t\t<div class=\"elementor-widget-wrap elementor-element-populated\">\n\t\t\t\t\t\t<div class=\"elementor-element elementor-element-19a047b elementor-widget elementor-widget-image\" data-id=\"19a047b\" data-element_type=\"widget\" data-e-type=\"widget\" data-widget_type=\"image.default\">\n\t\t\t\t<div class=\"elementor-widget-container\">\n\t\t\t\t\t\t\t\t\t\t\t\t\t\t\t<img fetchpriority=\"high\" decoding=\"async\" width=\"640\" height=\"768\" src=\"https:\/\/socap.nl\/wp-content\/uploads\/2024\/04\/Clips-Brown-10pcs-1.webp\" class=\"attachment-large size-large wp-image-19988\" alt=\"\" srcset=\"https:\/\/socap.nl\/wp-content\/uploads\/2024\/04\/Clips-Brown-10pcs-1.webp 670w, https:\/\/socap.nl\/wp-content\/uploads\/2024\/04\/Clips-Brown-10pcs-1-250x300.webp 250w, https:\/\/socap.nl\/wp-content\/uploads\/2024\/04\/Clips-Brown-10pcs-1-10x12.webp 10w, https:\/\/socap.nl\/wp-content\/uploads\/2024\/04\/Clips-Brown-10pcs-1-370x444.webp 370w\" sizes=\"(max-width: 640px) 100vw, 640px\" \/>\t\t\t\t\t\t\t\t\t\t\t\t\t\t\t<\/div>\n\t\t\t\t<\/div>\n\t\t\t\t\t<\/div>\n\t\t<\/div>\n\t\t\t\t<div class=\"elementor-column elementor-col-50 elementor-top-column elementor-element elementor-element-0f3eef1\" data-id=\"0f3eef1\" data-element_type=\"column\" data-e-type=\"column\">\n\t\t\t<div class=\"elementor-widget-wrap elementor-element-populated\">\n\t\t\t\t\t\t<div class=\"elementor-element elementor-element-57f1c50 elementor-widget elementor-widget-heading\" data-id=\"57f1c50\" data-element_type=\"widget\" data-e-type=\"widget\" data-widget_type=\"heading.default\">\n\t\t\t\t<div class=\"elementor-widget-container\">\n\t\t\t\t\t<h6 class=\"elementor-heading-title elementor-size-default\">extension de cheveux<\/h6>\t\t\t\t<\/div>\n\t\t\t\t<\/div>\n\t\t\t\t<div class=\"elementor-element elementor-element-b2daf09 elementor-widget elementor-widget-heading\" data-id=\"b2daf09\" data-element_type=\"widget\" data-e-type=\"widget\" data-widget_type=\"heading.default\">\n\t\t\t\t<div class=\"elementor-widget-container\">\n\t\t\t\t\t<h3 class=\"elementor-heading-title elementor-size-default\">\u00c0 propos de nous et de nos cheveux<\/h3>\t\t\t\t<\/div>\n\t\t\t\t<\/div>\n\t\t\t\t<div class=\"elementor-element elementor-element-20f4454 elementor-widget elementor-widget-text-editor\" data-id=\"20f4454\" data-element_type=\"widget\" data-e-type=\"widget\" data-widget_type=\"text-editor.default\">\n\t\t\t\t<div class=\"elementor-widget-container\">\n\t\t\t\t\t\t\t\t\t<p>Chez SHE, nous sommes fiers de ne proposer que des extensions de cheveux de la plus haute qualit\u00e9, fabriqu\u00e9es \u00e0 partir de v\u00e9ritables cheveux indiens 100%. Nos cheveux sont m\u00e9ticuleusement tri\u00e9s, peign\u00e9s et coll\u00e9s (REMIS-Hair) afin d'obtenir des r\u00e9sultats impeccables qui r\u00e9pondent aux normes d'excellence les plus \u00e9lev\u00e9es.<\/p>\t\t\t\t\t\t\t\t<\/div>\n\t\t\t\t<\/div>\n\t\t\t\t<div class=\"elementor-element elementor-element-4f22eb6 elementor-widget elementor-widget-heading\" data-id=\"4f22eb6\" data-element_type=\"widget\" data-e-type=\"widget\" data-widget_type=\"heading.default\">\n\t\t\t\t<div class=\"elementor-widget-container\">\n\t\t\t\t\t<h3 class=\"elementor-heading-title elementor-size-default\">L'origine de nos cheveux<\/h3>\t\t\t\t<\/div>\n\t\t\t\t<\/div>\n\t\t\t\t<div class=\"elementor-element elementor-element-ae41b65 elementor-widget elementor-widget-text-editor\" data-id=\"ae41b65\" data-element_type=\"widget\" data-e-type=\"widget\" data-widget_type=\"text-editor.default\">\n\t\t\t\t<div class=\"elementor-widget-container\">\n\t\t\t\t\t\t\t\t\t<p>Nos cheveux proviennent directement des temples indiens, o\u00f9 des milliers de femmes et de jeunes filles font volontairement don de leurs cheveux chaque jour. Cet acte de gratitude est ancr\u00e9 dans les traditions ancestrales et est souvent accompli \u00e0 la suite d'\u00e9v\u00e9nements marquants de la vie, tels qu'un v\u0153u exauc\u00e9 ou un mariage. Les cheveux donn\u00e9s, connus sous le nom de \"Indian Temple Hair\", sont r\u00e9put\u00e9s pour leur qualit\u00e9 naturelle vierge et leurs cuticules intactes, ce qui en fait l'un des types de cheveux les plus recherch\u00e9s sur le march\u00e9 mondial.<\/p><p>Les cheveux indiens sont particuli\u00e8rement adapt\u00e9s aux extensions en raison de leur similitude structurelle avec les cheveux europ\u00e9ens. Apr\u00e8s avoir \u00e9t\u00e9 collect\u00e9s, les cheveux subissent un processus d'\u00e9claircissement en douceur et sont teints dans diff\u00e9rentes nuances pour r\u00e9pondre \u00e0 un large \u00e9ventail de pr\u00e9f\u00e9rences stylistiques.<\/p>\t\t\t\t\t\t\t\t<\/div>\n\t\t\t\t<\/div>\n\t\t\t\t\t<\/div>\n\t\t<\/div>\n\t\t\t\t\t<\/div>\n\t\t<\/section>\n\t\t\t\t<section class=\"elementor-section elementor-top-section elementor-element elementor-element-6148470 elementor-section-boxed elementor-section-height-default elementor-section-height-default\" data-id=\"6148470\" data-element_type=\"section\" data-e-type=\"section\" data-settings=\"{&quot;background_background&quot;:&quot;classic&quot;}\">\n\t\t\t\t\t\t<div class=\"elementor-container elementor-column-gap-no\">\n\t\t\t\t\t<div class=\"elementor-column elementor-col-100 elementor-top-column elementor-element elementor-element-9eac81c\" data-id=\"9eac81c\" data-element_type=\"column\" data-e-type=\"column\">\n\t\t\t<div class=\"elementor-widget-wrap elementor-element-populated\">\n\t\t\t\t\t\t<div class=\"elementor-element elementor-element-82d086f elementor-widget elementor-widget-heading\" data-id=\"82d086f\" data-element_type=\"widget\" data-e-type=\"widget\" data-widget_type=\"heading.default\">\n\t\t\t\t<div class=\"elementor-widget-container\">\n\t\t\t\t\t<h3 class=\"elementor-heading-title elementor-size-default\">Notre pr\u00e9sence mondiale<\/h3>\t\t\t\t<\/div>\n\t\t\t\t<\/div>\n\t\t\t\t<section class=\"elementor-section elementor-inner-section elementor-element elementor-element-a60adb7 elementor-section-boxed elementor-section-height-default elementor-section-height-default\" data-id=\"a60adb7\" data-element_type=\"section\" data-e-type=\"section\">\n\t\t\t\t\t\t<div class=\"elementor-container elementor-column-gap-extended\">\n\t\t\t\t\t<div class=\"elementor-column elementor-col-100 elementor-inner-column elementor-element elementor-element-e89a4b9\" data-id=\"e89a4b9\" data-element_type=\"column\" data-e-type=\"column\">\n\t\t\t<div class=\"elementor-widget-wrap elementor-element-populated\">\n\t\t\t\t\t\t<div class=\"elementor-element elementor-element-68278cf elementor-widget elementor-widget-text-editor\" data-id=\"68278cf\" data-element_type=\"widget\" data-e-type=\"widget\" data-widget_type=\"text-editor.default\">\n\t\t\t\t<div class=\"elementor-widget-container\">\n\t\t\t\t\t\t\t\t\t<p>SHE est repr\u00e9sent\u00e9e dans le monde entier et propose une gamme compl\u00e8te d'extensions de cheveux de couleurs, de textures et de longueurs diff\u00e9rentes qui inspirent la cr\u00e9ativit\u00e9 des stylistes professionnels.<\/p>\t\t\t\t\t\t\t\t<\/div>\n\t\t\t\t<\/div>\n\t\t\t\t<div class=\"elementor-element elementor-element-2d57a37 elementor-widget elementor-widget-text-editor\" data-id=\"2d57a37\" data-element_type=\"widget\" data-e-type=\"widget\" data-widget_type=\"text-editor.default\">\n\t\t\t\t<div class=\"elementor-widget-container\">\n\t\t\t\t\t\t\t\t\t<p>Avec plus de 20 ans d'exp\u00e9rience, nous nous engageons \u00e0 fournir une qualit\u00e9 exceptionnelle, des produits innovants et des prix comp\u00e9titifs. Notre qu\u00eate incessante de l'excellence a fait de nous un nom de confiance dans l'industrie. Nous sommes fiers d'offrir non seulement des cheveux de qualit\u00e9 sup\u00e9rieure, mais aussi un service \u00e0 la client\u00e8le in\u00e9gal\u00e9, garantissant \u00e0 nos clients une exp\u00e9rience sans faille.<\/p>\t\t\t\t\t\t\t\t<\/div>\n\t\t\t\t<\/div>\n\t\t\t\t\t<\/div>\n\t\t<\/div>\n\t\t\t\t\t<\/div>\n\t\t<\/section>\n\t\t\t\t<div class=\"elementor-element elementor-element-9a0f3e5 elementor-align-center elementor-widget elementor-widget-razzi-button\" data-id=\"9a0f3e5\" data-element_type=\"widget\" data-e-type=\"widget\" data-widget_type=\"razzi-button.default\">\n\t\t\t\t<div class=\"elementor-widget-container\">\n\t\t\t\t\t        <a href=\"https:\/\/socap.nl\/fr\/shop\/\" class=\"razzi-button-link razzi-button\">\n\t\t\t\t\t\t\t\t\t<span class=\"razzi-button-text\">Acheter<\/span>        <\/a>\n\t\t\t\t\t\t<\/div>\n\t\t\t\t<\/div>\n\t\t\t\t\t<\/div>\n\t\t<\/div>\n\t\t\t\t\t<\/div>\n\t\t<\/section>\n\t\t\t\t<section class=\"elementor-section elementor-top-section elementor-element elementor-element-d546ecf elementor-section-boxed elementor-section-height-default elementor-section-height-default\" data-id=\"d546ecf\" data-element_type=\"section\" data-e-type=\"section\">\n\t\t\t\t\t\t<div class=\"elementor-container elementor-column-gap-extended\">\n\t\t\t\t\t<div class=\"elementor-column elementor-col-50 elementor-top-column elementor-element elementor-element-d2c4dae\" data-id=\"d2c4dae\" data-element_type=\"column\" data-e-type=\"column\">\n\t\t\t<div class=\"elementor-widget-wrap elementor-element-populated\">\n\t\t\t\t\t\t<div class=\"elementor-element elementor-element-44106c2 elementor-widget elementor-widget-heading\" data-id=\"44106c2\" data-element_type=\"widget\" data-e-type=\"widget\" data-widget_type=\"heading.default\">\n\t\t\t\t<div class=\"elementor-widget-container\">\n\t\t\t\t\t<h6 class=\"elementor-heading-title elementor-size-default\">EXTENSION DE CHEVEUX<\/h6>\t\t\t\t<\/div>\n\t\t\t\t<\/div>\n\t\t\t\t<div class=\"elementor-element elementor-element-571e772 elementor-widget elementor-widget-heading\" data-id=\"571e772\" data-element_type=\"widget\" data-e-type=\"widget\" data-widget_type=\"heading.default\">\n\t\t\t\t<div class=\"elementor-widget-container\">\n\t\t\t\t\t<h3 class=\"elementor-heading-title elementor-size-default\">Pourquoi choisir SHE ?<\/h3>\t\t\t\t<\/div>\n\t\t\t\t<\/div>\n\t\t\t\t<div class=\"elementor-element elementor-element-92f7a50 elementor-widget elementor-widget-text-editor\" data-id=\"92f7a50\" data-element_type=\"widget\" data-e-type=\"widget\" data-widget_type=\"text-editor.default\">\n\t\t\t\t<div class=\"elementor-widget-container\">\n\t\t\t\t\t\t\t\t\t<ul><li><strong>Des cheveux de premi\u00e8re qualit\u00e9 :<\/strong> 100% : v\u00e9ritables cheveux indiens vierges aux cuticules intactes.<\/li><li><strong>Diverses options :<\/strong> Un large choix de couleurs, de textures et de longueurs.<\/li><li><strong>Expertise mondiale :<\/strong> Plus de deux d\u00e9cennies d'innovation et d'excellence.<\/li><li><strong>Prix comp\u00e9titifs :<\/strong> Des produits de luxe \u00e0 des prix abordables.<\/li><li><strong>Un service exceptionnel :<\/strong> Un soutien personnalis\u00e9 pour chaque client.<\/li><\/ul>\t\t\t\t\t\t\t\t<\/div>\n\t\t\t\t<\/div>\n\t\t\t\t\t<\/div>\n\t\t<\/div>\n\t\t\t\t<div class=\"elementor-column elementor-col-50 elementor-top-column elementor-element elementor-element-42aaa27\" data-id=\"42aaa27\" data-element_type=\"column\" data-e-type=\"column\">\n\t\t\t<div class=\"elementor-widget-wrap elementor-element-populated\">\n\t\t\t\t\t\t<div class=\"elementor-element elementor-element-e7bc62e elementor-widget elementor-widget-image\" data-id=\"e7bc62e\" data-element_type=\"widget\" data-e-type=\"widget\" data-widget_type=\"image.default\">\n\t\t\t\t<div class=\"elementor-widget-container\">\n\t\t\t\t\t\t\t\t\t\t\t\t\t\t\t<img decoding=\"async\" width=\"640\" height=\"768\" src=\"https:\/\/socap.nl\/wp-content\/uploads\/2024\/04\/Model-SnowWhite-Bleach-KIS-.webp\" class=\"attachment-large size-large wp-image-19967\" alt=\"\" srcset=\"https:\/\/socap.nl\/wp-content\/uploads\/2024\/04\/Model-SnowWhite-Bleach-KIS-.webp 670w, https:\/\/socap.nl\/wp-content\/uploads\/2024\/04\/Model-SnowWhite-Bleach-KIS--250x300.webp 250w, https:\/\/socap.nl\/wp-content\/uploads\/2024\/04\/Model-SnowWhite-Bleach-KIS--10x12.webp 10w, https:\/\/socap.nl\/wp-content\/uploads\/2024\/04\/Model-SnowWhite-Bleach-KIS--370x444.webp 370w\" sizes=\"(max-width: 640px) 100vw, 640px\" \/>\t\t\t\t\t\t\t\t\t\t\t\t\t\t\t<\/div>\n\t\t\t\t<\/div>\n\t\t\t\t\t<\/div>\n\t\t<\/div>\n\t\t\t\t\t<\/div>\n\t\t<\/section>\n\t\t\t\t<section class=\"elementor-section elementor-top-section elementor-element elementor-element-8760a14 elementor-section-boxed elementor-section-height-default elementor-section-height-default\" data-id=\"8760a14\" data-element_type=\"section\" data-e-type=\"section\" data-settings=\"{&quot;background_background&quot;:&quot;classic&quot;}\">\n\t\t\t\t\t\t<div class=\"elementor-container elementor-column-gap-no\">\n\t\t\t\t\t<div class=\"elementor-column elementor-col-100 elementor-top-column elementor-element elementor-element-d470663\" data-id=\"d470663\" data-element_type=\"column\" data-e-type=\"column\" data-settings=\"{&quot;background_background&quot;:&quot;classic&quot;,&quot;background_motion_fx_motion_fx_scrolling&quot;:&quot;yes&quot;}\">\n\t\t\t<div class=\"elementor-widget-wrap elementor-element-populated\">\n\t\t\t\t\t\t<div class=\"elementor-element elementor-element-1915ec9 elementor-widget-mobile__width-inherit elementor-widget elementor-widget-text-editor\" data-id=\"1915ec9\" data-element_type=\"widget\" data-e-type=\"widget\" data-widget_type=\"text-editor.default\">\n\t\t\t\t<div class=\"elementor-widget-container\">\n\t\t\t\t\t\t\t\t\t<p><span style=\"color: #000000;\"><strong>Nous contacter<\/strong><\/span><br \/>\ud83d\udcde +31 (0)45 561 11 12<br \/>\ud83d\udce7 <a rel=\"noopener\">info@socap.nl<\/a><br \/>\ud83d\udccd Kasteellaan 79A, 6415 HN, Heerlen, Pays-Bas<\/p>\t\t\t\t\t\t\t\t<\/div>\n\t\t\t\t<\/div>\n\t\t\t\t\t<\/div>\n\t\t<\/div>\n\t\t\t\t\t<\/div>\n\t\t<\/section>\n\t\t\t\t<section class=\"elementor-section elementor-top-section elementor-element elementor-element-64c09b3 elementor-section-boxed elementor-section-height-default elementor-section-height-default\" data-id=\"64c09b3\" data-element_type=\"section\" data-e-type=\"section\">\n\t\t\t\t\t\t<div class=\"elementor-container elementor-column-gap-extended\">\n\t\t\t\t\t<div class=\"elementor-column elementor-col-25 elementor-top-column elementor-element elementor-element-e366fb2 elementor-hidden-mobile\" data-id=\"e366fb2\" data-element_type=\"column\" data-e-type=\"column\">\n\t\t\t<div class=\"elementor-widget-wrap\">\n\t\t\t\t\t\t\t<\/div>\n\t\t<\/div>\n\t\t\t\t<div class=\"elementor-column elementor-col-25 elementor-top-column elementor-element elementor-element-0717a3f\" data-id=\"0717a3f\" data-element_type=\"column\" data-e-type=\"column\">\n\t\t\t<div class=\"elementor-widget-wrap elementor-element-populated\">\n\t\t\t\t\t\t<div class=\"elementor-element elementor-element-c7e9ad8 elementor-widget-mobile__width-inherit elementor-widget elementor-widget-image\" data-id=\"c7e9ad8\" data-element_type=\"widget\" data-e-type=\"widget\" data-widget_type=\"image.default\">\n\t\t\t\t<div class=\"elementor-widget-container\">\n\t\t\t\t\t\t\t\t\t\t\t\t\t\t\t\t<a href=\"https:\/\/socap.nl\/fr\/shop\/\">\n\t\t\t\t\t\t\t<img decoding=\"async\" width=\"640\" height=\"768\" src=\"https:\/\/socap.nl\/wp-content\/uploads\/2024\/03\/Model-Extensions-Wefts.webp\" class=\"attachment-large size-large wp-image-20079\" alt=\"\" srcset=\"https:\/\/socap.nl\/wp-content\/uploads\/2024\/03\/Model-Extensions-Wefts.webp 670w, https:\/\/socap.nl\/wp-content\/uploads\/2024\/03\/Model-Extensions-Wefts-250x300.webp 250w, https:\/\/socap.nl\/wp-content\/uploads\/2024\/03\/Model-Extensions-Wefts-10x12.webp 10w, https:\/\/socap.nl\/wp-content\/uploads\/2024\/03\/Model-Extensions-Wefts-370x444.webp 370w\" sizes=\"(max-width: 640px) 100vw, 640px\" \/>\t\t\t\t\t\t\t\t<\/a>\n\t\t\t\t\t\t\t\t\t\t\t\t\t\t\t<\/div>\n\t\t\t\t<\/div>\n\t\t\t\t<div class=\"elementor-element elementor-element-5b4a736 elementor-widget-mobile__width-inherit elementor-widget elementor-widget-image\" data-id=\"5b4a736\" data-element_type=\"widget\" data-e-type=\"widget\" data-widget_type=\"image.default\">\n\t\t\t\t<div class=\"elementor-widget-container\">\n\t\t\t\t\t\t\t\t\t\t\t\t\t\t\t\t<a href=\"https:\/\/socap.nl\/fr\/shop\/\">\n\t\t\t\t\t\t\t<img loading=\"lazy\" decoding=\"async\" width=\"640\" height=\"768\" src=\"https:\/\/socap.nl\/wp-content\/uploads\/2024\/04\/Bonding-Natural-Colors-40506070cm.webp\" class=\"attachment-large size-large wp-image-20072\" alt=\"\" srcset=\"https:\/\/socap.nl\/wp-content\/uploads\/2024\/04\/Bonding-Natural-Colors-40506070cm.webp 670w, https:\/\/socap.nl\/wp-content\/uploads\/2024\/04\/Bonding-Natural-Colors-40506070cm-250x300.webp 250w, https:\/\/socap.nl\/wp-content\/uploads\/2024\/04\/Bonding-Natural-Colors-40506070cm-10x12.webp 10w, https:\/\/socap.nl\/wp-content\/uploads\/2024\/04\/Bonding-Natural-Colors-40506070cm-370x444.webp 370w\" sizes=\"(max-width: 640px) 100vw, 640px\" \/>\t\t\t\t\t\t\t\t<\/a>\n\t\t\t\t\t\t\t\t\t\t\t\t\t\t\t<\/div>\n\t\t\t\t<\/div>\n\t\t\t\t\t<\/div>\n\t\t<\/div>\n\t\t\t\t<div class=\"elementor-column elementor-col-25 elementor-top-column elementor-element elementor-element-0721a6c\" data-id=\"0721a6c\" data-element_type=\"column\" data-e-type=\"column\">\n\t\t\t<div class=\"elementor-widget-wrap elementor-element-populated\">\n\t\t\t\t\t\t<div class=\"elementor-element elementor-element-fcb8f3b elementor-widget-mobile__width-inherit elementor-widget elementor-widget-image\" data-id=\"fcb8f3b\" data-element_type=\"widget\" data-e-type=\"widget\" data-widget_type=\"image.default\">\n\t\t\t\t<div class=\"elementor-widget-container\">\n\t\t\t\t\t\t\t\t\t\t\t\t\t\t\t\t<a href=\"https:\/\/socap.nl\/fr\/shop\/\">\n\t\t\t\t\t\t\t<img loading=\"lazy\" decoding=\"async\" width=\"640\" height=\"768\" src=\"https:\/\/socap.nl\/wp-content\/uploads\/2024\/05\/Extensions-Bonding-Natural-Colors-Wavy-Curly-1.webp\" class=\"attachment-large size-large wp-image-19960\" alt=\"\" srcset=\"https:\/\/socap.nl\/wp-content\/uploads\/2024\/05\/Extensions-Bonding-Natural-Colors-Wavy-Curly-1.webp 670w, https:\/\/socap.nl\/wp-content\/uploads\/2024\/05\/Extensions-Bonding-Natural-Colors-Wavy-Curly-1-250x300.webp 250w, https:\/\/socap.nl\/wp-content\/uploads\/2024\/05\/Extensions-Bonding-Natural-Colors-Wavy-Curly-1-10x12.webp 10w, https:\/\/socap.nl\/wp-content\/uploads\/2024\/05\/Extensions-Bonding-Natural-Colors-Wavy-Curly-1-370x444.webp 370w\" sizes=\"(max-width: 640px) 100vw, 640px\" \/>\t\t\t\t\t\t\t\t<\/a>\n\t\t\t\t\t\t\t\t\t\t\t\t\t\t\t<\/div>\n\t\t\t\t<\/div>\n\t\t\t\t<div class=\"elementor-element elementor-element-25d36d8 elementor-widget-mobile__width-inherit elementor-widget elementor-widget-image\" data-id=\"25d36d8\" data-element_type=\"widget\" data-e-type=\"widget\" data-widget_type=\"image.default\">\n\t\t\t\t<div class=\"elementor-widget-container\">\n\t\t\t\t\t\t\t\t\t\t\t\t\t\t\t\t<a href=\"https:\/\/socap.nl\/fr\/shop\/\">\n\t\t\t\t\t\t\t<img loading=\"lazy\" decoding=\"async\" width=\"640\" height=\"768\" src=\"https:\/\/socap.nl\/wp-content\/uploads\/2024\/04\/Model-SHE-4-YOU-Shampoo-250ml.webp\" class=\"attachment-large size-large wp-image-20043\" alt=\"\" srcset=\"https:\/\/socap.nl\/wp-content\/uploads\/2024\/04\/Model-SHE-4-YOU-Shampoo-250ml.webp 670w, https:\/\/socap.nl\/wp-content\/uploads\/2024\/04\/Model-SHE-4-YOU-Shampoo-250ml-250x300.webp 250w, https:\/\/socap.nl\/wp-content\/uploads\/2024\/04\/Model-SHE-4-YOU-Shampoo-250ml-10x12.webp 10w, https:\/\/socap.nl\/wp-content\/uploads\/2024\/04\/Model-SHE-4-YOU-Shampoo-250ml-370x444.webp 370w\" sizes=\"(max-width: 640px) 100vw, 640px\" \/>\t\t\t\t\t\t\t\t<\/a>\n\t\t\t\t\t\t\t\t\t\t\t\t\t\t\t<\/div>\n\t\t\t\t<\/div>\n\t\t\t\t\t<\/div>\n\t\t<\/div>\n\t\t\t\t<div class=\"elementor-column elementor-col-25 elementor-top-column elementor-element elementor-element-913e11a elementor-hidden-mobile\" data-id=\"913e11a\" data-element_type=\"column\" data-e-type=\"column\">\n\t\t\t<div class=\"elementor-widget-wrap\">\n\t\t\t\t\t\t\t<\/div>\n\t\t<\/div>\n\t\t\t\t\t<\/div>\n\t\t<\/section>\n\t\t<div class=\"elementor-element elementor-element-c4138a0 e-flex e-con-boxed e-con e-parent\" data-id=\"c4138a0\" data-element_type=\"container\" data-e-type=\"container\">\n\t\t\t\t\t<div class=\"e-con-inner\">\n\t\t\t\t<div class=\"elementor-element elementor-element-7795cc1 elementor-align-center elementor-widget elementor-widget-razzi-button\" data-id=\"7795cc1\" data-element_type=\"widget\" data-e-type=\"widget\" data-widget_type=\"razzi-button.default\">\n\t\t\t\t<div class=\"elementor-widget-container\">\n\t\t\t\t\t        <a href=\"https:\/\/socap.nl\/fr\/shop\/\" class=\"razzi-button-link razzi-button\">\n\t\t\t\t\t\t\t\t\t<span class=\"razzi-button-text\">Acheter<\/span>        <\/a>\n\t\t\t\t\t\t<\/div>\n\t\t\t\t<\/div>\n\t\t\t\t\t<\/div>\n\t\t\t\t<\/div>\n\t\t\t\t<\/div>","protected":false},"excerpt":{"rendered":"<p>Where Beauty Begins, and Confidence Lasts Forever. she hair extension About Us and Our Hair At SHE, we take pride in offering only the finest quality hair extensions, crafted from 100% real Indian hair. Our hair is meticulously sorted, combed, and bonded (REMIS-Hair) to achieve flawless results that meet the highest standards of excellence. The [&hellip;]<\/p>\n","protected":false},"author":1,"featured_media":0,"parent":0,"menu_order":0,"comment_status":"closed","ping_status":"closed","template":"","meta":{"footnotes":""},"class_list":["post-633","page","type-page","status-publish","hentry"],"_links":{"self":[{"href":"https:\/\/socap.nl\/fr\/wp-json\/wp\/v2\/pages\/633","targetHints":{"allow":["GET"]}}],"collection":[{"href":"https:\/\/socap.nl\/fr\/wp-json\/wp\/v2\/pages"}],"about":[{"href":"https:\/\/socap.nl\/fr\/wp-json\/wp\/v2\/types\/page"}],"author":[{"embeddable":true,"href":"https:\/\/socap.nl\/fr\/wp-json\/wp\/v2\/users\/1"}],"replies":[{"embeddable":true,"href":"https:\/\/socap.nl\/fr\/wp-json\/wp\/v2\/comments?post=633"}],"version-history":[{"count":0,"href":"https:\/\/socap.nl\/fr\/wp-json\/wp\/v2\/pages\/633\/revisions"}],"wp:attachment":[{"href":"https:\/\/socap.nl\/fr\/wp-json\/wp\/v2\/media?parent=633"}],"curies":[{"name":"wp","href":"https:\/\/api.w.org\/{rel}","templated":true}]}}