
{"id":16928,"date":"2024-05-30T23:25:31","date_gmt":"2024-05-30T21:25:31","guid":{"rendered":"https:\/\/socap.nl\/?post_type=product&#038;p=16928"},"modified":"2025-05-25T19:09:19","modified_gmt":"2025-05-25T17:09:19","slug":"extensions-bonding-natural-colors-wavy-curly","status":"publish","type":"product","link":"https:\/\/socap.nl\/fr\/produit\/extensions-bonding-couleurs-naturelles-wavy-curly\/","title":{"rendered":"Extensions de cheveux Bonding Natural Colors Wavy &amp; Curly"},"content":{"rendered":"<p>Il existe diff\u00e9rentes techniques de pose d'extensions de cheveux, mais la k\u00e9ratine est la m\u00e9thode la plus populaire et la plus durable. La k\u00e9ratine, une prot\u00e9ine imperm\u00e9able, est chauff\u00e9e \u00e0 l'aide d'un outil sp\u00e9cialis\u00e9 pour agir comme un adh\u00e9sif puissant. Ce proc\u00e9d\u00e9 permet d'int\u00e9grer parfaitement les extensions \u00e0 la structure naturelle des cheveux, pour un r\u00e9sultat invisible et impeccable. La finition est naturelle, l\u00e9g\u00e8re au toucher et offre un aspect de qualit\u00e9 professionnelle.<\/p>\n<p>Le retrait est tout aussi simple et respectueux des cheveux. Un produit sp\u00e9cial, con\u00e7u sp\u00e9cialement pour les liaisons k\u00e9ratiniques, permet de d\u00e9tacher facilement les extensions tout en prot\u00e9geant la sant\u00e9 de vos cheveux naturels tout au long du processus.<\/p>\n<p>Extensions li\u00e9es \u00e0 la k\u00e9ratine : durables, sans couture et faciles \u00e0 enlever. Disponible en 100% cheveux naturels, 50\/60 cm, ondul\u00e9s ou boucl\u00e9s.<\/p>\n<p><strong>Donn\u00e9es techniques :<\/strong><\/p>\n<ul>\n<li><strong>Cheveux :<\/strong> 100% cheveux naturels avec liaison \u00e0 la k\u00e9ratine<\/li>\n<li><strong>M\u00e9thode de candidature :<\/strong> Syst\u00e8me de liaison \u00e0 la k\u00e9ratine<\/li>\n<li><strong>Emballage :<\/strong> 10 brins par paquet<\/li>\n<li><strong>Longueur :<\/strong> 50\/60 cm<\/li>\n<li><strong>Options de style :<\/strong> Ondul\u00e9 ou boucl\u00e9<\/li>\n<\/ul>\n<p>Extensions li\u00e9es \u00e0 la k\u00e9ratine : durables, sans couture et faciles \u00e0 enlever. Disponible en 100% cheveux naturels, 50\/60 cm, ondul\u00e9s ou boucl\u00e9s.<\/p>\n<p>Choisissez votre structure - choisissez votre couleur - ajoutez-la \u00e0 la carte !<\/p>","protected":false},"excerpt":{"rendered":"<p>There are various techniques for applying hair extensions, but keratin bonding is the most popular and long-lasting method. Keratin, a waterproof protein, is heated using a specialized tool to act as a strong adhesive. This process seamlessly integrates the extensions into the natural hair structure, ensuring an invisible and flawless result. The finish looks natural, [&hellip;]<\/p>\n","protected":false},"featured_media":19960,"template":"","meta":[],"product_cat":[924,901,870,925],"product_tag":[823],"class_list":{"0":"post-16928","1":"product","2":"type-product","3":"status-publish","4":"has-post-thumbnail","6":"product_brand-shehair-extensions","7":"product_cat-all-products","8":"product_cat-hair-extensions","9":"product_cat-hair-extensions-keratin","10":"product_cat-she-hair-extensions","11":"product_tag-extensions","12":"pa_color-1b","13":"pa_color-170","14":"pa_color-93","15":"pa_color-94","16":"pa_color-95","17":"pa_color-96","18":"pa_color-97","19":"pa_color-98","20":"pa_color-99","21":"pa_color-100","22":"pa_color-101","23":"pa_color-102","24":"pa_color-103","25":"pa_color-126","26":"pa_color-127","27":"pa_color-105","28":"pa_color-106","29":"pa_color-107","30":"pa_color-123","31":"pa_color-db2","32":"pa_color-db3","33":"pa_color-db4","34":"pa_color-108","35":"pa_color-109","36":"pa_color-110","37":"pa_color-104","38":"pa_color-111","39":"pa_color-122","40":"pa_color-112","41":"pa_color-113","42":"pa_color-114","43":"pa_color-115","44":"pa_color-125","45":"pa_color-120","46":"pa_color-121","47":"pa_color-124","48":"pa_color-116","49":"pa_color-117","50":"pa_color-118","51":"pa_color-119","53":"first","54":"instock","55":"featured","56":"taxable","57":"shipping-taxable","58":"purchasable","59":"product-type-variable"},"_links":{"self":[{"href":"https:\/\/socap.nl\/fr\/wp-json\/wp\/v2\/product\/16928","targetHints":{"allow":["GET"]}}],"collection":[{"href":"https:\/\/socap.nl\/fr\/wp-json\/wp\/v2\/product"}],"about":[{"href":"https:\/\/socap.nl\/fr\/wp-json\/wp\/v2\/types\/product"}],"version-history":[{"count":0,"href":"https:\/\/socap.nl\/fr\/wp-json\/wp\/v2\/product\/16928\/revisions"}],"wp:featuredmedia":[{"embeddable":true,"href":"https:\/\/socap.nl\/fr\/wp-json\/wp\/v2\/media\/19960"}],"wp:attachment":[{"href":"https:\/\/socap.nl\/fr\/wp-json\/wp\/v2\/media?parent=16928"}],"wp:term":[{"taxonomy":"product_cat","embeddable":true,"href":"https:\/\/socap.nl\/fr\/wp-json\/wp\/v2\/product_cat?post=16928"},{"taxonomy":"product_tag","embeddable":true,"href":"https:\/\/socap.nl\/fr\/wp-json\/wp\/v2\/product_tag?post=16928"}],"curies":[{"name":"wp","href":"https:\/\/api.w.org\/{rel}","templated":true}]}}