
{"id":21008,"date":"2025-02-11T20:03:48","date_gmt":"2025-02-11T19:03:48","guid":{"rendered":"https:\/\/socap.pwdev.de\/?post_type=product&#038;p=21008"},"modified":"2026-04-01T13:08:46","modified_gmt":"2026-04-01T11:08:46","slug":"wefts","status":"publish","type":"product","link":"https:\/\/socap.nl\/fr\/produit\/trames\/","title":{"rendered":"Extensions de trame"},"content":{"rendered":"<p>Le syst\u00e8me de trame pour cheveux longs est la technique la plus ancienne dans le domaine des extensions de cheveux et provient des pays d'Afrique et d'Am\u00e9rique du Sud. Ce syst\u00e8me est le plus rapide de toutes les extensions de cheveux \"semi-permanentes\", car les bandes de cheveux entrelac\u00e9es sont cousues sur des trames parall\u00e8les. Pour obtenir le r\u00e9sultat le plus naturel possible, il est conseill\u00e9 de choisir les nuances les plus proches de votre couleur de base.<\/p>\n<p>Donn\u00e9es techniques :<br \/>\n- Cheveux : 100% cheveux naturels tress\u00e9s<br \/>\n- Emballage : 1 pi\u00e8ce<br \/>\n- Longueur (cm) : 50\/60cm<br \/>\n- Largeur (cm) : 130<br \/>\n- Poids (gr.) : 100<br \/>\n- Coiffure : raide<\/p>","protected":false},"excerpt":{"rendered":"<h5><strong>50\/60cm droit<\/strong><\/h5>","protected":false},"featured_media":20078,"template":"","meta":[],"product_cat":[924,901,925,872],"product_tag":[823,893,894,899],"class_list":{"0":"post-21008","1":"product","2":"type-product","3":"status-publish","4":"has-post-thumbnail","6":"product_brand-shehair-extensions","7":"product_cat-all-products","8":"product_cat-hair-extensions","9":"product_cat-she-hair-extensions","10":"product_cat-wefts","11":"product_tag-extensions","12":"product_tag-hair","13":"product_tag-hair-extensions","14":"product_tag-wefts","15":"pa_color-1b","16":"pa_color-170","17":"pa_color-93","18":"pa_color-94","19":"pa_color-95","20":"pa_color-96","21":"pa_color-97","22":"pa_color-98","23":"pa_color-99","24":"pa_color-100","25":"pa_color-101","26":"pa_color-102","27":"pa_color-103","28":"pa_color-126","29":"pa_color-127","30":"pa_color-105","31":"pa_color-106","32":"pa_color-107","33":"pa_color-123","34":"pa_color-db2","35":"pa_color-db3","36":"pa_color-db4","37":"pa_color-108","38":"pa_color-109","39":"pa_color-110","40":"pa_color-104","41":"pa_color-111","42":"pa_color-122","43":"pa_color-112","44":"pa_color-113","45":"pa_color-114","46":"pa_color-115","47":"pa_color-125","48":"pa_color-120","49":"pa_color-121","50":"pa_color-124","51":"pa_color-116","52":"pa_color-117","53":"pa_color-118","54":"pa_color-119","55":"pa_color-m6-12","56":"pa_color-m6-27","57":"pa_color-m8-26","58":"pa_color-m12-26","59":"pa_color-m14-1001","60":"pa_color-m18-24","61":"pa_color-m20-27","62":"pa_color-m32-130","63":"pa_color-b18-24","65":"first","66":"instock","67":"featured","68":"taxable","69":"shipping-taxable","70":"purchasable","71":"product-type-variable","72":"has-default-attributes"},"_links":{"self":[{"href":"https:\/\/socap.nl\/fr\/wp-json\/wp\/v2\/product\/21008","targetHints":{"allow":["GET"]}}],"collection":[{"href":"https:\/\/socap.nl\/fr\/wp-json\/wp\/v2\/product"}],"about":[{"href":"https:\/\/socap.nl\/fr\/wp-json\/wp\/v2\/types\/product"}],"version-history":[{"count":0,"href":"https:\/\/socap.nl\/fr\/wp-json\/wp\/v2\/product\/21008\/revisions"}],"wp:featuredmedia":[{"embeddable":true,"href":"https:\/\/socap.nl\/fr\/wp-json\/wp\/v2\/media\/20078"}],"wp:attachment":[{"href":"https:\/\/socap.nl\/fr\/wp-json\/wp\/v2\/media?parent=21008"}],"wp:term":[{"taxonomy":"product_cat","embeddable":true,"href":"https:\/\/socap.nl\/fr\/wp-json\/wp\/v2\/product_cat?post=21008"},{"taxonomy":"product_tag","embeddable":true,"href":"https:\/\/socap.nl\/fr\/wp-json\/wp\/v2\/product_tag?post=21008"}],"curies":[{"name":"wp","href":"https:\/\/api.w.org\/{rel}","templated":true}]}}