
{"id":2644,"date":"2024-03-09T22:32:56","date_gmt":"2024-03-09T21:32:56","guid":{"rendered":"https:\/\/socap.nl\/?post_type=product&#038;p=2644"},"modified":"2026-04-22T13:39:56","modified_gmt":"2026-04-22T11:39:56","slug":"clip-in-extension","status":"publish","type":"product","link":"https:\/\/socap.nl\/fr\/produit\/extension-a-clipser\/","title":{"rendered":"Extensions \u00e0 clipser"},"content":{"rendered":"<p>Si vous souhaitez un look toujours changeant et facilement interchangeable, le syst\u00e8me \u00e0 clip est la technique la plus appropri\u00e9e. Il est rapide et facile \u00e0 utiliser et permet d'attacher des bandes de cheveux pr\u00e9tress\u00e9es de diff\u00e9rentes tailles. Il n'y a pas de tension sur les cheveux car le clip fonctionne comme une pince \u00e0 cheveux normale.<br \/>\nLa dur\u00e9e et les performances sont diff\u00e9rentes de celles d'une fixation semi-permanente, mais en raison de l'extr\u00eame facilit\u00e9 d'application, l'aide d'un professionnel n'est pas n\u00e9cessairement requise.<br \/>\nPour un r\u00e9sultat impeccable, il est conseill\u00e9 de choisir des extensions dont le rapport poids\/longueur est correct.<br \/>\nD\u00e9couvrez toutes les variantes de syst\u00e8mes de clips propos\u00e9es par She.<\/p>\n<p>Donn\u00e9es techniques :<br \/>\n- Cheveux : 100% naturels<br \/>\n- Application : Syst\u00e8me de clips<br \/>\n- Longueur (cm) : 50-55<br \/>\n- Poids (gr) : 65<br \/>\n- Coiffure : droite<br \/>\n- Emballage : 3 pi\u00e8ces<br \/>\n- 3 pi\u00e8ces (B) : 16 cm avec 3 clips<\/p>","protected":false},"excerpt":{"rendered":"<p>If you want a constantly changing and easily interchangeable look, the clip system is the most suitable technique. It is quick and easy to use and allows you to attach pre-braided hair bands in different sizes. There is no stress on the hair as the clip works like a normal hair clip. The duration and [&hellip;]<\/p>\n","protected":false},"featured_media":20143,"template":"","meta":[],"product_cat":[924,873,901],"product_tag":[900,823,893,894],"class_list":{"0":"post-2644","1":"product","2":"type-product","3":"status-publish","4":"has-post-thumbnail","6":"product_brand-shehair-extensions","7":"product_cat-all-products","8":"product_cat-clip-in","9":"product_cat-hair-extensions","10":"product_tag-clip-in","11":"product_tag-extensions","12":"product_tag-hair","13":"product_tag-hair-extensions","14":"pa_color-1b","15":"pa_color-170","16":"pa_color-93","17":"pa_color-94","18":"pa_color-95","19":"pa_color-96","20":"pa_color-97","21":"pa_color-98","22":"pa_color-99","23":"pa_color-100","24":"pa_color-101","25":"pa_color-103","26":"pa_color-127","27":"pa_color-105","28":"pa_color-106","29":"pa_color-107","30":"pa_color-123","31":"pa_color-db3","32":"pa_color-108","33":"pa_color-109","34":"pa_color-122","35":"pa_color-113","36":"pa_color-114","37":"pa_color-115","38":"pa_color-120","39":"pa_color-121","40":"pa_color-124","41":"pa_color-m6-27","42":"pa_color-m8-26","43":"pa_color-m12-26","44":"pa_color-m14-1001","45":"pa_color-m18-24","46":"pa_color-m20-27","47":"pa_color-m32-130","49":"first","50":"instock","51":"featured","52":"taxable","53":"shipping-taxable","54":"purchasable","55":"product-type-variable"},"_links":{"self":[{"href":"https:\/\/socap.nl\/fr\/wp-json\/wp\/v2\/product\/2644","targetHints":{"allow":["GET"]}}],"collection":[{"href":"https:\/\/socap.nl\/fr\/wp-json\/wp\/v2\/product"}],"about":[{"href":"https:\/\/socap.nl\/fr\/wp-json\/wp\/v2\/types\/product"}],"version-history":[{"count":0,"href":"https:\/\/socap.nl\/fr\/wp-json\/wp\/v2\/product\/2644\/revisions"}],"wp:featuredmedia":[{"embeddable":true,"href":"https:\/\/socap.nl\/fr\/wp-json\/wp\/v2\/media\/20143"}],"wp:attachment":[{"href":"https:\/\/socap.nl\/fr\/wp-json\/wp\/v2\/media?parent=2644"}],"wp:term":[{"taxonomy":"product_cat","embeddable":true,"href":"https:\/\/socap.nl\/fr\/wp-json\/wp\/v2\/product_cat?post=2644"},{"taxonomy":"product_tag","embeddable":true,"href":"https:\/\/socap.nl\/fr\/wp-json\/wp\/v2\/product_tag?post=2644"}],"curies":[{"name":"wp","href":"https:\/\/api.w.org\/{rel}","templated":true}]}}