
{"id":2648,"date":"2024-03-09T22:33:51","date_gmt":"2024-03-09T21:33:51","guid":{"rendered":"https:\/\/socap.nl\/?post_type=product&#038;p=2648"},"modified":"2025-03-08T17:59:27","modified_gmt":"2025-03-08T16:59:27","slug":"tape-in-extension","status":"publish","type":"product","link":"https:\/\/socap.nl\/fr\/produit\/bande-en-extension\/","title":{"rendered":"Extension par ruban adh\u00e9sif"},"content":{"rendered":"<p>Syst\u00e8me extensif, avec adh\u00e9sif thermocollant \u00e0 la k\u00e9ratine.<br \/>\nL'\u00e9limination est rapide et facile gr\u00e2ce \u00e0 des produits sp\u00e9ciaux, \u00e9galement \u00e0 base de k\u00e9ratine.<\/p>\n<p>Donn\u00e9es techniques :<br \/>\n- Cheveux : 100% naturels<br \/>\n- Application : Adh\u00e9sif 4 cm<br \/>\n- Emballage : 10 pi\u00e8ces<br \/>\n- Longueur (cm) : 40\/45cm, 55\/60cm<br \/>\n- Poids (gr) : 2 par pi\u00e8ce<br \/>\n- Coiffure : droite<\/p>\n<h4><span style=\"color: #ff0000;\"><strong>CHOISISSEZ VOTRE LONGUEUR - CHOISISSEZ VOTRE COULEUR - AJOUTEZ-LA \u00c0 LA CARTE !!!<\/strong><\/span><\/h4>","protected":false},"excerpt":{"rendered":"<p>Extensive system, with keratin heat-sealing adhesive. Removal is quick and easy using special products, also keratin-based. Technical data: &#8211; Hair: 100% natural &#8211; Application: Adhesive 4 cm &#8211; Packaging: 10 pieces &#8211; Length (cm): 40\/45cm, 55\/60cm &#8211; Weight (gr): 2 per piece &#8211; Styling: straight CHOOSE YOUR LENGHT &#8211; CHOOSE YOUR COLOR &#8211; AD IT [&hellip;]<\/p>\n","protected":false},"featured_media":20137,"template":"","meta":[],"product_cat":[924,871,901],"product_tag":[823,893,894,898],"class_list":{"0":"post-2648","1":"product","2":"type-product","3":"status-publish","4":"has-post-thumbnail","6":"product_brand-shehair-extensions","7":"product_cat-all-products","8":"product_cat-fashion-tape","9":"product_cat-hair-extensions","10":"product_tag-extensions","11":"product_tag-hair","12":"product_tag-hair-extensions","13":"product_tag-tape","14":"pa_color-1b","15":"pa_color-170","16":"pa_color-93","17":"pa_color-94","18":"pa_color-95","19":"pa_color-96","20":"pa_color-97","21":"pa_color-98","22":"pa_color-101","23":"pa_color-102","24":"pa_color-103","25":"pa_color-126","26":"pa_color-127","27":"pa_color-105","28":"pa_color-106","29":"pa_color-123","30":"pa_color-108","31":"pa_color-120","32":"pa_color-121","33":"pa_color-124","34":"pa_color-117","35":"pa_length-30-40cm","36":"pa_length-50-60cm","38":"first","39":"instock","40":"featured","41":"taxable","42":"shipping-taxable","43":"purchasable","44":"product-type-variable"},"_links":{"self":[{"href":"https:\/\/socap.nl\/fr\/wp-json\/wp\/v2\/product\/2648","targetHints":{"allow":["GET"]}}],"collection":[{"href":"https:\/\/socap.nl\/fr\/wp-json\/wp\/v2\/product"}],"about":[{"href":"https:\/\/socap.nl\/fr\/wp-json\/wp\/v2\/types\/product"}],"version-history":[{"count":0,"href":"https:\/\/socap.nl\/fr\/wp-json\/wp\/v2\/product\/2648\/revisions"}],"wp:featuredmedia":[{"embeddable":true,"href":"https:\/\/socap.nl\/fr\/wp-json\/wp\/v2\/media\/20137"}],"wp:attachment":[{"href":"https:\/\/socap.nl\/fr\/wp-json\/wp\/v2\/media?parent=2648"}],"wp:term":[{"taxonomy":"product_cat","embeddable":true,"href":"https:\/\/socap.nl\/fr\/wp-json\/wp\/v2\/product_cat?post=2648"},{"taxonomy":"product_tag","embeddable":true,"href":"https:\/\/socap.nl\/fr\/wp-json\/wp\/v2\/product_tag?post=2648"}],"curies":[{"name":"wp","href":"https:\/\/api.w.org\/{rel}","templated":true}]}}