
{"id":7027,"date":"2024-04-09T15:14:22","date_gmt":"2024-04-09T13:14:22","guid":{"rendered":"https:\/\/socap.nl\/?post_type=product&#038;p=7027"},"modified":"2025-04-02T14:21:38","modified_gmt":"2025-04-02T12:21:38","slug":"keratin-bondings-ombre","status":"publish","type":"product","link":"https:\/\/socap.nl\/fr\/produit\/liaisons-keratiniques-ombre\/","title":{"rendered":"Extensions Bonding Ombre"},"content":{"rendered":"<p>Il existe plusieurs techniques et syst\u00e8mes pour fixer les extensions.<br \/>\nLa plus connue et la plus permanente est certainement la fixation \u00e0 la k\u00e9ratine. Cette prot\u00e9ine imperm\u00e9able est chauff\u00e9e \u00e0 l'aide d'une machine sp\u00e9ciale et agit ensuite comme une colle.<br \/>\nLes m\u00e8ches s'int\u00e8grent parfaitement \u00e0 la structure mol\u00e9culaire de nos cheveux, garantissant un r\u00e9sultat final parfait avec une fixation invisible.<br \/>\nLe d\u00e9montage est tout aussi rapide et facile, il suffit d'utiliser un produit sp\u00e9cial et d\u00e9licat qui gardera vos cheveux en bonne sant\u00e9.<\/p>\n<p>Donn\u00e9es techniques :<br \/>\n- Cheveux : 100% naturels avec k\u00e9ratine<br \/>\n- Application : Syst\u00e8me de k\u00e9ratine<br \/>\n- Emballage : 10 pi\u00e8ces<br \/>\n- Longueur (cm) : 55-60<br \/>\n- Coiffure : droite<\/p>","protected":false},"excerpt":{"rendered":"<p>There are various techniques and systems for attaching extensions. The best known and most permanent is certainly fixing with keratin. This waterproof protein is heated with a special machine and then acts like an adhesive. The strands integrate perfectly into the molecular structure of our hair, ensuring a perfect end result with an invisible fixation. [&hellip;]<\/p>\n","protected":false},"featured_media":20063,"template":"","meta":[],"product_cat":[924,901,870],"product_tag":[823,893,894,896],"class_list":{"0":"post-7027","1":"product","2":"type-product","3":"status-publish","4":"has-post-thumbnail","6":"product_brand-shehair-extensions","7":"product_cat-all-products","8":"product_cat-hair-extensions","9":"product_cat-hair-extensions-keratin","10":"product_tag-extensions","11":"product_tag-hair","12":"product_tag-hair-extensions","13":"product_tag-ombre","14":"pa_color-t2-61","15":"pa_color-t4-17","16":"pa_color-t6-12","17":"pa_color-t6-27","18":"pa_color-t8-26","19":"pa_color-t10-db2","20":"pa_color-t12-26","21":"pa_color-t14-1001","22":"pa_color-t17-20","23":"pa_color-t18-24","24":"pa_color-t27-20","25":"pa_color-tdb3-20","27":"first","28":"instock","29":"featured","30":"taxable","31":"shipping-taxable","32":"purchasable","33":"product-type-variable"},"_links":{"self":[{"href":"https:\/\/socap.nl\/fr\/wp-json\/wp\/v2\/product\/7027","targetHints":{"allow":["GET"]}}],"collection":[{"href":"https:\/\/socap.nl\/fr\/wp-json\/wp\/v2\/product"}],"about":[{"href":"https:\/\/socap.nl\/fr\/wp-json\/wp\/v2\/types\/product"}],"version-history":[{"count":0,"href":"https:\/\/socap.nl\/fr\/wp-json\/wp\/v2\/product\/7027\/revisions"}],"wp:featuredmedia":[{"embeddable":true,"href":"https:\/\/socap.nl\/fr\/wp-json\/wp\/v2\/media\/20063"}],"wp:attachment":[{"href":"https:\/\/socap.nl\/fr\/wp-json\/wp\/v2\/media?parent=7027"}],"wp:term":[{"taxonomy":"product_cat","embeddable":true,"href":"https:\/\/socap.nl\/fr\/wp-json\/wp\/v2\/product_cat?post=7027"},{"taxonomy":"product_tag","embeddable":true,"href":"https:\/\/socap.nl\/fr\/wp-json\/wp\/v2\/product_tag?post=7027"}],"curies":[{"name":"wp","href":"https:\/\/api.w.org\/{rel}","templated":true}]}}