
{"id":7243,"date":"2024-04-09T15:18:00","date_gmt":"2024-04-09T13:18:00","guid":{"rendered":"https:\/\/socap.nl\/?post_type=product&#038;p=7243"},"modified":"2025-03-08T17:59:20","modified_gmt":"2025-03-08T16:59:20","slug":"keratin-bondings-balayage","status":"publish","type":"product","link":"https:\/\/socap.nl\/fr\/produit\/liaisons-keratiniques-balayage\/","title":{"rendered":"Extensions Bonding Balayage"},"content":{"rendered":"<p>Il existe plusieurs techniques et syst\u00e8mes pour fixer les extensions.<br \/>\nLa plus connue et la plus permanente est certainement la fixation \u00e0 la k\u00e9ratine. Cette prot\u00e9ine imperm\u00e9able est chauff\u00e9e \u00e0 l'aide d'une machine sp\u00e9ciale et agit ensuite comme une colle.<br \/>\nLes m\u00e8ches s'int\u00e8grent parfaitement \u00e0 la structure mol\u00e9culaire de nos cheveux, garantissant un r\u00e9sultat final parfait avec une fixation invisible.<br \/>\nLe d\u00e9montage est tout aussi rapide et facile, il suffit d'utiliser un produit sp\u00e9cial et d\u00e9licat qui gardera vos cheveux en bonne sant\u00e9.<\/p>\n<p>Donn\u00e9es techniques :<br \/>\n- Cheveux : 100% naturels avec k\u00e9ratine<br \/>\n- Application : Syst\u00e8me de k\u00e9ratine<br \/>\n- Emballage : 10 pi\u00e8ces<br \/>\n- Longueur (cm) : 55-60cm<br \/>\n- Coiffure : droite<\/p>","protected":false},"excerpt":{"rendered":"<p>There are various techniques and systems for attaching extensions. The best known and most permanent is certainly fixing with keratin. This waterproof protein is heated with a special machine and then acts like an adhesive. The strands integrate perfectly into the molecular structure of our hair, ensuring a perfect end result with an invisible fixation. [&hellip;]<\/p>\n","protected":false},"featured_media":20060,"template":"","meta":[],"product_cat":[924,901,870],"product_tag":[895,823,893,894],"class_list":{"0":"post-7243","1":"product","2":"type-product","3":"status-publish","4":"has-post-thumbnail","6":"product_brand-shehair-extensions","7":"product_cat-all-products","8":"product_cat-hair-extensions","9":"product_cat-hair-extensions-keratin","10":"product_tag-balayage","11":"product_tag-extensions","12":"product_tag-hair","13":"product_tag-hair-extensions","14":"pa_color-b4-17","15":"pa_color-b6-27","16":"pa_color-b14-1001","17":"pa_color-b17-20","18":"pa_color-b18-24","20":"first","21":"instock","22":"featured","23":"taxable","24":"shipping-taxable","25":"purchasable","26":"product-type-variable"},"_links":{"self":[{"href":"https:\/\/socap.nl\/fr\/wp-json\/wp\/v2\/product\/7243","targetHints":{"allow":["GET"]}}],"collection":[{"href":"https:\/\/socap.nl\/fr\/wp-json\/wp\/v2\/product"}],"about":[{"href":"https:\/\/socap.nl\/fr\/wp-json\/wp\/v2\/types\/product"}],"version-history":[{"count":0,"href":"https:\/\/socap.nl\/fr\/wp-json\/wp\/v2\/product\/7243\/revisions"}],"wp:featuredmedia":[{"embeddable":true,"href":"https:\/\/socap.nl\/fr\/wp-json\/wp\/v2\/media\/20060"}],"wp:attachment":[{"href":"https:\/\/socap.nl\/fr\/wp-json\/wp\/v2\/media?parent=7243"}],"wp:term":[{"taxonomy":"product_cat","embeddable":true,"href":"https:\/\/socap.nl\/fr\/wp-json\/wp\/v2\/product_cat?post=7243"},{"taxonomy":"product_tag","embeddable":true,"href":"https:\/\/socap.nl\/fr\/wp-json\/wp\/v2\/product_tag?post=7243"}],"curies":[{"name":"wp","href":"https:\/\/api.w.org\/{rel}","templated":true}]}}