
{"id":7456,"date":"2024-04-09T15:29:35","date_gmt":"2024-04-09T13:29:35","guid":{"rendered":"https:\/\/socap.nl\/?post_type=product&#038;p=7456"},"modified":"2025-03-08T17:59:19","modified_gmt":"2025-03-08T16:59:19","slug":"keratin-bondings-natural-colors","status":"publish","type":"product","link":"https:\/\/socap.nl\/fr\/produit\/liaisons-keratiniques-couleurs-naturelles\/","title":{"rendered":"Extensions Bonding Couleurs naturelles 40\/50\/60\/70cm"},"content":{"rendered":"<p>Il existe diff\u00e9rentes techniques et syst\u00e8mes de fixation des extensions. La plus connue et la plus permanente est certainement la fixation \u00e0 la k\u00e9ratine.<br \/>\nCette prot\u00e9ine imperm\u00e9able est chauff\u00e9e \u00e0 l'aide d'une machine sp\u00e9ciale et agit alors comme un adh\u00e9sif.<br \/>\nLes m\u00e8ches s'int\u00e8grent parfaitement \u00e0 la structure mol\u00e9culaire de nos cheveux, garantissant un r\u00e9sultat final parfait avec une fixation invisible.<br \/>\nLe d\u00e9montage est tout aussi rapide et facile, il suffit d'utiliser un produit sp\u00e9cial et d\u00e9licat qui gardera vos cheveux en bonne sant\u00e9.<\/p>\n<p>Donn\u00e9es techniques :<br \/>\n- Cheveux : 100% naturels avec k\u00e9ratine<br \/>\n- Application : Syst\u00e8me de k\u00e9ratine<br \/>\n- Emballage : 10 pi\u00e8ces<br \/>\n- Longueur (cm) : 30\/40cm, 40\/50cm, 50\/60cm, 60\/70cm<br \/>\n- Coiffage : droit, ondul\u00e9, boucl\u00e9<\/p>","protected":false},"excerpt":{"rendered":"<p>There are various techniques and systems for attaching extensions. The best known and most permanent is certainly fixing with keratin. This waterproof protein is heated with a special machine and then acts like an adhesive. The strands integrate perfectly into the molecular structure of our hair, ensuring a perfect end result with an invisible fixation. [&hellip;]<\/p>\n","protected":false},"featured_media":20072,"template":"","meta":[],"product_cat":[924,901,870],"product_tag":[823,893,894],"class_list":{"0":"post-7456","1":"product","2":"type-product","3":"status-publish","4":"has-post-thumbnail","6":"product_brand-shehair-extensions","7":"product_cat-all-products","8":"product_cat-hair-extensions","9":"product_cat-hair-extensions-keratin","10":"product_tag-extensions","11":"product_tag-hair","12":"product_tag-hair-extensions","13":"pa_color-1b","14":"pa_color-170","15":"pa_color-93","16":"pa_color-94","17":"pa_color-95","18":"pa_color-96","19":"pa_color-97","20":"pa_color-98","21":"pa_color-99","22":"pa_color-100","23":"pa_color-101","24":"pa_color-102","25":"pa_color-103","26":"pa_color-126","27":"pa_color-127","28":"pa_color-105","29":"pa_color-106","30":"pa_color-107","31":"pa_color-123","32":"pa_color-db2","33":"pa_color-db3","34":"pa_color-db4","35":"pa_color-108","36":"pa_color-109","37":"pa_color-110","38":"pa_color-104","39":"pa_color-111","40":"pa_color-122","41":"pa_color-112","42":"pa_color-113","43":"pa_color-114","44":"pa_color-115","45":"pa_color-125","46":"pa_color-120","47":"pa_color-121","48":"pa_color-124","49":"pa_color-116","50":"pa_color-117","51":"pa_color-118","52":"pa_color-119","53":"pa_length-30-40cm","54":"pa_length-40-50cm","55":"pa_length-50-60cm","56":"pa_length-60-70cm","58":"first","59":"instock","60":"featured","61":"taxable","62":"shipping-taxable","63":"purchasable","64":"product-type-variable"},"_links":{"self":[{"href":"https:\/\/socap.nl\/fr\/wp-json\/wp\/v2\/product\/7456","targetHints":{"allow":["GET"]}}],"collection":[{"href":"https:\/\/socap.nl\/fr\/wp-json\/wp\/v2\/product"}],"about":[{"href":"https:\/\/socap.nl\/fr\/wp-json\/wp\/v2\/types\/product"}],"version-history":[{"count":0,"href":"https:\/\/socap.nl\/fr\/wp-json\/wp\/v2\/product\/7456\/revisions"}],"wp:featuredmedia":[{"embeddable":true,"href":"https:\/\/socap.nl\/fr\/wp-json\/wp\/v2\/media\/20072"}],"wp:attachment":[{"href":"https:\/\/socap.nl\/fr\/wp-json\/wp\/v2\/media?parent=7456"}],"wp:term":[{"taxonomy":"product_cat","embeddable":true,"href":"https:\/\/socap.nl\/fr\/wp-json\/wp\/v2\/product_cat?post=7456"},{"taxonomy":"product_tag","embeddable":true,"href":"https:\/\/socap.nl\/fr\/wp-json\/wp\/v2\/product_tag?post=7456"}],"curies":[{"name":"wp","href":"https:\/\/api.w.org\/{rel}","templated":true}]}}