
{"id":7785,"date":"2024-04-13T10:09:33","date_gmt":"2024-04-13T08:09:33","guid":{"rendered":"https:\/\/socap.nl\/?post_type=product&#038;p=7785"},"modified":"2025-03-08T17:59:14","modified_gmt":"2025-03-08T16:59:14","slug":"argan-conditioner-250ml","status":"publish","type":"product","link":"https:\/\/socap.nl\/fr\/produit\/apres-shampoing-a-largan-250ml\/","title":{"rendered":"Apr\u00e8s-shampoing \u00e0 l'argan 250ml"},"content":{"rendered":"","protected":false},"excerpt":{"rendered":"<p><strong>Les propri\u00e9t\u00e9s b\u00e9n\u00e9fiques de l'huile d'argan combin\u00e9es \u00e0 l'effet antioxydant du b\u00eata-carot\u00e8ne redonnent force et fibre aux cheveux.<\/strong><br \/>\n<strong>Ce produit convient \u00e0 tous les types de cheveux car sa texture l\u00e9g\u00e8re adoucit les cheveux sans les alourdir. Les cheveux sont r\u00e9g\u00e9n\u00e9r\u00e9s de l'int\u00e9rieur et b\u00e9n\u00e9ficient d'une hydratation et d'une brillance absolues.<\/strong><br \/>\n<strong>Conseils d'utilisation : Apr\u00e8s le shampooing, appliquer le masque bien-\u00eatre sur les cheveux mouill\u00e9s et masser pour favoriser l'absorption, puis rincer. Pour un effet plus profond, laissez le masque en place pendant quelques minutes ou rincez-le imm\u00e9diatement.<\/strong><br \/>\n<strong>Pour un r\u00e9sultat optimal, vous pouvez continuer \u00e0 utiliser l'un des produits de la gamme Argan For You sans rin\u00e7age.<\/strong><br \/>\n<strong>Flacon de 250 ml.<\/strong><\/p>","protected":false},"featured_media":20059,"template":"","meta":[],"product_cat":[924,881,875,888],"product_tag":[824,885,887],"class_list":{"0":"post-7785","1":"product","2":"type-product","3":"status-publish","4":"has-post-thumbnail","6":"product_brand-shehair-extensions","7":"product_cat-all-products","8":"product_cat-argan","9":"product_cat-care","10":"product_cat-conditioner","11":"product_tag-argan","12":"product_tag-care","13":"product_tag-conditioner","15":"first","16":"instock","17":"taxable","18":"shipping-taxable","19":"purchasable","20":"product-type-simple"},"_links":{"self":[{"href":"https:\/\/socap.nl\/fr\/wp-json\/wp\/v2\/product\/7785","targetHints":{"allow":["GET"]}}],"collection":[{"href":"https:\/\/socap.nl\/fr\/wp-json\/wp\/v2\/product"}],"about":[{"href":"https:\/\/socap.nl\/fr\/wp-json\/wp\/v2\/types\/product"}],"version-history":[{"count":0,"href":"https:\/\/socap.nl\/fr\/wp-json\/wp\/v2\/product\/7785\/revisions"}],"wp:featuredmedia":[{"embeddable":true,"href":"https:\/\/socap.nl\/fr\/wp-json\/wp\/v2\/media\/20059"}],"wp:attachment":[{"href":"https:\/\/socap.nl\/fr\/wp-json\/wp\/v2\/media?parent=7785"}],"wp:term":[{"taxonomy":"product_cat","embeddable":true,"href":"https:\/\/socap.nl\/fr\/wp-json\/wp\/v2\/product_cat?post=7785"},{"taxonomy":"product_tag","embeddable":true,"href":"https:\/\/socap.nl\/fr\/wp-json\/wp\/v2\/product_tag?post=7785"}],"curies":[{"name":"wp","href":"https:\/\/api.w.org\/{rel}","templated":true}]}}