
{"id":7789,"date":"2024-04-13T10:22:28","date_gmt":"2024-04-13T08:22:28","guid":{"rendered":"https:\/\/socap.nl\/?post_type=product&#038;p=7789"},"modified":"2025-03-08T17:59:07","modified_gmt":"2025-03-08T16:59:07","slug":"argan-shampoo-250ml","status":"publish","type":"product","link":"https:\/\/socap.nl\/fr\/produit\/shampooing-a-largan-250ml\/","title":{"rendered":"Shampooing \u00e0 l'argan 250ml"},"content":{"rendered":"","protected":false},"excerpt":{"rendered":"<p><strong>A base d'huile d'argan, ce shampooing bien-\u00eatre nettoie en douceur, nourrit et fortifie les cheveux en profondeur, en les prot\u00e9geant des actions ext\u00e9rieures de la pollution. Efficacit\u00e9 maximale renforc\u00e9e par des extraits d'algues pour une recharge d'\u00e9nergie et de vitalit\u00e9.<\/strong><br \/>\n<strong>Flacon de 250 ml.<\/strong><\/p>","protected":false},"featured_media":20054,"template":"","meta":[],"product_cat":[924,881,875,882],"product_tag":[824,885,886],"class_list":{"0":"post-7789","1":"product","2":"type-product","3":"status-publish","4":"has-post-thumbnail","6":"product_brand-shehair-extensions","7":"product_cat-all-products","8":"product_cat-argan","9":"product_cat-care","10":"product_cat-shampoo","11":"product_tag-argan","12":"product_tag-care","13":"product_tag-shampoo","15":"first","16":"instock","17":"taxable","18":"shipping-taxable","19":"purchasable","20":"product-type-simple"},"_links":{"self":[{"href":"https:\/\/socap.nl\/fr\/wp-json\/wp\/v2\/product\/7789","targetHints":{"allow":["GET"]}}],"collection":[{"href":"https:\/\/socap.nl\/fr\/wp-json\/wp\/v2\/product"}],"about":[{"href":"https:\/\/socap.nl\/fr\/wp-json\/wp\/v2\/types\/product"}],"version-history":[{"count":0,"href":"https:\/\/socap.nl\/fr\/wp-json\/wp\/v2\/product\/7789\/revisions"}],"wp:featuredmedia":[{"embeddable":true,"href":"https:\/\/socap.nl\/fr\/wp-json\/wp\/v2\/media\/20054"}],"wp:attachment":[{"href":"https:\/\/socap.nl\/fr\/wp-json\/wp\/v2\/media?parent=7789"}],"wp:term":[{"taxonomy":"product_cat","embeddable":true,"href":"https:\/\/socap.nl\/fr\/wp-json\/wp\/v2\/product_cat?post=7789"},{"taxonomy":"product_tag","embeddable":true,"href":"https:\/\/socap.nl\/fr\/wp-json\/wp\/v2\/product_tag?post=7789"}],"curies":[{"name":"wp","href":"https:\/\/api.w.org\/{rel}","templated":true}]}}