
{"id":7793,"date":"2024-04-13T10:26:38","date_gmt":"2024-04-13T08:26:38","guid":{"rendered":"https:\/\/socap.nl\/?post_type=product&#038;p=7793"},"modified":"2025-03-08T17:58:59","modified_gmt":"2025-03-08T16:58:59","slug":"argan-oil-spray-100ml","status":"publish","type":"product","link":"https:\/\/socap.nl\/fr\/produit\/huile-dargan-en-spray-100ml\/","title":{"rendered":"Huile d'argan en spray 100ml"},"content":{"rendered":"","protected":false},"excerpt":{"rendered":"<div class=\"rte\"><strong>L'huile d'argan et le b\u00eata-carot\u00e8ne pour ce produit \u00e0 l'action intense. Il rehausse les reflets naturels des cheveux avec des temps d'absorption rapides, sans r\u00e9sidus et sans l'effet gras g\u00eanant. Le m\u00e9lange de Vitamine E et de B\u00e9ta Carot\u00e8ne contrecarre l'action du vieillissement du cheveu, en renouvelant la fibre.<\/strong><br \/>\n<strong>Une hydratation profonde qui laisse une agr\u00e9able sensation de douceur au toucher, pour des cheveux tout \u00e0 fait caressants. L'huile d'argan She's est le partenaire id\u00e9al de tout coiffeur qui se respecte.<\/strong><br \/>\n<strong>Flacon de 100 ml.<\/strong><\/div>","protected":false},"featured_media":20050,"template":"","meta":[],"product_cat":[924,881,875],"product_tag":[824,885,890,892,891],"class_list":{"0":"post-7793","1":"product","2":"type-product","3":"status-publish","4":"has-post-thumbnail","6":"product_brand-shehair-extensions","7":"product_cat-all-products","8":"product_cat-argan","9":"product_cat-care","10":"product_tag-argan","11":"product_tag-care","12":"product_tag-oil","13":"product_tag-oil-spray","14":"product_tag-spray","16":"first","17":"instock","18":"taxable","19":"shipping-taxable","20":"purchasable","21":"product-type-simple"},"_links":{"self":[{"href":"https:\/\/socap.nl\/fr\/wp-json\/wp\/v2\/product\/7793","targetHints":{"allow":["GET"]}}],"collection":[{"href":"https:\/\/socap.nl\/fr\/wp-json\/wp\/v2\/product"}],"about":[{"href":"https:\/\/socap.nl\/fr\/wp-json\/wp\/v2\/types\/product"}],"version-history":[{"count":0,"href":"https:\/\/socap.nl\/fr\/wp-json\/wp\/v2\/product\/7793\/revisions"}],"wp:featuredmedia":[{"embeddable":true,"href":"https:\/\/socap.nl\/fr\/wp-json\/wp\/v2\/media\/20050"}],"wp:attachment":[{"href":"https:\/\/socap.nl\/fr\/wp-json\/wp\/v2\/media?parent=7793"}],"wp:term":[{"taxonomy":"product_cat","embeddable":true,"href":"https:\/\/socap.nl\/fr\/wp-json\/wp\/v2\/product_cat?post=7793"},{"taxonomy":"product_tag","embeddable":true,"href":"https:\/\/socap.nl\/fr\/wp-json\/wp\/v2\/product_tag?post=7793"}],"curies":[{"name":"wp","href":"https:\/\/api.w.org\/{rel}","templated":true}]}}