
{"id":7795,"date":"2024-04-13T10:28:45","date_gmt":"2024-04-13T08:28:45","guid":{"rendered":"https:\/\/socap.nl\/?post_type=product&#038;p=7795"},"modified":"2025-08-30T12:31:39","modified_gmt":"2025-08-30T10:31:39","slug":"argan-oil-30ml","status":"publish","type":"product","link":"https:\/\/socap.nl\/fr\/produit\/huile-dargan-30ml\/","title":{"rendered":"Huile d'Argan 30ml"},"content":{"rendered":"","protected":false},"excerpt":{"rendered":"<div class=\"rte\"><strong>Huile d'argan et b\u00eata-carot\u00e8ne pour contrer l'action des radicaux libres et rehausser la beaut\u00e9 naturelle des cheveux, pour une utilisation vari\u00e9e.<\/strong><br \/>\n<strong>Rapidement absorb\u00e9e, elle est non grasse et hydrate en profondeur gr\u00e2ce \u00e0 la combinaison de vitamine E et de b\u00eata-carot\u00e8ne, utile pour contrer les effets n\u00e9fastes de la pollution et de l'exposition au soleil.<\/strong><br \/>\n<strong>Flacon de 30 ml.<\/strong><\/div>","protected":false},"featured_media":22047,"template":"","meta":[],"product_cat":[924,881,875],"product_tag":[824,885,890],"class_list":{"0":"post-7795","1":"product","2":"type-product","3":"status-publish","4":"has-post-thumbnail","6":"product_brand-shehair-extensions","7":"product_cat-all-products","8":"product_cat-argan","9":"product_cat-care","10":"product_tag-argan","11":"product_tag-care","12":"product_tag-oil","14":"first","15":"instock","16":"taxable","17":"shipping-taxable","18":"purchasable","19":"product-type-simple"},"_links":{"self":[{"href":"https:\/\/socap.nl\/fr\/wp-json\/wp\/v2\/product\/7795","targetHints":{"allow":["GET"]}}],"collection":[{"href":"https:\/\/socap.nl\/fr\/wp-json\/wp\/v2\/product"}],"about":[{"href":"https:\/\/socap.nl\/fr\/wp-json\/wp\/v2\/types\/product"}],"version-history":[{"count":0,"href":"https:\/\/socap.nl\/fr\/wp-json\/wp\/v2\/product\/7795\/revisions"}],"wp:featuredmedia":[{"embeddable":true,"href":"https:\/\/socap.nl\/fr\/wp-json\/wp\/v2\/media\/22047"}],"wp:attachment":[{"href":"https:\/\/socap.nl\/fr\/wp-json\/wp\/v2\/media?parent=7795"}],"wp:term":[{"taxonomy":"product_cat","embeddable":true,"href":"https:\/\/socap.nl\/fr\/wp-json\/wp\/v2\/product_cat?post=7795"},{"taxonomy":"product_tag","embeddable":true,"href":"https:\/\/socap.nl\/fr\/wp-json\/wp\/v2\/product_tag?post=7795"}],"curies":[{"name":"wp","href":"https:\/\/api.w.org\/{rel}","templated":true}]}}