
{"id":7799,"date":"2024-04-13T10:33:21","date_gmt":"2024-04-13T08:33:21","guid":{"rendered":"https:\/\/socap.nl\/?post_type=product&#038;p=7799"},"modified":"2025-03-08T17:58:48","modified_gmt":"2025-03-08T16:58:48","slug":"argan-cream-150ml","status":"publish","type":"product","link":"https:\/\/socap.nl\/fr\/produit\/creme-dargan-150ml\/","title":{"rendered":"Cr\u00e8me d'Argan 150ml"},"content":{"rendered":"","protected":false},"excerpt":{"rendered":"<div class=\"rte\"><strong>Cette cr\u00e8me \u00e0 l'huile d'argan est enrichie en Hairdensyl Complex, un complexe de prot\u00e9ines et d'acides amin\u00e9s d'origine marine, et en extraits de miel. Id\u00e9ale pour les cheveux lisses ou permanent\u00e9s, elle r\u00e9tablit les niveaux d'hydratation et d'\u00e9lasticit\u00e9 pour des cheveux sains et volumineux.<br \/>\nNos conseils d'utilisation : appliquer quelques doses de produit sur cheveux propres et humides et r\u00e9partir au peigne, sans rincer. Proc\u00e9der \u00e0 un brushing naturel, ou opter pour un s\u00e9chage au diffuseur pour plus de volume.<br \/>\nFlacon de 150 ml.<\/strong><\/div>","protected":false},"featured_media":20044,"template":"","meta":[],"product_cat":[924,881,875],"product_tag":[824,885,906],"class_list":{"0":"post-7799","1":"product","2":"type-product","3":"status-publish","4":"has-post-thumbnail","6":"product_brand-shehair-extensions","7":"product_cat-all-products","8":"product_cat-argan","9":"product_cat-care","10":"product_tag-argan","11":"product_tag-care","12":"product_tag-cream","14":"first","15":"instock","16":"taxable","17":"shipping-taxable","18":"purchasable","19":"product-type-simple"},"_links":{"self":[{"href":"https:\/\/socap.nl\/fr\/wp-json\/wp\/v2\/product\/7799","targetHints":{"allow":["GET"]}}],"collection":[{"href":"https:\/\/socap.nl\/fr\/wp-json\/wp\/v2\/product"}],"about":[{"href":"https:\/\/socap.nl\/fr\/wp-json\/wp\/v2\/types\/product"}],"version-history":[{"count":0,"href":"https:\/\/socap.nl\/fr\/wp-json\/wp\/v2\/product\/7799\/revisions"}],"wp:featuredmedia":[{"embeddable":true,"href":"https:\/\/socap.nl\/fr\/wp-json\/wp\/v2\/media\/20044"}],"wp:attachment":[{"href":"https:\/\/socap.nl\/fr\/wp-json\/wp\/v2\/media?parent=7799"}],"wp:term":[{"taxonomy":"product_cat","embeddable":true,"href":"https:\/\/socap.nl\/fr\/wp-json\/wp\/v2\/product_cat?post=7799"},{"taxonomy":"product_tag","embeddable":true,"href":"https:\/\/socap.nl\/fr\/wp-json\/wp\/v2\/product_tag?post=7799"}],"curies":[{"name":"wp","href":"https:\/\/api.w.org\/{rel}","templated":true}]}}