
{"id":7805,"date":"2024-04-13T10:40:24","date_gmt":"2024-04-13T08:40:24","guid":{"rendered":"https:\/\/socap.nl\/?post_type=product&#038;p=7805"},"modified":"2025-03-08T17:58:42","modified_gmt":"2025-03-08T16:58:42","slug":"she-4-you-mask-250ml","status":"publish","type":"product","link":"https:\/\/socap.nl\/fr\/produit\/masque-she-4-you-250ml\/","title":{"rendered":"Masque SHE 4 YOU 250ml"},"content":{"rendered":"","protected":false},"excerpt":{"rendered":"<div class=\"rte\"><strong>MASQUE SUPERIDRATANT : Masque \u00e0 l'action nourrissante et conditionnante, enrichi d'un complexe hautement hydratant. Il exerce une action revitalisante et apporte brillance, \u00e9lasticit\u00e9 et d\u00e9m\u00ealage. Id\u00e9al pour les cheveux trait\u00e9s chimiquement.<\/strong><\/div>","protected":false},"featured_media":20040,"template":"","meta":[],"product_cat":[924,875,883],"product_tag":[885,902,904],"class_list":{"0":"post-7805","1":"product","2":"type-product","3":"status-publish","4":"has-post-thumbnail","6":"product_brand-shehair-extensions","7":"product_cat-all-products","8":"product_cat-care","9":"product_cat-hair-mask","10":"product_tag-care","11":"product_tag-hair-repairing","12":"product_tag-hair-repairing-mask","14":"first","15":"instock","16":"taxable","17":"shipping-taxable","18":"purchasable","19":"product-type-simple"},"_links":{"self":[{"href":"https:\/\/socap.nl\/fr\/wp-json\/wp\/v2\/product\/7805","targetHints":{"allow":["GET"]}}],"collection":[{"href":"https:\/\/socap.nl\/fr\/wp-json\/wp\/v2\/product"}],"about":[{"href":"https:\/\/socap.nl\/fr\/wp-json\/wp\/v2\/types\/product"}],"version-history":[{"count":0,"href":"https:\/\/socap.nl\/fr\/wp-json\/wp\/v2\/product\/7805\/revisions"}],"wp:featuredmedia":[{"embeddable":true,"href":"https:\/\/socap.nl\/fr\/wp-json\/wp\/v2\/media\/20040"}],"wp:attachment":[{"href":"https:\/\/socap.nl\/fr\/wp-json\/wp\/v2\/media?parent=7805"}],"wp:term":[{"taxonomy":"product_cat","embeddable":true,"href":"https:\/\/socap.nl\/fr\/wp-json\/wp\/v2\/product_cat?post=7805"},{"taxonomy":"product_tag","embeddable":true,"href":"https:\/\/socap.nl\/fr\/wp-json\/wp\/v2\/product_tag?post=7805"}],"curies":[{"name":"wp","href":"https:\/\/api.w.org\/{rel}","templated":true}]}}