
{"id":7809,"date":"2024-04-13T10:47:16","date_gmt":"2024-04-13T08:47:16","guid":{"rendered":"https:\/\/socap.nl\/?post_type=product&#038;p=7809"},"modified":"2025-05-25T19:11:12","modified_gmt":"2025-05-25T17:11:12","slug":"hair-extensions-brush","status":"publish","type":"product","link":"https:\/\/socap.nl\/fr\/produit\/brosse-pour-extensions-de-cheveux\/","title":{"rendered":"Brosse pour extensions de cheveux"},"content":{"rendered":"","protected":false},"excerpt":{"rendered":"<div class=\"rte\"><strong>Brosse Fashion professionnelle en poils naturels. Parfaite pour la r\u00e9alisation de plis et de coiffures hautes ou de queues de cheval. Avec poign\u00e9e ergonomique, facilite le s\u00e9chage et le coiffage. Mati\u00e8res premi\u00e8res : Plastique - Couleur : Noir - Poils : Naturel<\/strong><\/div>","protected":false},"featured_media":20036,"template":"","meta":[],"product_cat":[874,924,910,925],"product_tag":[907,908],"class_list":{"0":"post-7809","1":"product","2":"type-product","3":"status-publish","4":"has-post-thumbnail","6":"product_brand-shehair-extensions","7":"product_cat-accessoires","8":"product_cat-all-products","9":"product_cat-hair-brush","10":"product_cat-she-hair-extensions","11":"product_tag-brush","12":"product_tag-hair-brush","14":"first","15":"instock","16":"taxable","17":"shipping-taxable","18":"purchasable","19":"product-type-simple"},"_links":{"self":[{"href":"https:\/\/socap.nl\/fr\/wp-json\/wp\/v2\/product\/7809","targetHints":{"allow":["GET"]}}],"collection":[{"href":"https:\/\/socap.nl\/fr\/wp-json\/wp\/v2\/product"}],"about":[{"href":"https:\/\/socap.nl\/fr\/wp-json\/wp\/v2\/types\/product"}],"version-history":[{"count":0,"href":"https:\/\/socap.nl\/fr\/wp-json\/wp\/v2\/product\/7809\/revisions"}],"wp:featuredmedia":[{"embeddable":true,"href":"https:\/\/socap.nl\/fr\/wp-json\/wp\/v2\/media\/20036"}],"wp:attachment":[{"href":"https:\/\/socap.nl\/fr\/wp-json\/wp\/v2\/media?parent=7809"}],"wp:term":[{"taxonomy":"product_cat","embeddable":true,"href":"https:\/\/socap.nl\/fr\/wp-json\/wp\/v2\/product_cat?post=7809"},{"taxonomy":"product_tag","embeddable":true,"href":"https:\/\/socap.nl\/fr\/wp-json\/wp\/v2\/product_tag?post=7809"}],"curies":[{"name":"wp","href":"https:\/\/api.w.org\/{rel}","templated":true}]}}