
{"id":7811,"date":"2024-04-13T10:57:07","date_gmt":"2024-04-13T08:57:07","guid":{"rendered":"https:\/\/socap.nl\/?post_type=product&#038;p=7811"},"modified":"2025-05-25T19:11:09","modified_gmt":"2025-05-25T17:11:09","slug":"fire-ex-device","status":"publish","type":"product","link":"https:\/\/socap.nl\/fr\/produit\/dispositif-anti-incendie\/","title":{"rendered":"Dispositif Fire-Ex"},"content":{"rendered":"","protected":false},"excerpt":{"rendered":"<p><strong>Tr\u00e8s pr\u00e9cis, \u00e9quip\u00e9 de composants \u00e9lectroniques de pointe, Firex permet, gr\u00e2ce \u00e0 son \u00e9cran LCD, un contr\u00f4le rapide et efficace de la temp\u00e9rature.<\/strong><br \/>\n<strong>La pr\u00e9sence d'\u00e9l\u00e9ments chauffants en c\u00e9ramique garantit un contr\u00f4le constant de la chaleur.<\/strong><br \/>\n<strong>Une pince avec poign\u00e9e ergonomique en mat\u00e9riau doux au toucher de haute qualit\u00e9 est incluse.<\/strong><br \/>\n<strong>\u00c9galement disponible en KIT avec accessoires.<\/strong><\/p>","protected":false},"featured_media":20035,"template":"","meta":[],"product_cat":[924,876,925],"product_tag":[],"class_list":{"0":"post-7811","1":"product","2":"type-product","3":"status-publish","4":"has-post-thumbnail","6":"product_brand-shehair-extensions","7":"product_cat-all-products","8":"product_cat-devices","9":"product_cat-she-hair-extensions","11":"first","12":"instock","13":"taxable","14":"shipping-taxable","15":"purchasable","16":"product-type-simple"},"_links":{"self":[{"href":"https:\/\/socap.nl\/fr\/wp-json\/wp\/v2\/product\/7811","targetHints":{"allow":["GET"]}}],"collection":[{"href":"https:\/\/socap.nl\/fr\/wp-json\/wp\/v2\/product"}],"about":[{"href":"https:\/\/socap.nl\/fr\/wp-json\/wp\/v2\/types\/product"}],"version-history":[{"count":0,"href":"https:\/\/socap.nl\/fr\/wp-json\/wp\/v2\/product\/7811\/revisions"}],"wp:featuredmedia":[{"embeddable":true,"href":"https:\/\/socap.nl\/fr\/wp-json\/wp\/v2\/media\/20035"}],"wp:attachment":[{"href":"https:\/\/socap.nl\/fr\/wp-json\/wp\/v2\/media?parent=7811"}],"wp:term":[{"taxonomy":"product_cat","embeddable":true,"href":"https:\/\/socap.nl\/fr\/wp-json\/wp\/v2\/product_cat?post=7811"},{"taxonomy":"product_tag","embeddable":true,"href":"https:\/\/socap.nl\/fr\/wp-json\/wp\/v2\/product_tag?post=7811"}],"curies":[{"name":"wp","href":"https:\/\/api.w.org\/{rel}","templated":true}]}}