
{"id":7815,"date":"2024-04-13T11:05:49","date_gmt":"2024-04-13T09:05:49","guid":{"rendered":"https:\/\/socap.nl\/?post_type=product&#038;p=7815"},"modified":"2025-05-25T19:11:02","modified_gmt":"2025-05-25T17:11:02","slug":"starlight-device","status":"publish","type":"product","link":"https:\/\/socap.nl\/fr\/produit\/dispositif-starlight\/","title":{"rendered":"Dispositif Starlight"},"content":{"rendered":"","protected":false},"excerpt":{"rendered":"<p><strong>Un outil utile et pratique con\u00e7u pour une utilisation occasionnelle et rapide. Avec des pointes sp\u00e9ciales thermoscell\u00e9es et chauff\u00e9es en alliage l\u00e9ger.<\/strong><br \/>\n<strong>Gr\u00e2ce \u00e0 la commande num\u00e9rique, la temp\u00e9rature est toujours sous contr\u00f4le.<\/strong><\/p>\n<p><strong>Conseils d'utilisation : Utiliser \u00e0 une temp\u00e9rature maximale de 130\u00b0.<\/strong><br \/>\n<strong>\u00c9galement disponible en KIT avec accessoires.<\/strong><\/p>","protected":false},"featured_media":20027,"template":"","meta":[],"product_cat":[924,876,925],"product_tag":[],"class_list":{"0":"post-7815","1":"product","2":"type-product","3":"status-publish","4":"has-post-thumbnail","6":"product_brand-shehair-extensions","7":"product_cat-all-products","8":"product_cat-devices","9":"product_cat-she-hair-extensions","11":"first","12":"instock","13":"taxable","14":"shipping-taxable","15":"purchasable","16":"product-type-simple"},"_links":{"self":[{"href":"https:\/\/socap.nl\/fr\/wp-json\/wp\/v2\/product\/7815","targetHints":{"allow":["GET"]}}],"collection":[{"href":"https:\/\/socap.nl\/fr\/wp-json\/wp\/v2\/product"}],"about":[{"href":"https:\/\/socap.nl\/fr\/wp-json\/wp\/v2\/types\/product"}],"version-history":[{"count":0,"href":"https:\/\/socap.nl\/fr\/wp-json\/wp\/v2\/product\/7815\/revisions"}],"wp:featuredmedia":[{"embeddable":true,"href":"https:\/\/socap.nl\/fr\/wp-json\/wp\/v2\/media\/20027"}],"wp:attachment":[{"href":"https:\/\/socap.nl\/fr\/wp-json\/wp\/v2\/media?parent=7815"}],"wp:term":[{"taxonomy":"product_cat","embeddable":true,"href":"https:\/\/socap.nl\/fr\/wp-json\/wp\/v2\/product_cat?post=7815"},{"taxonomy":"product_tag","embeddable":true,"href":"https:\/\/socap.nl\/fr\/wp-json\/wp\/v2\/product_tag?post=7815"}],"curies":[{"name":"wp","href":"https:\/\/api.w.org\/{rel}","templated":true}]}}