
{"id":7817,"date":"2024-04-13T11:08:32","date_gmt":"2024-04-13T09:08:32","guid":{"rendered":"https:\/\/socap.nl\/?post_type=product&#038;p=7817"},"modified":"2025-05-25T19:10:58","modified_gmt":"2025-05-25T17:10:58","slug":"starlight-set","status":"publish","type":"product","link":"https:\/\/socap.nl\/fr\/produit\/ensemble-de-lumieres-detoiles\/","title":{"rendered":"Jeu de lumi\u00e8re"},"content":{"rendered":"","protected":false},"excerpt":{"rendered":"<p><strong>Le STAR LIGHT KIT consiste en un paquet contenant tout ce qui est n\u00e9cessaire \u00e0 l'application d'une extension professionnelle.<\/strong><br \/>\n<strong>Pratique et fonctionnel, il comprend<\/strong><br \/>\n<strong>- 1 Pince \u00e0 lumi\u00e8re \u00e9toil\u00e9e<\/strong><br \/>\n<strong>- 1 Chemise de couleur en 100% cheveux naturels<\/strong><br \/>\n<strong>- 20 serrures d'extension pour la formation<\/strong><br \/>\n<strong>- 6 disques d'\u00e9cartement<\/strong><br \/>\n<strong>- 1 brosse professionnelle<\/strong><br \/>\n<strong>- 1 flacon de Solgel 100ml<\/strong><br \/>\n<strong>- 1 Pince de d\u00e9montage de l'extension<\/strong><\/p>","protected":false},"featured_media":20025,"template":"","meta":[],"product_cat":[924,876,889,925],"product_tag":[],"class_list":{"0":"post-7817","1":"product","2":"type-product","3":"status-publish","4":"has-post-thumbnail","6":"product_brand-shehair-extensions","7":"product_cat-all-products","8":"product_cat-devices","9":"product_cat-set","10":"product_cat-she-hair-extensions","12":"first","13":"instock","14":"taxable","15":"shipping-taxable","16":"purchasable","17":"product-type-simple"},"_links":{"self":[{"href":"https:\/\/socap.nl\/fr\/wp-json\/wp\/v2\/product\/7817","targetHints":{"allow":["GET"]}}],"collection":[{"href":"https:\/\/socap.nl\/fr\/wp-json\/wp\/v2\/product"}],"about":[{"href":"https:\/\/socap.nl\/fr\/wp-json\/wp\/v2\/types\/product"}],"version-history":[{"count":0,"href":"https:\/\/socap.nl\/fr\/wp-json\/wp\/v2\/product\/7817\/revisions"}],"wp:featuredmedia":[{"embeddable":true,"href":"https:\/\/socap.nl\/fr\/wp-json\/wp\/v2\/media\/20025"}],"wp:attachment":[{"href":"https:\/\/socap.nl\/fr\/wp-json\/wp\/v2\/media?parent=7817"}],"wp:term":[{"taxonomy":"product_cat","embeddable":true,"href":"https:\/\/socap.nl\/fr\/wp-json\/wp\/v2\/product_cat?post=7817"},{"taxonomy":"product_tag","embeddable":true,"href":"https:\/\/socap.nl\/fr\/wp-json\/wp\/v2\/product_tag?post=7817"}],"curies":[{"name":"wp","href":"https:\/\/api.w.org\/{rel}","templated":true}]}}