
{"id":7838,"date":"2024-04-13T12:56:54","date_gmt":"2024-04-13T10:56:54","guid":{"rendered":"https:\/\/socap.nl\/?post_type=product&#038;p=7838"},"modified":"2025-05-25T19:10:26","modified_gmt":"2025-05-25T17:10:26","slug":"micro-rings-black-500pcs","status":"publish","type":"product","link":"https:\/\/socap.nl\/fr\/produit\/micro-anneaux-noirs-500pcs-2\/","title":{"rendered":"Micro-anneaux noirs 500 pi\u00e8ces"},"content":{"rendered":"","protected":false},"excerpt":{"rendered":"<p><strong>Paquet de 500 pi\u00e8ces de micro anneaux, pour l'application de tissage pour la s\u00e9rie WLH.<\/strong><\/p>","protected":false},"featured_media":20004,"template":"","meta":[],"product_cat":[874,924,925],"product_tag":[],"class_list":{"0":"post-7838","1":"product","2":"type-product","3":"status-publish","4":"has-post-thumbnail","6":"product_brand-shehair-extensions","7":"product_cat-accessoires","8":"product_cat-all-products","9":"product_cat-she-hair-extensions","11":"first","12":"instock","13":"taxable","14":"shipping-taxable","15":"purchasable","16":"product-type-simple"},"_links":{"self":[{"href":"https:\/\/socap.nl\/fr\/wp-json\/wp\/v2\/product\/7838","targetHints":{"allow":["GET"]}}],"collection":[{"href":"https:\/\/socap.nl\/fr\/wp-json\/wp\/v2\/product"}],"about":[{"href":"https:\/\/socap.nl\/fr\/wp-json\/wp\/v2\/types\/product"}],"version-history":[{"count":0,"href":"https:\/\/socap.nl\/fr\/wp-json\/wp\/v2\/product\/7838\/revisions"}],"wp:featuredmedia":[{"embeddable":true,"href":"https:\/\/socap.nl\/fr\/wp-json\/wp\/v2\/media\/20004"}],"wp:attachment":[{"href":"https:\/\/socap.nl\/fr\/wp-json\/wp\/v2\/media?parent=7838"}],"wp:term":[{"taxonomy":"product_cat","embeddable":true,"href":"https:\/\/socap.nl\/fr\/wp-json\/wp\/v2\/product_cat?post=7838"},{"taxonomy":"product_tag","embeddable":true,"href":"https:\/\/socap.nl\/fr\/wp-json\/wp\/v2\/product_tag?post=7838"}],"curies":[{"name":"wp","href":"https:\/\/api.w.org\/{rel}","templated":true}]}}