
{"id":7855,"date":"2024-04-13T13:30:49","date_gmt":"2024-04-13T11:30:49","guid":{"rendered":"https:\/\/socap.nl\/?post_type=product&#038;p=7855"},"modified":"2025-05-25T19:09:57","modified_gmt":"2025-05-25T17:09:57","slug":"clips-brown-10pcs","status":"publish","type":"product","link":"https:\/\/socap.nl\/fr\/produit\/clips-bruns-10pcs\/","title":{"rendered":"Clips Marron 10pcs"},"content":{"rendered":"<p><strong>Les petites pinces \u00e0 6 dents m\u00e9talliques de diff\u00e9rentes teintes permettent d'appliquer les serrures rapidement et en toute s\u00e9curit\u00e9.<\/strong><br \/>\n<strong>Taille moyenne. <\/strong><\/p>\n<p><strong>Paquet de 10 pi\u00e8ces.<\/strong><\/p>","protected":false},"excerpt":{"rendered":"<p>Petites pinces avec 6 dents en m\u00e9tal de diff\u00e9rentes teintes, permettant d'appliquer des cadenas rapidement et en toute s\u00e9curit\u00e9. Taille moyenne. Paquet de 10 pi\u00e8ces.<\/p>","protected":false},"featured_media":19989,"template":"","meta":[],"product_cat":[874,924,925],"product_tag":[],"class_list":{"0":"post-7855","1":"product","2":"type-product","3":"status-publish","4":"has-post-thumbnail","6":"product_brand-shehair-extensions","7":"product_cat-accessoires","8":"product_cat-all-products","9":"product_cat-she-hair-extensions","11":"first","12":"instock","13":"taxable","14":"shipping-taxable","15":"purchasable","16":"product-type-simple"},"_links":{"self":[{"href":"https:\/\/socap.nl\/fr\/wp-json\/wp\/v2\/product\/7855","targetHints":{"allow":["GET"]}}],"collection":[{"href":"https:\/\/socap.nl\/fr\/wp-json\/wp\/v2\/product"}],"about":[{"href":"https:\/\/socap.nl\/fr\/wp-json\/wp\/v2\/types\/product"}],"version-history":[{"count":0,"href":"https:\/\/socap.nl\/fr\/wp-json\/wp\/v2\/product\/7855\/revisions"}],"wp:featuredmedia":[{"embeddable":true,"href":"https:\/\/socap.nl\/fr\/wp-json\/wp\/v2\/media\/19989"}],"wp:attachment":[{"href":"https:\/\/socap.nl\/fr\/wp-json\/wp\/v2\/media?parent=7855"}],"wp:term":[{"taxonomy":"product_cat","embeddable":true,"href":"https:\/\/socap.nl\/fr\/wp-json\/wp\/v2\/product_cat?post=7855"},{"taxonomy":"product_tag","embeddable":true,"href":"https:\/\/socap.nl\/fr\/wp-json\/wp\/v2\/product_tag?post=7855"}],"curies":[{"name":"wp","href":"https:\/\/api.w.org\/{rel}","templated":true}]}}