
{"id":7856,"date":"2024-04-13T13:31:41","date_gmt":"2024-04-13T11:31:41","guid":{"rendered":"https:\/\/socap.nl\/?post_type=product&#038;p=7856"},"modified":"2025-05-25T19:09:53","modified_gmt":"2025-05-25T17:09:53","slug":"clips-blonde-10pcs","status":"publish","type":"product","link":"https:\/\/socap.nl\/fr\/produit\/pinces-blondes-10pcs-2\/","title":{"rendered":"Clips Blonde 10pcs"},"content":{"rendered":"<p><strong>Les petites pinces \u00e0 6 dents m\u00e9talliques de diff\u00e9rentes teintes permettent d'appliquer les serrures rapidement et en toute s\u00e9curit\u00e9.<\/strong><br \/>\n<strong>Taille moyenne. <\/strong><\/p>\n<p><strong>Paquet de 10 pi\u00e8ces.<\/strong><\/p>","protected":false},"excerpt":{"rendered":"<p>Petites pinces avec 6 dents en m\u00e9tal de diff\u00e9rentes teintes, permettant d'appliquer des cadenas rapidement et en toute s\u00e9curit\u00e9. Taille moyenne. Paquet de 10 pi\u00e8ces.<\/p>","protected":false},"featured_media":19990,"template":"","meta":[],"product_cat":[874,924,925],"product_tag":[],"class_list":{"0":"post-7856","1":"product","2":"type-product","3":"status-publish","4":"has-post-thumbnail","6":"product_brand-shehair-extensions","7":"product_cat-accessoires","8":"product_cat-all-products","9":"product_cat-she-hair-extensions","11":"first","12":"instock","13":"taxable","14":"shipping-taxable","15":"purchasable","16":"product-type-simple"},"_links":{"self":[{"href":"https:\/\/socap.nl\/fr\/wp-json\/wp\/v2\/product\/7856","targetHints":{"allow":["GET"]}}],"collection":[{"href":"https:\/\/socap.nl\/fr\/wp-json\/wp\/v2\/product"}],"about":[{"href":"https:\/\/socap.nl\/fr\/wp-json\/wp\/v2\/types\/product"}],"version-history":[{"count":0,"href":"https:\/\/socap.nl\/fr\/wp-json\/wp\/v2\/product\/7856\/revisions"}],"wp:featuredmedia":[{"embeddable":true,"href":"https:\/\/socap.nl\/fr\/wp-json\/wp\/v2\/media\/19990"}],"wp:attachment":[{"href":"https:\/\/socap.nl\/fr\/wp-json\/wp\/v2\/media?parent=7856"}],"wp:term":[{"taxonomy":"product_cat","embeddable":true,"href":"https:\/\/socap.nl\/fr\/wp-json\/wp\/v2\/product_cat?post=7856"},{"taxonomy":"product_tag","embeddable":true,"href":"https:\/\/socap.nl\/fr\/wp-json\/wp\/v2\/product_tag?post=7856"}],"curies":[{"name":"wp","href":"https:\/\/api.w.org\/{rel}","templated":true}]}}