
{"id":7859,"date":"2024-04-13T13:39:14","date_gmt":"2024-04-13T11:39:14","guid":{"rendered":"https:\/\/socap.nl\/?post_type=product&#038;p=7859"},"modified":"2025-05-25T19:09:46","modified_gmt":"2025-05-25T17:09:46","slug":"fashion-tape-protective-screens-6pcs","status":"publish","type":"product","link":"https:\/\/socap.nl\/fr\/produit\/ecrans-de-protection-fashion-tape-6pcs\/","title":{"rendered":"Fashion-Tape \u00c9crans de protection 6pcs"},"content":{"rendered":"<p><strong>Disques d'espacement adh\u00e9sifs en pvc sp\u00e9cialement con\u00e7us pour les applications d'extension.<\/strong><br \/>\n<strong>Paquet de 6 pi\u00e8ces<\/strong><\/p>","protected":false},"excerpt":{"rendered":"<p>Disques d'espacement adh\u00e9sifs en pvc sp\u00e9cialement con\u00e7us pour les applications d'extension. Paquet de 6 pi\u00e8ces<\/p>","protected":false},"featured_media":19982,"template":"","meta":[],"product_cat":[874,924,925],"product_tag":[],"class_list":{"0":"post-7859","1":"product","2":"type-product","3":"status-publish","4":"has-post-thumbnail","6":"product_brand-shehair-extensions","7":"product_cat-accessoires","8":"product_cat-all-products","9":"product_cat-she-hair-extensions","11":"first","12":"instock","13":"taxable","14":"shipping-taxable","15":"purchasable","16":"product-type-simple"},"_links":{"self":[{"href":"https:\/\/socap.nl\/fr\/wp-json\/wp\/v2\/product\/7859","targetHints":{"allow":["GET"]}}],"collection":[{"href":"https:\/\/socap.nl\/fr\/wp-json\/wp\/v2\/product"}],"about":[{"href":"https:\/\/socap.nl\/fr\/wp-json\/wp\/v2\/types\/product"}],"version-history":[{"count":0,"href":"https:\/\/socap.nl\/fr\/wp-json\/wp\/v2\/product\/7859\/revisions"}],"wp:featuredmedia":[{"embeddable":true,"href":"https:\/\/socap.nl\/fr\/wp-json\/wp\/v2\/media\/19982"}],"wp:attachment":[{"href":"https:\/\/socap.nl\/fr\/wp-json\/wp\/v2\/media?parent=7859"}],"wp:term":[{"taxonomy":"product_cat","embeddable":true,"href":"https:\/\/socap.nl\/fr\/wp-json\/wp\/v2\/product_cat?post=7859"},{"taxonomy":"product_tag","embeddable":true,"href":"https:\/\/socap.nl\/fr\/wp-json\/wp\/v2\/product_tag?post=7859"}],"curies":[{"name":"wp","href":"https:\/\/api.w.org\/{rel}","templated":true}]}}