
{"id":7861,"date":"2024-04-13T13:43:42","date_gmt":"2024-04-13T11:43:42","guid":{"rendered":"https:\/\/socap.nl\/?post_type=product&#038;p=7861"},"modified":"2025-05-25T19:09:43","modified_gmt":"2025-05-25T17:09:43","slug":"replacement-tape-strips-48pcs","status":"publish","type":"product","link":"https:\/\/socap.nl\/fr\/produit\/bandes-de-remplacement-48pcs\/","title":{"rendered":"Bandes de remplacement 48pcs"},"content":{"rendered":"<p><strong>Adh\u00e9sif pour l'application pr\u00e9cise de petites surfaces.<\/strong><br \/>\n<strong>Paquet de 48 pi\u00e8ces.<\/strong><\/p>","protected":false},"excerpt":{"rendered":"<p>Adh\u00e9sif pour l'application pr\u00e9cise de petites surfaces. Paquet de 48 pi\u00e8ces.<\/p>","protected":false},"featured_media":19981,"template":"","meta":[],"product_cat":[874,924,925],"product_tag":[],"class_list":{"0":"post-7861","1":"product","2":"type-product","3":"status-publish","4":"has-post-thumbnail","6":"product_brand-shehair-extensions","7":"product_cat-accessoires","8":"product_cat-all-products","9":"product_cat-she-hair-extensions","11":"first","12":"instock","13":"taxable","14":"shipping-taxable","15":"purchasable","16":"product-type-simple"},"_links":{"self":[{"href":"https:\/\/socap.nl\/fr\/wp-json\/wp\/v2\/product\/7861","targetHints":{"allow":["GET"]}}],"collection":[{"href":"https:\/\/socap.nl\/fr\/wp-json\/wp\/v2\/product"}],"about":[{"href":"https:\/\/socap.nl\/fr\/wp-json\/wp\/v2\/types\/product"}],"version-history":[{"count":0,"href":"https:\/\/socap.nl\/fr\/wp-json\/wp\/v2\/product\/7861\/revisions"}],"wp:featuredmedia":[{"embeddable":true,"href":"https:\/\/socap.nl\/fr\/wp-json\/wp\/v2\/media\/19981"}],"wp:attachment":[{"href":"https:\/\/socap.nl\/fr\/wp-json\/wp\/v2\/media?parent=7861"}],"wp:term":[{"taxonomy":"product_cat","embeddable":true,"href":"https:\/\/socap.nl\/fr\/wp-json\/wp\/v2\/product_cat?post=7861"},{"taxonomy":"product_tag","embeddable":true,"href":"https:\/\/socap.nl\/fr\/wp-json\/wp\/v2\/product_tag?post=7861"}],"curies":[{"name":"wp","href":"https:\/\/api.w.org\/{rel}","templated":true}]}}