
{"id":7863,"date":"2024-04-13T13:46:23","date_gmt":"2024-04-13T11:46:23","guid":{"rendered":"https:\/\/socap.nl\/?post_type=product&#038;p=7863"},"modified":"2025-05-25T19:09:39","modified_gmt":"2025-05-25T17:09:39","slug":"work-bag","status":"publish","type":"product","link":"https:\/\/socap.nl\/fr\/produit\/sac-de-travail\/","title":{"rendered":"Sac de travail"},"content":{"rendered":"<p><strong>Ceinture de coiffure, en cuir, utile pour avoir tous les outils du m\u00e9tier \u00e0 port\u00e9e de main \u00e0 tout moment.<\/strong><br \/>\n<strong>D\u00e9cor\u00e9 de clous m\u00e9talliques.<\/strong><\/p>","protected":false},"excerpt":{"rendered":"<p>Ceinture de coiffure, en cuir, utile pour avoir tous les outils du m\u00e9tier \u00e0 port\u00e9e de main \u00e0 tout moment. D\u00e9cor\u00e9e de clous m\u00e9talliques.<\/p>","protected":false},"featured_media":19975,"template":"","meta":[],"product_cat":[874,924,925],"product_tag":[],"class_list":{"0":"post-7863","1":"product","2":"type-product","3":"status-publish","4":"has-post-thumbnail","6":"product_brand-shehair-extensions","7":"product_cat-accessoires","8":"product_cat-all-products","9":"product_cat-she-hair-extensions","11":"first","12":"instock","13":"taxable","14":"shipping-taxable","15":"purchasable","16":"product-type-simple"},"_links":{"self":[{"href":"https:\/\/socap.nl\/fr\/wp-json\/wp\/v2\/product\/7863","targetHints":{"allow":["GET"]}}],"collection":[{"href":"https:\/\/socap.nl\/fr\/wp-json\/wp\/v2\/product"}],"about":[{"href":"https:\/\/socap.nl\/fr\/wp-json\/wp\/v2\/types\/product"}],"version-history":[{"count":0,"href":"https:\/\/socap.nl\/fr\/wp-json\/wp\/v2\/product\/7863\/revisions"}],"wp:featuredmedia":[{"embeddable":true,"href":"https:\/\/socap.nl\/fr\/wp-json\/wp\/v2\/media\/19975"}],"wp:attachment":[{"href":"https:\/\/socap.nl\/fr\/wp-json\/wp\/v2\/media?parent=7863"}],"wp:term":[{"taxonomy":"product_cat","embeddable":true,"href":"https:\/\/socap.nl\/fr\/wp-json\/wp\/v2\/product_cat?post=7863"},{"taxonomy":"product_tag","embeddable":true,"href":"https:\/\/socap.nl\/fr\/wp-json\/wp\/v2\/product_tag?post=7863"}],"curies":[{"name":"wp","href":"https:\/\/api.w.org\/{rel}","templated":true}]}}