
{"id":7875,"date":"2024-04-20T14:50:44","date_gmt":"2024-04-20T12:50:44","guid":{"rendered":"https:\/\/socap.nl\/?post_type=product&#038;p=7875"},"modified":"2025-05-25T19:09:36","modified_gmt":"2025-05-25T17:09:36","slug":"kis-kera-cream-color","status":"publish","type":"product","link":"https:\/\/socap.nl\/fr\/produit\/kis-kera-couleur-creme\/","title":{"rendered":"KIS Kera Cr\u00e8me de couleur"},"content":{"rendered":"<h3><strong>QU'EST-CE QUE C'EST ?<\/strong><\/h3>\n<p id=\"tw-target-text\" class=\"tw-data-text tw-text-large XcVN5d tw-ta\" dir=\"ltr\" data-placeholder=\"Translation\"><span lang=\"en\">Cette collection de produits de haute qualit\u00e9 offre r\u00e9ellement ce qu'elle promet : une couleur intensive qui dure plus longtemps et qui renforce et reconstruit les cheveux de l'int\u00e9rieur. Les extraits de romarin, d'eucalyptus, de thym, de lavande et d'ortie ajoutent de la brillance, revitalisent le cuir chevelu et apportent des vitamines et des min\u00e9raux. KeraCream Color contient de la Cocamidopropyl Betaine : un ingr\u00e9dient de la noix de coco, connu pour ses propri\u00e9t\u00e9s nourrissantes. Ces produits de coloration sont \u00e9galement enrichis par le Keratin Infusion System. KIS KeraCream Color est une coloration intensive et permanente pour de belles couleurs qui restent belles pendant longtemps. Le r\u00e9sultat de la couleur est pr\u00e9cis et fiable - du fonc\u00e9 au clair - et offre une couverture des cheveux blancs de 100%.<\/span><\/p>","protected":false},"excerpt":{"rendered":"<p>WHAT IS IT? This collection of high-quality products actually offers what it promises: an intensive colour that lasts longer and also strengthens and rebuilds the hair from the inside. Extracts of rosemary, eucalyptus, thyme, lavender and nettle add shine, condition the scalp and replenish vitamins and minerals. KeraCream Color contains Cocamidopropyl Betaine: an ingredient of [&hellip;]<\/p>\n","protected":false},"featured_media":19977,"template":"","meta":[],"product_cat":[924,880,879,925],"product_tag":[],"class_list":{"0":"post-7875","1":"product","2":"type-product","3":"status-publish","4":"has-post-thumbnail","6":"product_brand-shehair-extensions","7":"product_cat-all-products","8":"product_cat-kis","9":"product_cat-kis-color","10":"product_cat-she-hair-extensions","11":"pa_kis-keracream-color-10-00-neutral","12":"pa_kis-keracream-color-10fp","13":"pa_kis-keracream-color-10fz","14":"pa_kis-keracream-color-10p","15":"pa_kis-keracream-color-10s","16":"pa_kis-keracream-color-10sa","17":"pa_kis-keracream-color-10sg","18":"pa_kis-keracream-color-10sp","19":"pa_kis-keracream-color-12fb","20":"pa_kis-keracream-color-12fv","21":"pa_kis-keracream-color-12pa","22":"pa_kis-keracream-color-2c","23":"pa_kis-keracream-color-4c","24":"pa_kis-keracream-color-4cb","25":"pa_kis-keracream-color-4e","26":"pa_kis-keracream-color-4g","27":"pa_kis-keracream-color-4rm","28":"pa_kis-keracream-color-5c","29":"pa_kis-keracream-color-5cb","30":"pa_kis-keracream-color-5e","31":"pa_kis-keracream-color-5g","32":"pa_kis-keracream-color-5h","33":"pa_kis-keracream-color-5kb","34":"pa_kis-keracream-color-5kg","35":"pa_kis-keracream-color-5rk","36":"pa_kis-keracream-color-5rm","37":"pa_kis-keracream-color-5rv","38":"pa_kis-keracream-color-5t","39":"pa_kis-keracream-color-6cb","40":"pa_kis-keracream-color-6e","41":"pa_kis-keracream-color-6g","42":"pa_kis-keracream-color-6h","43":"pa_kis-keracream-color-6kb","44":"pa_kis-keracream-color-6kg","45":"pa_kis-keracream-color-6r","46":"pa_kis-keracream-color-6rk","47":"pa_kis-keracream-color-6rm","48":"pa_kis-keracream-color-6rt","49":"pa_kis-keracream-color-6rv","50":"pa_kis-keracream-color-6t","51":"pa_kis-keracream-color-7e","52":"pa_kis-keracream-color-7g","53":"pa_kis-keracream-color-7gi","54":"pa_kis-keracream-color-7h","55":"pa_kis-keracream-color-7k","56":"pa_kis-keracream-color-7kb","57":"pa_kis-keracream-color-7kg","58":"pa_kis-keracream-color-7p","59":"pa_kis-keracream-color-7r","60":"pa_kis-keracream-color-7rk","61":"pa_kis-keracream-color-7rt","62":"pa_kis-keracream-color-7rv","63":"pa_kis-keracream-color-7t","64":"pa_kis-keracream-color-8b","65":"pa_kis-keracream-color-8fg","66":"pa_kis-keracream-color-8g","67":"pa_kis-keracream-color-8gi","68":"pa_kis-keracream-color-8k","69":"pa_kis-keracream-color-8kb","70":"pa_kis-keracream-color-8kg","71":"pa_kis-keracream-color-8r","72":"pa_kis-keracream-color-8rt","73":"pa_kis-keracream-color-9b","74":"pa_kis-keracream-color-9fp","75":"pa_kis-keracream-color-9fs","76":"pa_kis-keracream-color-9g","77":"pa_kis-keracream-color-9gi","78":"pa_kis-keracream-color-9k","79":"pa_kis-keracream-color-9p","80":"pa_kis-keracream-color-blue-2","81":"pa_kis-keracream-color-green","82":"pa_kis-keracream-color-orange","83":"pa_kis-keracream-color-blue","84":"pa_kis-keracream-color-violet","85":"pa_kis-keracream-color-yellow","86":"pa_kis-keracream-color-10n","87":"pa_kis-keracream-color-1n","88":"pa_kis-keracream-color-2n","89":"pa_kis-keracream-color-3n","90":"pa_kis-keracream-color-4n","91":"pa_kis-keracream-color-5a","92":"pa_kis-keracream-color-5n","93":"pa_kis-keracream-color-6a","94":"pa_kis-keracream-color-6mn","95":"pa_kis-keracream-color-6n","96":"pa_kis-keracream-color-7a","97":"pa_kis-keracream-color-7mn","98":"pa_kis-keracream-color-7n","99":"pa_kis-keracream-color-5mn","100":"pa_kis-keracream-color-8a","101":"pa_kis-keracream-color-8mn","102":"pa_kis-keracream-color-8n","103":"pa_kis-keracream-color-9mn","104":"pa_kis-keracream-color-9n","106":"first","107":"instock","108":"taxable","109":"shipping-taxable","110":"purchasable","111":"product-type-variable"},"_links":{"self":[{"href":"https:\/\/socap.nl\/fr\/wp-json\/wp\/v2\/product\/7875","targetHints":{"allow":["GET"]}}],"collection":[{"href":"https:\/\/socap.nl\/fr\/wp-json\/wp\/v2\/product"}],"about":[{"href":"https:\/\/socap.nl\/fr\/wp-json\/wp\/v2\/types\/product"}],"version-history":[{"count":0,"href":"https:\/\/socap.nl\/fr\/wp-json\/wp\/v2\/product\/7875\/revisions"}],"wp:featuredmedia":[{"embeddable":true,"href":"https:\/\/socap.nl\/fr\/wp-json\/wp\/v2\/media\/19977"}],"wp:attachment":[{"href":"https:\/\/socap.nl\/fr\/wp-json\/wp\/v2\/media?parent=7875"}],"wp:term":[{"taxonomy":"product_cat","embeddable":true,"href":"https:\/\/socap.nl\/fr\/wp-json\/wp\/v2\/product_cat?post=7875"},{"taxonomy":"product_tag","embeddable":true,"href":"https:\/\/socap.nl\/fr\/wp-json\/wp\/v2\/product_tag?post=7875"}],"curies":[{"name":"wp","href":"https:\/\/api.w.org\/{rel}","templated":true}]}}