
{"id":7885,"date":"2024-04-22T15:00:47","date_gmt":"2024-04-22T13:00:47","guid":{"rendered":"https:\/\/socap.nl\/?post_type=product&#038;p=7885"},"modified":"2025-05-25T19:09:34","modified_gmt":"2025-05-25T17:09:34","slug":"royal-kis-softshades","status":"publish","type":"product","link":"https:\/\/socap.nl\/fr\/produit\/kis-royal-softshades\/","title":{"rendered":"Royal KIS SoftShades"},"content":{"rendered":"<p><b>QU'EST-CE QUE C'EST ?<\/b><\/p>\n<p id=\"tw-target-text\" class=\"tw-data-text tw-text-large XcVN5d tw-ta\" dir=\"ltr\" data-placeholder=\"Translation\"><span lang=\"en\">Les Royal KIS SoftShades sont des couleurs d\u00e9mi-conditionnantes. Les Royal KIS SoftShades tirent leur puissance de deux ingr\u00e9dients sp\u00e9ciaux. L'agent innovant de d\u00e9p\u00f4t de couleur, similaire aux phospholipides naturels, intensifie l'absorption de la couleur, am\u00e9liore la r\u00e9sistance au lavage pour une plus longue dur\u00e9e de vie de la couleur et garantit des r\u00e9sultats vibrants et uniformes de la racine \u00e0 la pointe.<\/span><\/p>\n<div class=\"jhH5U\">\n<div id=\"tw-ob\" class=\"tw-src-ltr\">\n<div class=\"oSioSc\">\n<div id=\"tw-target\">\n<div id=\"kAz1tf\" class=\"g9WsWb\">\n<div id=\"tw-target-text-container\" class=\"tw-ta-container hide-focus-ring tw-nfl\" tabindex=\"0\">\n<p id=\"tw-target-text\" class=\"tw-data-text tw-text-large XcVN5d tw-ta\" dir=\"ltr\" data-placeholder=\"Translation\"><span lang=\"en\">En outre, l'extrait de graines d'amarante, riche en peptides et en polysaccharides, renforce les cheveux, r\u00e9pare les dommages, les d\u00e9m\u00eale imm\u00e9diatement et am\u00e9liore la maniabilit\u00e9 et le peignage des cheveux humides et secs.<\/span><\/p>\n<\/div>\n<\/div>\n<\/div>\n<\/div>\n<\/div>\n<div>\n<div><\/div>\n<\/div>\n<\/div>\n<div class=\"jhH5U\">\n<div id=\"tw-ob\" class=\"tw-src-ltr\">\n<div class=\"oSioSc\">\n<div id=\"tw-target\">\n<div id=\"kAz1tf\" class=\"g9WsWb\">\n<div id=\"tw-target-text-container\" class=\"tw-ta-container hide-focus-ring tw-nfl\" tabindex=\"0\">\n<p id=\"tw-target-text\" class=\"tw-data-text tw-text-large XcVN5d tw-ta\" dir=\"ltr\" data-placeholder=\"Translation\"><span lang=\"en\"><strong>Premier coloriage<\/strong>: donner aux cheveux une couleur expressive ou subtile sans les inconv\u00e9nients d'une teinture permanente : pas de repousse, pas de dommage, pas d'\u00e9claircissement ind\u00e9sirable des cheveux naturels, mais des nuances douces et vibrantes qui s'estompent progressivement.<\/span><\/p>\n<\/div>\n<div class=\"iYB33c\">\n<div id=\"tw-tmenu\" class=\"tw-menu\">\n<p><strong>Couleur rafra\u00eechissante :\u00a0<\/strong>rafra\u00eechir la couleur et assurer un r\u00e9sultat uniforme : traiter les repousses avec Royal KIS SafeShades et les longueurs et pointes avec SoftShades.<\/p>\n<div class=\"jhH5U\">\n<div id=\"tw-ob\" class=\"tw-src-ltr\">\n<div class=\"oSioSc\">\n<div id=\"tw-target\">\n<div id=\"kAz1tf\" class=\"g9WsWb\">\n<div id=\"tw-target-rmn-container\" class=\"tw-ta-container hide-focus-ring tw-nfl\">\n<p class=\"tw-data-placeholder tw-text-small tw-ta\" dir=\"ltr\"><strong>Correction des couleurs :\u00a0<\/strong>am\u00e9liorer la couleur ou corriger les nuances ind\u00e9sirables.<\/p>\n<\/div>\n<\/div>\n<\/div>\n<\/div>\n<\/div>\n<\/div>\n<\/div>\n<\/div>\n<\/div>\n<\/div>\n<\/div>\n<\/div>\n<\/div>\n<p><strong>Faible \u00e9clairage :\u00a0<\/strong>donner plus de profondeur et de contraste aux cheveux excessivement color\u00e9s ou l\u00e9g\u00e8rement teints gr\u00e2ce \u00e0 des reflets plus fonc\u00e9s.<\/p>\n<p><strong>M\u00e9lange de gris :\u00a0<\/strong>appliquer sur les cheveux gris pour obtenir un effet de camouflage pour les clients qui ne veulent pas s'engager dans une coloration permanente (pas de repousse !)<\/p>","protected":false},"excerpt":{"rendered":"<p>WHAT IS IT?: Royal KIS SoftShades are Demi Conditioning Colours. Royal KIS SoftShades draws its power from two special ingredients. The Innovative Colour Deposit Agent, similar to natural phospholipids, intensifies color absorption, improves wash fastness for longer color life and ensures vibrant, even results from root to tip. Additionally, Amaranth seed extract, rich in peptides [&hellip;]<\/p>\n","protected":false},"featured_media":19978,"template":"","meta":[],"product_cat":[924,880,925],"product_tag":[],"class_list":{"0":"post-7885","1":"product","2":"type-product","3":"status-publish","4":"has-post-thumbnail","6":"product_brand-shehair-extensions","7":"product_cat-all-products","8":"product_cat-kis","9":"product_cat-she-hair-extensions","11":"first","12":"instock","13":"taxable","14":"shipping-taxable","15":"purchasable","16":"product-type-variable"},"_links":{"self":[{"href":"https:\/\/socap.nl\/fr\/wp-json\/wp\/v2\/product\/7885","targetHints":{"allow":["GET"]}}],"collection":[{"href":"https:\/\/socap.nl\/fr\/wp-json\/wp\/v2\/product"}],"about":[{"href":"https:\/\/socap.nl\/fr\/wp-json\/wp\/v2\/types\/product"}],"version-history":[{"count":0,"href":"https:\/\/socap.nl\/fr\/wp-json\/wp\/v2\/product\/7885\/revisions"}],"wp:featuredmedia":[{"embeddable":true,"href":"https:\/\/socap.nl\/fr\/wp-json\/wp\/v2\/media\/19978"}],"wp:attachment":[{"href":"https:\/\/socap.nl\/fr\/wp-json\/wp\/v2\/media?parent=7885"}],"wp:term":[{"taxonomy":"product_cat","embeddable":true,"href":"https:\/\/socap.nl\/fr\/wp-json\/wp\/v2\/product_cat?post=7885"},{"taxonomy":"product_tag","embeddable":true,"href":"https:\/\/socap.nl\/fr\/wp-json\/wp\/v2\/product_tag?post=7885"}],"curies":[{"name":"wp","href":"https:\/\/api.w.org\/{rel}","templated":true}]}}