
{"id":8063,"date":"2024-04-24T15:13:10","date_gmt":"2024-04-24T13:13:10","guid":{"rendered":"https:\/\/socap.nl\/?post_type=product&#038;p=8063"},"modified":"2025-05-25T19:09:28","modified_gmt":"2025-05-25T17:09:28","slug":"snowwhite-bleach","status":"publish","type":"product","link":"https:\/\/socap.nl\/fr\/produit\/eau-de-javel\/","title":{"rendered":"Eau de Javel"},"content":{"rendered":"<p><strong>QU'EST-CE QUE C'EST ?<\/strong><\/p>\n<p id=\"tw-target-text\" class=\"tw-data-text tw-text-large XcVN5d tw-ta\" dir=\"ltr\" data-placeholder=\"Translation\"><span lang=\"en\">KIS SnowWhite Bleach est une poudre et une p\u00e2te d\u00e9colorantes sans poussi\u00e8re utilis\u00e9es pour \u00e9claircir les cheveux jusqu'\u00e0 7 tons sans utiliser de chaleur. Le syst\u00e8me d'infusion de k\u00e9ratine prot\u00e8ge les cheveux pendant le processus de d\u00e9coloration.<\/span><\/p>\n<p><strong>Comment l'utiliser ?<\/strong><\/p>\n<div class=\"jhH5U\">\n<div id=\"tw-ob\" class=\"tw-src-ltr\">\n<div class=\"oSioSc\">\n<div id=\"tw-target\">\n<div id=\"kAz1tf\" class=\"g9WsWb\">\n<div id=\"tw-target-text-container\" class=\"tw-ta-container hide-focus-ring tw-nfl\" tabindex=\"0\">\n<p id=\"tw-target-text\" class=\"tw-data-text tw-text-large XcVN5d tw-ta\" dir=\"ltr\" data-placeholder=\"Translation\">Mettre 40 grammes de SnowWhite dans un plateau non m\u00e9tallique. Ajoutez 80 ml de DMI Lotion, 3%, 6% ou 9%. Appliquez le produit sur les cheveux secs et non lav\u00e9s. En cas d'application jusqu'\u00e0 la peau, il convient de traiter d'abord les longueurs et les pointes, puis les racines. Temps de prise maximum : 50 minutes. D\u00e8s que la d\u00e9coloration souhait\u00e9e est obtenue, laver les cheveux avec le shampooing KeraMax et les traiter ensuite avec l'acidifiant KeraLock et le sans rin\u00e7age KeraShield.<\/p>\n<\/div>\n<\/div>\n<\/div>\n<\/div>\n<\/div>\n<\/div>","protected":false},"excerpt":{"rendered":"<p>WHAT IS IT? KIS SnowWhite Bleach is a dust free bleaching powder and paste used to make the hair up to 7 shades lighter without using heat. The Keratin Infusion System protects the hair during the bleaching process. How to use? Put 40 grams SnowWhite in a non-metal tray. Add 80 ml DMI Lotion, 3%, [&hellip;]<\/p>\n","protected":false},"featured_media":19980,"template":"","meta":[],"product_cat":[924,880,879,925],"product_tag":[],"class_list":{"0":"post-8063","1":"product","2":"type-product","3":"status-publish","4":"has-post-thumbnail","6":"product_brand-shehair-extensions","7":"product_cat-all-products","8":"product_cat-kis","9":"product_cat-kis-color","10":"product_cat-she-hair-extensions","12":"first","13":"instock","14":"taxable","15":"shipping-taxable","16":"purchasable","17":"product-type-simple"},"_links":{"self":[{"href":"https:\/\/socap.nl\/fr\/wp-json\/wp\/v2\/product\/8063","targetHints":{"allow":["GET"]}}],"collection":[{"href":"https:\/\/socap.nl\/fr\/wp-json\/wp\/v2\/product"}],"about":[{"href":"https:\/\/socap.nl\/fr\/wp-json\/wp\/v2\/types\/product"}],"version-history":[{"count":0,"href":"https:\/\/socap.nl\/fr\/wp-json\/wp\/v2\/product\/8063\/revisions"}],"wp:featuredmedia":[{"embeddable":true,"href":"https:\/\/socap.nl\/fr\/wp-json\/wp\/v2\/media\/19980"}],"wp:attachment":[{"href":"https:\/\/socap.nl\/fr\/wp-json\/wp\/v2\/media?parent=8063"}],"wp:term":[{"taxonomy":"product_cat","embeddable":true,"href":"https:\/\/socap.nl\/fr\/wp-json\/wp\/v2\/product_cat?post=8063"},{"taxonomy":"product_tag","embeddable":true,"href":"https:\/\/socap.nl\/fr\/wp-json\/wp\/v2\/product_tag?post=8063"}],"curies":[{"name":"wp","href":"https:\/\/api.w.org\/{rel}","templated":true}]}}