
{"id":7924,"date":"2024-04-22T15:19:53","date_gmt":"2024-04-22T13:19:53","guid":{"rendered":"https:\/\/socap.nl\/?post_type=product&#038;p=7924"},"modified":"2025-05-25T19:09:32","modified_gmt":"2025-05-25T17:09:32","slug":"kis-oxy-cream","status":"publish","type":"product","link":"https:\/\/socap.nl\/nl\/product\/kis-oxy-creme\/","title":{"rendered":"KIS Oxy-Cr\u00e8me %"},"content":{"rendered":"<p><strong>WAT IS HET?<\/strong><\/p>\n<div class=\"jhH5U\">\n<div id=\"tw-ob\" class=\"tw-src-ltr\">\n<div class=\"oSioSc\">\n<div id=\"tw-target\">\n<div id=\"kAz1tf\" class=\"g9WsWb\">\n<div id=\"tw-target-text-container\" class=\"tw-ta-container hide-focus-ring tw-nfl\" tabindex=\"0\">\n<p id=\"tw-target-text\" class=\"tw-data-text tw-text-large XcVN5d tw-ta\" dir=\"ltr\" data-placeholder=\"Translation\"><span lang=\"en\">KIS OxyCr\u00e8me is een eenvoudig te mengen en aan te brengen waterstofperoxide, met hydraterende ingredi\u00ebnten om haar en huid te beschermen. KIS OxyCr\u00e8me bevat, net als alle andere producten, het Keratin Infusion System voor optimale kleurresultaten. KIS OxyCr\u00e8me is verkrijgbaar in verschillende percentages: 3%, 6%, 9% en 12%.<\/span><\/p>\n<\/div>\n<\/div>\n<\/div>\n<\/div>\n<\/div>\n<\/div>","protected":false},"excerpt":{"rendered":"<p>WAT IS HET? KIS OxyCr\u00e8me is een eenvoudig te mengen en aan te brengen waterstofperoxide, met hydraterende ingredi\u00ebnten om haar en huid te beschermen. KIS OxyCr\u00e8me bevat, net als alle andere producten, het Keratin Infusion System voor optimale kleurresultaten. KIS OxyCr\u00e8me is verkrijgbaar in verschillende percentages: 3%, 6%, 9% en 12%.<\/p>","protected":false},"featured_media":19979,"template":"","meta":[],"product_cat":[924,880,879,925],"product_tag":[],"class_list":{"0":"post-7924","1":"product","2":"type-product","3":"status-publish","4":"has-post-thumbnail","6":"product_brand-shehair-extensions","7":"product_cat-all-products","8":"product_cat-kis","9":"product_cat-kis-color","10":"product_cat-she-hair-extensions","12":"first","13":"instock","14":"taxable","15":"shipping-taxable","16":"purchasable","17":"product-type-variable"},"_links":{"self":[{"href":"https:\/\/socap.nl\/nl\/wp-json\/wp\/v2\/product\/7924","targetHints":{"allow":["GET"]}}],"collection":[{"href":"https:\/\/socap.nl\/nl\/wp-json\/wp\/v2\/product"}],"about":[{"href":"https:\/\/socap.nl\/nl\/wp-json\/wp\/v2\/types\/product"}],"version-history":[{"count":0,"href":"https:\/\/socap.nl\/nl\/wp-json\/wp\/v2\/product\/7924\/revisions"}],"wp:featuredmedia":[{"embeddable":true,"href":"https:\/\/socap.nl\/nl\/wp-json\/wp\/v2\/media\/19979"}],"wp:attachment":[{"href":"https:\/\/socap.nl\/nl\/wp-json\/wp\/v2\/media?parent=7924"}],"wp:term":[{"taxonomy":"product_cat","embeddable":true,"href":"https:\/\/socap.nl\/nl\/wp-json\/wp\/v2\/product_cat?post=7924"},{"taxonomy":"product_tag","embeddable":true,"href":"https:\/\/socap.nl\/nl\/wp-json\/wp\/v2\/product_tag?post=7924"}],"curies":[{"name":"wp","href":"https:\/\/api.w.org\/{rel}","templated":true}]}}